{"id":134,"date":"2022-04-21T16:01:03","date_gmt":"2022-04-21T16:01:03","guid":{"rendered":"https:\/\/hubertus-boltenhagen.simonmista.de\/?page_id=134"},"modified":"2022-08-09T23:07:01","modified_gmt":"2022-08-09T21:07:01","slug":"house-hubertus","status":"publish","type":"page","link":"https:\/\/www.hubertus-boltenhagen.de\/en\/haus-hubertus\/","title":{"rendered":"Hubertus House"},"content":{"rendered":"<div class=\"wpb-content-wrapper\"><div class=\"vc_row wpb_row vc_row-fluid vc_row-o-equal-height vc_row-o-content-top vc_row-flex\"><div class=\"wpb_column vc_column_container vc_col-sm-4\"><div class=\"vc_column-inner\"><div class=\"wpb_wrapper\">\n\t<div  class=\"wpb_single_image wpb_content_element vc_align_left wpb_content_element  preview-image\">\n\t\t\n\t\t<figure class=\"wpb_wrapper vc_figure\">\n\t\t\t<div class=\"vc_single_image-wrapper   vc_box_border_grey\"><img decoding=\"async\" width=\"450\" height=\"300\" src=\"https:\/\/www.hubertus-boltenhagen.de\/app\/uploads\/2022\/07\/HausHubertus_Aussen-0955-450x300.jpg\" class=\"vc_single_image-img attachment-medium\" alt=\"Old, ivy-covered house under green trees against a clear sky.\" title=\"HouseHubertus_Exterior-0955\" srcset=\"https:\/\/www.hubertus-boltenhagen.de\/app\/uploads\/2022\/07\/HausHubertus_Aussen-0955-450x300.jpg 450w, https:\/\/www.hubertus-boltenhagen.de\/app\/uploads\/2022\/07\/HausHubertus_Aussen-0955-1024x683.jpg 1024w, https:\/\/www.hubertus-boltenhagen.de\/app\/uploads\/2022\/07\/HausHubertus_Aussen-0955-768x512.jpg 768w, https:\/\/www.hubertus-boltenhagen.de\/app\/uploads\/2022\/07\/HausHubertus_Aussen-0955-1536x1024.jpg 1536w, https:\/\/www.hubertus-boltenhagen.de\/app\/uploads\/2022\/07\/HausHubertus_Aussen-0955-scaled.jpg 2048w, https:\/\/www.hubertus-boltenhagen.de\/app\/uploads\/2022\/07\/HausHubertus_Aussen-0955-600x400.jpg 600w\" sizes=\"(max-width: 450px) 100vw, 450px\" \/><\/div>\n\t\t<\/figure>\n\t<\/div>\n<h2 style=\"text-align: left\" class=\"vc_custom_heading vc_do_custom_heading headline-style-2\" ><a href=\"https:\/\/www.hubertus-boltenhagen.de\/haus-hubertus\/die-strandvilla\/\">The beach villa<\/a><\/h2>\n\t<div class=\"wpb_text_column wpb_content_element\" >\n\t\t<div class=\"wpb_wrapper\">\n\t\t\t<p>Where is the beach villa located and what awaits you there? Who is your host? What are the facilities like?<\/p>\n<p>What I always wanted to know about Haus Hubertus....<\/p>\n\n\t\t<\/div>\n\t<\/div>\n<div class=\"vc_btn3-container  btn-style-1 vc_btn3-inline vc_do_btn\" ><a class=\"vc_general vc_btn3 vc_btn3-size-md vc_btn3-shape-rounded vc_btn3-style-modern vc_btn3-color-grey\" href=\"https:\/\/www.hubertus-boltenhagen.de\/haus-hubertus\/die-strandvilla\/\" title=\"Beach Sea\">that is available in Hubertus<\/a><\/div><\/div><\/div><\/div><div class=\"wpb_column vc_column_container vc_col-sm-4\"><div class=\"vc_column-inner\"><div class=\"wpb_wrapper\">\n\t<div  class=\"wpb_single_image wpb_content_element vc_align_left wpb_content_element  preview-image\">\n\t\t\n\t\t<figure class=\"wpb_wrapper vc_figure\">\n\t\t\t<div class=\"vc_single_image-wrapper   vc_box_border_grey\"><img decoding=\"async\" class=\"vc_single_image-img\" src=\"https:\/\/www.hubertus-boltenhagen.de\/app\/uploads\/2022\/07\/IMG_6584-2-scaled-500x400.jpg\" width=\"500\" height=\"400\" alt=\"Abstract composition with geometric shapes and lines in vibrant colors.\" title=\"IMG_6584 (2)\" \/><\/div>\n\t\t<\/figure>\n\t<\/div>\n<h2 style=\"text-align: left\" class=\"vc_custom_heading vc_do_custom_heading headline-style-2\" ><a href=\"https:\/\/www.hubertus-boltenhagen.de\/haus-hubertus\/kunst-malerei\/\" title=\"History\">Art &amp; Painting<\/a><\/h2>\n\t<div class=\"wpb_text_column wpb_content_element\" >\n\t\t<div class=\"wpb_wrapper\">\n\t\t\t<p>At Haus Hubertus, art and culture lovers will get their money's worth. Not only because the suites are dedicated to a painter and equipped with related literature, there are other artistic features.<\/p>\n<p>A molten glass artist has designed washbasins and shower doors in the bathrooms, motifs such as fish, seahorses and shells can be found in them.<\/p>\n<p>Occasionally, the Hubertus also hosts events, convivial campfire evenings, concerts and literary salons.<\/p>\n<p>Friends of the house and guests are welcome!<\/p>\n\n\t\t<\/div>\n\t<\/div>\n<div class=\"vc_btn3-container  btn-style-1 vc_btn3-inline vc_do_btn\" ><a class=\"vc_general vc_btn3 vc_btn3-size-md vc_btn3-shape-rounded vc_btn3-style-modern vc_btn3-color-grey\" href=\"https:\/\/www.hubertus-boltenhagen.de\/haus-hubertus\/kunst-malerei\/\" title=\"Beach Sea\">Interested in art?<\/a><\/div><\/div><\/div><\/div><div class=\"wpb_column vc_column_container vc_col-sm-4\"><div class=\"vc_column-inner\"><div class=\"wpb_wrapper\">\n\t<div  class=\"wpb_single_image wpb_content_element vc_align_left wpb_content_element  preview-image\">\n\t\t\n\t\t<figure class=\"wpb_wrapper vc_figure\">\n\t\t\t<div class=\"vc_single_image-wrapper   vc_box_border_grey\"><img decoding=\"async\" class=\"vc_single_image-img\" src=\"https:\/\/www.hubertus-boltenhagen.de\/app\/uploads\/2022\/07\/20220702_184146-2-scaled-500x400.jpg\" width=\"500\" height=\"400\" alt=\"Two white birds fly over a white circle on a blue background.\" title=\"20220702_184146 (2)\" \/><\/div>\n\t\t<\/figure>\n\t<\/div>\n<h2 style=\"text-align: left\" class=\"vc_custom_heading vc_do_custom_heading headline-style-2\" ><a href=\"https:\/\/www.hubertus-boltenhagen.de\/haus-hubertus\/historie\/\">History<\/a><\/h2>\n\t<div class=\"wpb_text_column wpb_content_element\" >\n\t\t<div class=\"wpb_wrapper\">\n\t\t\t<p>The spa culture has its roots on the Baltic Sea <span style=\"font-size: 1rem;\">a long tradition <\/span><span style=\"font-size: 1rem;\">And so the Hubertus house was built over 100 years ago as a private beach villa to experience the \u201csummer freshness\u201d.<\/span><\/p>\n\n\t\t<\/div>\n\t<\/div>\n<div class=\"vc_btn3-container  btn-style-1 vc_btn3-inline vc_do_btn\" ><a class=\"vc_general vc_btn3 vc_btn3-size-md vc_btn3-shape-rounded vc_btn3-style-modern vc_btn3-color-grey\" href=\"https:\/\/www.hubertus-boltenhagen.de\/haus-hubertus\/historie\/\" title=\"Beach Sea\">that&#039;s how it all started<\/a><\/div><\/div><\/div><\/div><\/div>\n<\/div>","protected":false},"excerpt":{"rendered":"The Strandvilla Where is the Strandvilla located and what can you expect there? Who is your host? What are the facilities like? What I always wanted to know about Haus Hubertus.... What's on offer at Hubertus Art &amp; Painting At Haus Hubertus, art and culture enthusiasts get their money's worth. Not only because the suites are dedicated to a painter ...","protected":false},"author":1,"featured_media":0,"parent":0,"menu_order":0,"comment_status":"closed","ping_status":"closed","template":"","meta":{"_acf_changed":false,"footnotes":""},"class_list":["post-134","page","type-page","status-publish","hentry"],"acf":[],"aioseo_notices":[],"aioseo_head":"\n\t\t<!-- All in One SEO Pro 4.9.5.2 - aioseo.com -->\n\t<meta name=\"description\" content=\"Das Haus Hubertus ist eine der \u00e4ltesten Strandvillen im Ostseebad Boltenhagen. Ein mit viel Liebe erhaltenes historisches Geb\u00e4ude mit acht Ferienwohnungen und Immobilienb\u00fcro.\" \/>\n\t<meta name=\"robots\" content=\"max-image-preview:large\" \/>\n\t<link rel=\"canonical\" href=\"https:\/\/www.hubertus-boltenhagen.de\/en\/haus-hubertus\/\" \/>\n\t<meta name=\"generator\" content=\"All in One SEO Pro (AIOSEO) 4.9.5.2\" \/>\n\t\t<meta property=\"og:locale\" content=\"en_US\" \/>\n\t\t<meta property=\"og:site_name\" content=\"Hubertus Boltenhagen \u2013 die Strandvilla\" \/>\n\t\t<meta property=\"og:type\" content=\"article\" \/>\n\t\t<meta property=\"og:title\" content=\"Haus Hubertus \u2013 Hubertus Boltenhagen\" \/>\n\t\t<meta property=\"og:description\" content=\"Das Haus Hubertus ist eine der \u00e4ltesten Strandvillen im Ostseebad Boltenhagen. Ein mit viel Liebe erhaltenes historisches Geb\u00e4ude mit acht Ferienwohnungen und Immobilienb\u00fcro.\" \/>\n\t\t<meta property=\"og:url\" content=\"https:\/\/www.hubertus-boltenhagen.de\/en\/haus-hubertus\/\" \/>\n\t\t<meta property=\"og:image\" content=\"https:\/\/www.hubertus-boltenhagen.de\/app\/uploads\/2022\/07\/HausHubertus_Aussen-0955-scaled.jpg\" \/>\n\t\t<meta property=\"og:image:secure_url\" content=\"https:\/\/www.hubertus-boltenhagen.de\/app\/uploads\/2022\/07\/HausHubertus_Aussen-0955-scaled.jpg\" \/>\n\t\t<meta property=\"article:published_time\" content=\"2022-04-21T16:01:03+00:00\" \/>\n\t\t<meta property=\"article:modified_time\" content=\"2022-08-09T21:07:01+00:00\" \/>\n\t\t<meta name=\"twitter:card\" content=\"summary_large_image\" \/>\n\t\t<meta name=\"twitter:title\" content=\"Haus Hubertus \u2013 Hubertus Boltenhagen\" \/>\n\t\t<meta name=\"twitter:description\" content=\"Das Haus Hubertus ist eine der \u00e4ltesten Strandvillen im Ostseebad Boltenhagen. Ein mit viel Liebe erhaltenes historisches Geb\u00e4ude mit acht Ferienwohnungen und Immobilienb\u00fcro.\" \/>\n\t\t<meta name=\"twitter:image\" content=\"https:\/\/www.hubertus-boltenhagen.de\/app\/uploads\/2022\/07\/HausHubertus_Aussen-0955-scaled.jpg\" \/>\n\t\t<script type=\"application\/ld+json\" class=\"aioseo-schema\">\n\t\t\t{\"@context\":\"https:\\\/\\\/schema.org\",\"@graph\":[{\"@type\":\"BreadcrumbList\",\"@id\":\"https:\\\/\\\/www.hubertus-boltenhagen.de\\\/en\\\/haus-hubertus\\\/#breadcrumblist\",\"itemListElement\":[{\"@type\":\"ListItem\",\"@id\":\"https:\\\/\\\/www.hubertus-boltenhagen.de\\\/en#listItem\",\"position\":1,\"name\":\"Home\",\"item\":\"https:\\\/\\\/www.hubertus-boltenhagen.de\\\/en\",\"nextItem\":{\"@type\":\"ListItem\",\"@id\":\"https:\\\/\\\/www.hubertus-boltenhagen.de\\\/en\\\/haus-hubertus\\\/#listItem\",\"name\":\"Haus Hubertus\"}},{\"@type\":\"ListItem\",\"@id\":\"https:\\\/\\\/www.hubertus-boltenhagen.de\\\/en\\\/haus-hubertus\\\/#listItem\",\"position\":2,\"name\":\"Haus Hubertus\",\"previousItem\":{\"@type\":\"ListItem\",\"@id\":\"https:\\\/\\\/www.hubertus-boltenhagen.de\\\/en#listItem\",\"name\":\"Home\"}}]},{\"@type\":\"Organization\",\"@id\":\"https:\\\/\\\/www.hubertus-boltenhagen.de\\\/en\\\/#organization\",\"name\":\"Hubertus Boltenhagen\",\"description\":\"die Strandvilla\",\"url\":\"https:\\\/\\\/www.hubertus-boltenhagen.de\\\/en\\\/\",\"telephone\":\"+49388259300\",\"logo\":{\"@type\":\"ImageObject\",\"url\":\"https:\\\/\\\/www.hubertus-boltenhagen.de\\\/app\\\/themes\\\/subtheme-simonmista\\\/assets\\\/img\\\/logo.svg\",\"@id\":\"https:\\\/\\\/www.hubertus-boltenhagen.de\\\/en\\\/haus-hubertus\\\/#organizationLogo\"},\"image\":{\"@id\":\"https:\\\/\\\/www.hubertus-boltenhagen.de\\\/en\\\/haus-hubertus\\\/#organizationLogo\"}},{\"@type\":\"WebPage\",\"@id\":\"https:\\\/\\\/www.hubertus-boltenhagen.de\\\/en\\\/haus-hubertus\\\/#webpage\",\"url\":\"https:\\\/\\\/www.hubertus-boltenhagen.de\\\/en\\\/haus-hubertus\\\/\",\"name\":\"Haus Hubertus \\u2013 Hubertus Boltenhagen\",\"description\":\"Das Haus Hubertus ist eine der \\u00e4ltesten Strandvillen im Ostseebad Boltenhagen. Ein mit viel Liebe erhaltenes historisches Geb\\u00e4ude mit acht Ferienwohnungen und Immobilienb\\u00fcro.\",\"inLanguage\":\"en-US\",\"isPartOf\":{\"@id\":\"https:\\\/\\\/www.hubertus-boltenhagen.de\\\/en\\\/#website\"},\"breadcrumb\":{\"@id\":\"https:\\\/\\\/www.hubertus-boltenhagen.de\\\/en\\\/haus-hubertus\\\/#breadcrumblist\"},\"datePublished\":\"2022-04-21T16:01:03+02:00\",\"dateModified\":\"2022-08-09T23:07:01+02:00\"},{\"@type\":\"WebSite\",\"@id\":\"https:\\\/\\\/www.hubertus-boltenhagen.de\\\/en\\\/#website\",\"url\":\"https:\\\/\\\/www.hubertus-boltenhagen.de\\\/en\\\/\",\"name\":\"Hubertus Boltenhagen\",\"description\":\"die Strandvilla\",\"inLanguage\":\"en-US\",\"publisher\":{\"@id\":\"https:\\\/\\\/www.hubertus-boltenhagen.de\\\/en\\\/#organization\"}}]}\n\t\t<\/script>\n\t\t<!-- All in One SEO Pro -->\r\n\t\t<title>Haus Hubertus \u2013 Hubertus Boltenhagen<\/title>\n\n","aioseo_head_json":{"title":"Hubertus House \u2013 Hubertus Boltenhagen","description":"Haus Hubertus is one of the oldest beach villas in the Baltic Sea resort of Boltenhagen. A lovingly preserved historic building with eight holiday apartments and a real estate office.","canonical_url":"https:\/\/www.hubertus-boltenhagen.de\/en\/haus-hubertus\/","robots":"max-image-preview:large","keywords":"","webmasterTools":{"miscellaneous":""},"schema":{"@context":"https:\/\/schema.org","@graph":[{"@type":"BreadcrumbList","@id":"https:\/\/www.hubertus-boltenhagen.de\/en\/haus-hubertus\/#breadcrumblist","itemListElement":[{"@type":"ListItem","@id":"https:\/\/www.hubertus-boltenhagen.de\/en#listItem","position":1,"name":"Home","item":"https:\/\/www.hubertus-boltenhagen.de\/en","nextItem":{"@type":"ListItem","@id":"https:\/\/www.hubertus-boltenhagen.de\/en\/haus-hubertus\/#listItem","name":"Haus Hubertus"}},{"@type":"ListItem","@id":"https:\/\/www.hubertus-boltenhagen.de\/en\/haus-hubertus\/#listItem","position":2,"name":"Haus Hubertus","previousItem":{"@type":"ListItem","@id":"https:\/\/www.hubertus-boltenhagen.de\/en#listItem","name":"Home"}}]},{"@type":"Organization","@id":"https:\/\/www.hubertus-boltenhagen.de\/en\/#organization","name":"Hubertus Boltenhagen","description":"die Strandvilla","url":"https:\/\/www.hubertus-boltenhagen.de\/en\/","telephone":"+49388259300","logo":{"@type":"ImageObject","url":"https:\/\/www.hubertus-boltenhagen.de\/app\/themes\/subtheme-simonmista\/assets\/img\/logo.svg","@id":"https:\/\/www.hubertus-boltenhagen.de\/en\/haus-hubertus\/#organizationLogo"},"image":{"@id":"https:\/\/www.hubertus-boltenhagen.de\/en\/haus-hubertus\/#organizationLogo"}},{"@type":"WebPage","@id":"https:\/\/www.hubertus-boltenhagen.de\/en\/haus-hubertus\/#webpage","url":"https:\/\/www.hubertus-boltenhagen.de\/en\/haus-hubertus\/","name":"Haus Hubertus \u2013 Hubertus Boltenhagen","description":"Das Haus Hubertus ist eine der \u00e4ltesten Strandvillen im Ostseebad Boltenhagen. Ein mit viel Liebe erhaltenes historisches Geb\u00e4ude mit acht Ferienwohnungen und Immobilienb\u00fcro.","inLanguage":"en-US","isPartOf":{"@id":"https:\/\/www.hubertus-boltenhagen.de\/en\/#website"},"breadcrumb":{"@id":"https:\/\/www.hubertus-boltenhagen.de\/en\/haus-hubertus\/#breadcrumblist"},"datePublished":"2022-04-21T16:01:03+02:00","dateModified":"2022-08-09T23:07:01+02:00"},{"@type":"WebSite","@id":"https:\/\/www.hubertus-boltenhagen.de\/en\/#website","url":"https:\/\/www.hubertus-boltenhagen.de\/en\/","name":"Hubertus Boltenhagen","description":"die Strandvilla","inLanguage":"en-US","publisher":{"@id":"https:\/\/www.hubertus-boltenhagen.de\/en\/#organization"}}]},"og:locale":"en_US","og:site_name":"Hubertus Boltenhagen \u2013 die Strandvilla","og:type":"article","og:title":"Haus Hubertus \u2013 Hubertus Boltenhagen","og:description":"Das Haus Hubertus ist eine der \u00e4ltesten Strandvillen im Ostseebad Boltenhagen. Ein mit viel Liebe erhaltenes historisches Geb\u00e4ude mit acht Ferienwohnungen und Immobilienb\u00fcro.","og:url":"https:\/\/www.hubertus-boltenhagen.de\/en\/haus-hubertus\/","og:image":"https:\/\/www.hubertus-boltenhagen.de\/app\/uploads\/2022\/07\/HausHubertus_Aussen-0955-scaled.jpg","og:image:secure_url":"https:\/\/www.hubertus-boltenhagen.de\/app\/uploads\/2022\/07\/HausHubertus_Aussen-0955-scaled.jpg","article:published_time":"2022-04-21T16:01:03+00:00","article:modified_time":"2022-08-09T21:07:01+00:00","twitter:card":"summary_large_image","twitter:title":"Haus Hubertus \u2013 Hubertus Boltenhagen","twitter:description":"Das Haus Hubertus ist eine der \u00e4ltesten Strandvillen im Ostseebad Boltenhagen. Ein mit viel Liebe erhaltenes historisches Geb\u00e4ude mit acht Ferienwohnungen und Immobilienb\u00fcro.","twitter:image":"https:\/\/www.hubertus-boltenhagen.de\/app\/uploads\/2022\/07\/HausHubertus_Aussen-0955-scaled.jpg"},"aioseo_meta_data":{"post_id":"134","title":null,"description":"Haus Hubertus is one of the oldest beach villas in the Baltic Sea resort of Boltenhagen. A lovingly preserved historic building with eight holiday apartments and a real estate office.","keywords":[],"keyphrases":{"focus":{"keyphrase":"","score":0,"analysis":{"keyphraseInTitle":{"score":0,"maxScore":9,"error":1}}},"additional":[]},"primary_term":null,"canonical_url":null,"og_title":null,"og_description":null,"og_object_type":"default","og_image_type":"default","og_image_url":null,"og_image_width":null,"og_image_height":null,"og_image_custom_url":null,"og_image_custom_fields":null,"og_video":"","og_custom_url":null,"og_article_section":null,"og_article_tags":[],"twitter_use_og":false,"twitter_card":"default","twitter_image_type":"default","twitter_image_url":null,"twitter_image_custom_url":null,"twitter_image_custom_fields":null,"twitter_title":null,"twitter_description":null,"schema":{"blockGraphs":[],"customGraphs":[],"default":{"data":{"Article":[],"Course":[],"Dataset":[],"FAQPage":[],"Movie":[],"Person":[],"Product":[],"ProductReview":[],"Car":[],"Recipe":[],"Service":[],"SoftwareApplication":[],"WebPage":[]},"graphName":"","isEnabled":true},"graphs":[],"defaultGraph":"WebPage","defaultPostTypeGraph":""},"schema_type":"default","schema_type_options":"{\"article\":{\"articleType\":\"BlogPosting\"},\"course\":{\"name\":\"\",\"description\":\"\",\"provider\":\"\"},\"faq\":{\"pages\":[]},\"product\":{\"reviews\":[]},\"recipe\":{\"ingredients\":[],\"instructions\":[],\"keywords\":[]},\"software\":{\"reviews\":[],\"operatingSystems\":[]},\"webPage\":{\"webPageType\":\"WebPage\"},\"blockGraphs\":[]}","pillar_content":false,"robots_default":true,"robots_noindex":false,"robots_noarchive":false,"robots_nosnippet":false,"robots_nofollow":false,"robots_noimageindex":false,"robots_noodp":false,"robots_notranslate":false,"robots_max_snippet":"-1","robots_max_videopreview":"-1","robots_max_imagepreview":"large","priority":null,"frequency":"default","local_seo":null,"seo_analyzer_scan_date":"2025-08-19 14:00:08","breadcrumb_settings":null,"limit_modified_date":false,"open_ai":null,"ai":null,"created":"2022-04-21 16:01:03","updated":"2025-10-25 08:20:04"},"aioseo_breadcrumb":"<div class=\"aioseo-breadcrumbs\"><span class=\"aioseo-breadcrumb\">\n\t<a href=\"https:\/\/www.hubertus-boltenhagen.de\/en\" title=\"Home\">Home<\/a>\n<\/span><span class=\"aioseo-breadcrumb-separator\">\u203a<\/span><span class=\"aioseo-breadcrumb\">\n\tHaus Hubertus\n<\/span><\/div>","aioseo_breadcrumb_json":[{"label":"Home","link":"https:\/\/www.hubertus-boltenhagen.de\/en"},{"label":"Haus Hubertus","link":"https:\/\/www.hubertus-boltenhagen.de\/en\/haus-hubertus\/"}],"_links":{"self":[{"href":"https:\/\/www.hubertus-boltenhagen.de\/en\/wp-json\/wp\/v2\/pages\/134","targetHints":{"allow":["GET"]}}],"collection":[{"href":"https:\/\/www.hubertus-boltenhagen.de\/en\/wp-json\/wp\/v2\/pages"}],"about":[{"href":"https:\/\/www.hubertus-boltenhagen.de\/en\/wp-json\/wp\/v2\/types\/page"}],"author":[{"embeddable":true,"href":"https:\/\/www.hubertus-boltenhagen.de\/en\/wp-json\/wp\/v2\/users\/1"}],"replies":[{"embeddable":true,"href":"https:\/\/www.hubertus-boltenhagen.de\/en\/wp-json\/wp\/v2\/comments?post=134"}],"version-history":[{"count":30,"href":"https:\/\/www.hubertus-boltenhagen.de\/en\/wp-json\/wp\/v2\/pages\/134\/revisions"}],"predecessor-version":[{"id":1551,"href":"https:\/\/www.hubertus-boltenhagen.de\/en\/wp-json\/wp\/v2\/pages\/134\/revisions\/1551"}],"wp:attachment":[{"href":"https:\/\/www.hubertus-boltenhagen.de\/en\/wp-json\/wp\/v2\/media?parent=134"}],"curies":[{"name":"wp","href":"https:\/\/api.w.org\/{rel}","templated":true}]}}