{"id":149,"date":"2022-04-21T16:01:33","date_gmt":"2022-04-21T16:01:33","guid":{"rendered":"https:\/\/hubertus-boltenhagen.simonmista.de\/?page_id=149"},"modified":"2022-08-09T23:22:56","modified_gmt":"2022-08-09T21:22:56","slug":"beach-sea","status":"publish","type":"page","link":"https:\/\/www.hubertus-boltenhagen.de\/en\/strand-meer\/","title":{"rendered":"Beach Sea"},"content":{"rendered":"<div class=\"wpb-content-wrapper\"><div class=\"vc_row wpb_row vc_row-fluid description-height\"><div class=\"wpb_column vc_column_container vc_col-sm-4\"><div class=\"vc_column-inner\"><div class=\"wpb_wrapper\">\n\t<div  class=\"wpb_single_image wpb_content_element vc_align_left wpb_content_element  preview-image\">\n\t\t\n\t\t<figure class=\"wpb_wrapper vc_figure\">\n\t\t\t<div class=\"vc_single_image-wrapper   vc_box_border_grey\"><img decoding=\"async\" width=\"2048\" height=\"1536\" src=\"https:\/\/www.hubertus-boltenhagen.de\/app\/uploads\/2022\/06\/IMG_20210212_172558-scaled.jpg\" class=\"vc_single_image-img attachment-full\" alt=\"Snow-covered coastline at sunset, calm sea, clear skies.\" title=\"IMG_20210212_172558\" srcset=\"https:\/\/www.hubertus-boltenhagen.de\/app\/uploads\/2022\/06\/IMG_20210212_172558-scaled.jpg 2048w, https:\/\/www.hubertus-boltenhagen.de\/app\/uploads\/2022\/06\/IMG_20210212_172558-450x338.jpg 450w, https:\/\/www.hubertus-boltenhagen.de\/app\/uploads\/2022\/06\/IMG_20210212_172558-1024x768.jpg 1024w, https:\/\/www.hubertus-boltenhagen.de\/app\/uploads\/2022\/06\/IMG_20210212_172558-768x576.jpg 768w, https:\/\/www.hubertus-boltenhagen.de\/app\/uploads\/2022\/06\/IMG_20210212_172558-1536x1152.jpg 1536w, https:\/\/www.hubertus-boltenhagen.de\/app\/uploads\/2022\/06\/IMG_20210212_172558-400x300.jpg 400w, https:\/\/www.hubertus-boltenhagen.de\/app\/uploads\/2022\/06\/IMG_20210212_172558-600x450.jpg 600w\" sizes=\"(max-width: 2048px) 100vw, 2048px\" \/><\/div>\n\t\t<\/figure>\n\t<\/div>\n<h2 style=\"text-align: left\" class=\"vc_custom_heading vc_do_custom_heading headline-style-2\" >Summer Winter<\/h2>\n\t<div class=\"wpb_text_column wpb_content_element\" >\n\t\t<div class=\"wpb_wrapper\">\n\t\t\t<p>Nice and warm in summer, nice and cold in winter. In any case, the Baltic Sea is particularly relaxing!<\/p>\n<p>The salty Baltic Sea air is also good for body and mind.<\/p>\n\n\t\t<\/div>\n\t<\/div>\n<div class=\"vc_btn3-container  btn-style-1 vc_btn3-inline vc_do_btn\" ><a class=\"vc_general vc_btn3 vc_btn3-size-md vc_btn3-shape-rounded vc_btn3-style-modern vc_btn3-color-grey\" href=\"https:\/\/www.hubertus-boltenhagen.de\/strand-meer\/sommer-winter\/\" title=\"Summer Winter\">Baltic Sea impressions<\/a><\/div><\/div><\/div><\/div><div class=\"wpb_column vc_column_container vc_col-sm-4\"><div class=\"vc_column-inner\"><div class=\"wpb_wrapper\">\n\t<div  class=\"wpb_single_image wpb_content_element vc_align_left wpb_content_element  preview-image\">\n\t\t\n\t\t<figure class=\"wpb_wrapper vc_figure\">\n\t\t\t<div class=\"vc_single_image-wrapper   vc_box_border_grey\"><img decoding=\"async\" width=\"1600\" height=\"1200\" src=\"https:\/\/www.hubertus-boltenhagen.de\/app\/uploads\/2022\/06\/IMG-20200521-WA0010.jpg\" class=\"vc_single_image-img attachment-full\" alt=\"Green cliff meadow with a view of the blue sea under a clear sky.\" title=\"IMG-20200521-WA0010\" srcset=\"https:\/\/www.hubertus-boltenhagen.de\/app\/uploads\/2022\/06\/IMG-20200521-WA0010.jpg 1600w, https:\/\/www.hubertus-boltenhagen.de\/app\/uploads\/2022\/06\/IMG-20200521-WA0010-450x338.jpg 450w, https:\/\/www.hubertus-boltenhagen.de\/app\/uploads\/2022\/06\/IMG-20200521-WA0010-1024x768.jpg 1024w, https:\/\/www.hubertus-boltenhagen.de\/app\/uploads\/2022\/06\/IMG-20200521-WA0010-768x576.jpg 768w, https:\/\/www.hubertus-boltenhagen.de\/app\/uploads\/2022\/06\/IMG-20200521-WA0010-1536x1152.jpg 1536w, https:\/\/www.hubertus-boltenhagen.de\/app\/uploads\/2022\/06\/IMG-20200521-WA0010-400x300.jpg 400w, https:\/\/www.hubertus-boltenhagen.de\/app\/uploads\/2022\/06\/IMG-20200521-WA0010-600x450.jpg 600w\" sizes=\"(max-width: 1600px) 100vw, 1600px\" \/><\/div>\n\t\t<\/figure>\n\t<\/div>\n<h2 style=\"text-align: left\" class=\"vc_custom_heading vc_do_custom_heading headline-style-2\" >Cliff<\/h2>\n\t<div class=\"wpb_text_column wpb_content_element\" >\n\t\t<div class=\"wpb_wrapper\">\n\t\t\t<p>The special thing about the Baltic Sea resort of Boltenhagen is the cliffs in the west, which rise to around 35 meters.<\/p>\n<p>Fancy a hike at the foot of the cliffs?<\/p>\n\n\t\t<\/div>\n\t<\/div>\n<div class=\"vc_btn3-container  btn-style-1 vc_btn3-inline vc_do_btn\" ><a class=\"vc_general vc_btn3 vc_btn3-size-md vc_btn3-shape-rounded vc_btn3-style-modern vc_btn3-color-grey\" href=\"https:\/\/www.hubertus-boltenhagen.de\/strand-meer\/steilkueste\/\" title=\"Cliff\">Hikes along the cliffs<\/a><\/div><\/div><\/div><\/div><div class=\"wpb_column vc_column_container vc_col-sm-4\"><div class=\"vc_column-inner\"><div class=\"wpb_wrapper\">\n\t<div  class=\"wpb_single_image wpb_content_element vc_align_left wpb_content_element  preview-image\">\n\t\t\n\t\t<figure class=\"wpb_wrapper vc_figure\">\n\t\t\t<div class=\"vc_single_image-wrapper   vc_box_border_grey\"><img decoding=\"async\" width=\"1024\" height=\"768\" src=\"https:\/\/www.hubertus-boltenhagen.de\/app\/uploads\/2022\/06\/IMG-20220625-WA0000.jpg\" class=\"vc_single_image-img attachment-full\" alt=\"Beach chairs on the sandy Baltic Sea beach at sunset.\" title=\"IMG-20220625-WA0000\" srcset=\"https:\/\/www.hubertus-boltenhagen.de\/app\/uploads\/2022\/06\/IMG-20220625-WA0000.jpg 1024w, https:\/\/www.hubertus-boltenhagen.de\/app\/uploads\/2022\/06\/IMG-20220625-WA0000-450x338.jpg 450w, https:\/\/www.hubertus-boltenhagen.de\/app\/uploads\/2022\/06\/IMG-20220625-WA0000-768x576.jpg 768w, https:\/\/www.hubertus-boltenhagen.de\/app\/uploads\/2022\/06\/IMG-20220625-WA0000-400x300.jpg 400w, https:\/\/www.hubertus-boltenhagen.de\/app\/uploads\/2022\/06\/IMG-20220625-WA0000-600x450.jpg 600w\" sizes=\"(max-width: 1024px) 100vw, 1024px\" \/><\/div>\n\t\t<\/figure>\n\t<\/div>\n<h2 style=\"text-align: left\" class=\"vc_custom_heading vc_do_custom_heading headline-style-2\" >Beach entrances<\/h2>\n\t<div class=\"wpb_text_column wpb_content_element\" >\n\t\t<div class=\"wpb_wrapper\">\n\t\t\t<p>From Haus Hubertus you can reach the sea directly in just a few steps. Beach entrances 11 and 12 are the closest.<\/p>\n<p>Dog lovers are in the right place at the dog beaches.<\/p>\n\n\t\t<\/div>\n\t<\/div>\n<div class=\"vc_btn3-container  btn-style-1 vc_btn3-inline vc_do_btn\" ><a class=\"vc_general vc_btn3 vc_btn3-size-md vc_btn3-shape-rounded vc_btn3-style-modern vc_btn3-color-grey\" href=\"https:\/\/www.hubertus-boltenhagen.de\/strand-meer\/strandaufgaenge\/\" title=\"Beach Sea\">This is how it goes!<\/a><\/div><\/div><\/div><\/div><\/div>\n<\/div>","protected":false},"excerpt":{"rendered":"Summer &amp; winter Nice and warm in summer, nice and cold in winter. Either way, the Baltic Sea is particularly relaxing! The salty Baltic Sea air is also good for body and soul. Baltic Sea impressions Steep coast The special thing about the Baltic Sea resort of Boltenhagen is the steep coast to the west, which rises up to around 35 meters. Fancy a ...","protected":false},"author":1,"featured_media":685,"parent":0,"menu_order":0,"comment_status":"closed","ping_status":"closed","template":"","meta":{"_acf_changed":false,"footnotes":""},"class_list":["post-149","page","type-page","status-publish","has-post-thumbnail","hentry"],"acf":[],"aioseo_notices":[],"aioseo_head":"\n\t\t<!-- All in One SEO Pro 4.9.5.2 - aioseo.com -->\n\t<meta name=\"description\" content=\"Sommer &amp; Winter Im Sommer sch\u00f6n warm, im Winter sch\u00f6n kalt. In jedem Fall ist es an der Ostsee besonders erholsam! Die salzhaltige Ostseeluft ist au\u00dferdem gut f\u00fcr K\u00f6rper und Geist. Ostseeimpressionen Steilk\u00fcste Das Besondere im Ostseebad Boltenhagen ist die im Westen gelegene Steilk\u00fcste, die sich bis auf ca. 35 Meter erhebt. Lust auf eine\" \/>\n\t<meta name=\"robots\" content=\"max-image-preview:large\" \/>\n\t<link rel=\"canonical\" href=\"https:\/\/www.hubertus-boltenhagen.de\/en\/strand-meer\/\" \/>\n\t<meta name=\"generator\" content=\"All in One SEO Pro (AIOSEO) 4.9.5.2\" \/>\n\t\t<meta property=\"og:locale\" content=\"en_US\" \/>\n\t\t<meta property=\"og:site_name\" content=\"Hubertus Boltenhagen \u2013 die Strandvilla\" \/>\n\t\t<meta property=\"og:type\" content=\"article\" \/>\n\t\t<meta property=\"og:title\" content=\"Strand &amp; Meer \u2013 Hubertus Boltenhagen\" \/>\n\t\t<meta property=\"og:description\" content=\"Sommer &amp; Winter Im Sommer sch\u00f6n warm, im Winter sch\u00f6n kalt. In jedem Fall ist es an der Ostsee besonders erholsam! Die salzhaltige Ostseeluft ist au\u00dferdem gut f\u00fcr K\u00f6rper und Geist. Ostseeimpressionen Steilk\u00fcste Das Besondere im Ostseebad Boltenhagen ist die im Westen gelegene Steilk\u00fcste, die sich bis auf ca. 35 Meter erhebt. Lust auf eine\" \/>\n\t\t<meta property=\"og:url\" content=\"https:\/\/www.hubertus-boltenhagen.de\/en\/strand-meer\/\" \/>\n\t\t<meta property=\"og:image\" content=\"https:\/\/www.hubertus-boltenhagen.de\/app\/uploads\/2022\/06\/IMG-20220220-WA0000.jpg\" \/>\n\t\t<meta property=\"og:image:secure_url\" content=\"https:\/\/www.hubertus-boltenhagen.de\/app\/uploads\/2022\/06\/IMG-20220220-WA0000.jpg\" \/>\n\t\t<meta property=\"og:image:width\" content=\"1440\" \/>\n\t\t<meta property=\"og:image:height\" content=\"1080\" \/>\n\t\t<meta property=\"article:published_time\" content=\"2022-04-21T16:01:33+00:00\" \/>\n\t\t<meta property=\"article:modified_time\" content=\"2022-08-09T21:22:56+00:00\" \/>\n\t\t<meta name=\"twitter:card\" content=\"summary_large_image\" \/>\n\t\t<meta name=\"twitter:title\" content=\"Strand &amp; Meer \u2013 Hubertus Boltenhagen\" \/>\n\t\t<meta name=\"twitter:description\" content=\"Sommer &amp; Winter Im Sommer sch\u00f6n warm, im Winter sch\u00f6n kalt. In jedem Fall ist es an der Ostsee besonders erholsam! Die salzhaltige Ostseeluft ist au\u00dferdem gut f\u00fcr K\u00f6rper und Geist. Ostseeimpressionen Steilk\u00fcste Das Besondere im Ostseebad Boltenhagen ist die im Westen gelegene Steilk\u00fcste, die sich bis auf ca. 35 Meter erhebt. Lust auf eine\" \/>\n\t\t<meta name=\"twitter:image\" content=\"https:\/\/www.hubertus-boltenhagen.de\/app\/uploads\/2022\/06\/IMG-20220220-WA0000.jpg\" \/>\n\t\t<script type=\"application\/ld+json\" class=\"aioseo-schema\">\n\t\t\t{\"@context\":\"https:\\\/\\\/schema.org\",\"@graph\":[{\"@type\":\"BreadcrumbList\",\"@id\":\"https:\\\/\\\/www.hubertus-boltenhagen.de\\\/en\\\/strand-meer\\\/#breadcrumblist\",\"itemListElement\":[{\"@type\":\"ListItem\",\"@id\":\"https:\\\/\\\/www.hubertus-boltenhagen.de\\\/en#listItem\",\"position\":1,\"name\":\"Home\",\"item\":\"https:\\\/\\\/www.hubertus-boltenhagen.de\\\/en\",\"nextItem\":{\"@type\":\"ListItem\",\"@id\":\"https:\\\/\\\/www.hubertus-boltenhagen.de\\\/en\\\/strand-meer\\\/#listItem\",\"name\":\"Strand &#038; Meer\"}},{\"@type\":\"ListItem\",\"@id\":\"https:\\\/\\\/www.hubertus-boltenhagen.de\\\/en\\\/strand-meer\\\/#listItem\",\"position\":2,\"name\":\"Strand &#038; Meer\",\"previousItem\":{\"@type\":\"ListItem\",\"@id\":\"https:\\\/\\\/www.hubertus-boltenhagen.de\\\/en#listItem\",\"name\":\"Home\"}}]},{\"@type\":\"Organization\",\"@id\":\"https:\\\/\\\/www.hubertus-boltenhagen.de\\\/en\\\/#organization\",\"name\":\"Hubertus Boltenhagen\",\"description\":\"die Strandvilla\",\"url\":\"https:\\\/\\\/www.hubertus-boltenhagen.de\\\/en\\\/\",\"telephone\":\"+49388259300\",\"logo\":{\"@type\":\"ImageObject\",\"url\":\"https:\\\/\\\/www.hubertus-boltenhagen.de\\\/app\\\/themes\\\/subtheme-simonmista\\\/assets\\\/img\\\/logo.svg\",\"@id\":\"https:\\\/\\\/www.hubertus-boltenhagen.de\\\/en\\\/strand-meer\\\/#organizationLogo\"},\"image\":{\"@id\":\"https:\\\/\\\/www.hubertus-boltenhagen.de\\\/en\\\/strand-meer\\\/#organizationLogo\"}},{\"@type\":\"WebPage\",\"@id\":\"https:\\\/\\\/www.hubertus-boltenhagen.de\\\/en\\\/strand-meer\\\/#webpage\",\"url\":\"https:\\\/\\\/www.hubertus-boltenhagen.de\\\/en\\\/strand-meer\\\/\",\"name\":\"Strand & Meer \\u2013 Hubertus Boltenhagen\",\"description\":\"Sommer & Winter Im Sommer sch\\u00f6n warm, im Winter sch\\u00f6n kalt. In jedem Fall ist es an der Ostsee besonders erholsam! Die salzhaltige Ostseeluft ist au\\u00dferdem gut f\\u00fcr K\\u00f6rper und Geist. Ostseeimpressionen Steilk\\u00fcste Das Besondere im Ostseebad Boltenhagen ist die im Westen gelegene Steilk\\u00fcste, die sich bis auf ca. 35 Meter erhebt. Lust auf eine\",\"inLanguage\":\"en-US\",\"isPartOf\":{\"@id\":\"https:\\\/\\\/www.hubertus-boltenhagen.de\\\/en\\\/#website\"},\"breadcrumb\":{\"@id\":\"https:\\\/\\\/www.hubertus-boltenhagen.de\\\/en\\\/strand-meer\\\/#breadcrumblist\"},\"image\":{\"@type\":\"ImageObject\",\"url\":\"https:\\\/\\\/www.hubertus-boltenhagen.de\\\/app\\\/uploads\\\/2022\\\/06\\\/IMG-20220220-WA0000.jpg\",\"@id\":\"https:\\\/\\\/www.hubertus-boltenhagen.de\\\/en\\\/strand-meer\\\/#mainImage\",\"width\":1440,\"height\":1080,\"caption\":\"Weitl\\u00e4ufiger Sandstrand unter blauem Himmel mit Wolken und ruhigem Meer.\"},\"primaryImageOfPage\":{\"@id\":\"https:\\\/\\\/www.hubertus-boltenhagen.de\\\/en\\\/strand-meer\\\/#mainImage\"},\"datePublished\":\"2022-04-21T16:01:33+02:00\",\"dateModified\":\"2022-08-09T23:22:56+02:00\"},{\"@type\":\"WebSite\",\"@id\":\"https:\\\/\\\/www.hubertus-boltenhagen.de\\\/en\\\/#website\",\"url\":\"https:\\\/\\\/www.hubertus-boltenhagen.de\\\/en\\\/\",\"name\":\"Hubertus Boltenhagen\",\"description\":\"die Strandvilla\",\"inLanguage\":\"en-US\",\"publisher\":{\"@id\":\"https:\\\/\\\/www.hubertus-boltenhagen.de\\\/en\\\/#organization\"}}]}\n\t\t<\/script>\n\t\t<!-- All in One SEO Pro -->\r\n\t\t<title>Strand &amp; Meer \u2013 Hubertus Boltenhagen<\/title>\n\n","aioseo_head_json":{"title":"Beach &amp; Sea \u2013 Hubertus Boltenhagen","description":"Summer &amp; Winter Nice and warm in the summer, nice and cold in the winter. In any case, the Baltic Sea is particularly relaxing! The salty Baltic Sea air is also good for body and mind. Baltic Sea impressions Steep coast The special thing about the Baltic Sea resort of Boltenhagen is the cliff coast in the west, which rises to approx. 35 meters. Fancy one","canonical_url":"https:\/\/www.hubertus-boltenhagen.de\/en\/strand-meer\/","robots":"max-image-preview:large","keywords":"","webmasterTools":{"miscellaneous":""},"schema":{"@context":"https:\/\/schema.org","@graph":[{"@type":"BreadcrumbList","@id":"https:\/\/www.hubertus-boltenhagen.de\/en\/strand-meer\/#breadcrumblist","itemListElement":[{"@type":"ListItem","@id":"https:\/\/www.hubertus-boltenhagen.de\/en#listItem","position":1,"name":"Home","item":"https:\/\/www.hubertus-boltenhagen.de\/en","nextItem":{"@type":"ListItem","@id":"https:\/\/www.hubertus-boltenhagen.de\/en\/strand-meer\/#listItem","name":"Strand &#038; Meer"}},{"@type":"ListItem","@id":"https:\/\/www.hubertus-boltenhagen.de\/en\/strand-meer\/#listItem","position":2,"name":"Strand &#038; Meer","previousItem":{"@type":"ListItem","@id":"https:\/\/www.hubertus-boltenhagen.de\/en#listItem","name":"Home"}}]},{"@type":"Organization","@id":"https:\/\/www.hubertus-boltenhagen.de\/en\/#organization","name":"Hubertus Boltenhagen","description":"die Strandvilla","url":"https:\/\/www.hubertus-boltenhagen.de\/en\/","telephone":"+49388259300","logo":{"@type":"ImageObject","url":"https:\/\/www.hubertus-boltenhagen.de\/app\/themes\/subtheme-simonmista\/assets\/img\/logo.svg","@id":"https:\/\/www.hubertus-boltenhagen.de\/en\/strand-meer\/#organizationLogo"},"image":{"@id":"https:\/\/www.hubertus-boltenhagen.de\/en\/strand-meer\/#organizationLogo"}},{"@type":"WebPage","@id":"https:\/\/www.hubertus-boltenhagen.de\/en\/strand-meer\/#webpage","url":"https:\/\/www.hubertus-boltenhagen.de\/en\/strand-meer\/","name":"Strand & Meer \u2013 Hubertus Boltenhagen","description":"Sommer & Winter Im Sommer sch\u00f6n warm, im Winter sch\u00f6n kalt. In jedem Fall ist es an der Ostsee besonders erholsam! Die salzhaltige Ostseeluft ist au\u00dferdem gut f\u00fcr K\u00f6rper und Geist. Ostseeimpressionen Steilk\u00fcste Das Besondere im Ostseebad Boltenhagen ist die im Westen gelegene Steilk\u00fcste, die sich bis auf ca. 35 Meter erhebt. Lust auf eine","inLanguage":"en-US","isPartOf":{"@id":"https:\/\/www.hubertus-boltenhagen.de\/en\/#website"},"breadcrumb":{"@id":"https:\/\/www.hubertus-boltenhagen.de\/en\/strand-meer\/#breadcrumblist"},"image":{"@type":"ImageObject","url":"https:\/\/www.hubertus-boltenhagen.de\/app\/uploads\/2022\/06\/IMG-20220220-WA0000.jpg","@id":"https:\/\/www.hubertus-boltenhagen.de\/en\/strand-meer\/#mainImage","width":1440,"height":1080,"caption":"Weitl\u00e4ufiger Sandstrand unter blauem Himmel mit Wolken und ruhigem Meer."},"primaryImageOfPage":{"@id":"https:\/\/www.hubertus-boltenhagen.de\/en\/strand-meer\/#mainImage"},"datePublished":"2022-04-21T16:01:33+02:00","dateModified":"2022-08-09T23:22:56+02:00"},{"@type":"WebSite","@id":"https:\/\/www.hubertus-boltenhagen.de\/en\/#website","url":"https:\/\/www.hubertus-boltenhagen.de\/en\/","name":"Hubertus Boltenhagen","description":"die Strandvilla","inLanguage":"en-US","publisher":{"@id":"https:\/\/www.hubertus-boltenhagen.de\/en\/#organization"}}]},"og:locale":"en_US","og:site_name":"Hubertus Boltenhagen \u2013 die Strandvilla","og:type":"article","og:title":"Strand &amp; Meer \u2013 Hubertus Boltenhagen","og:description":"Sommer &amp; Winter Im Sommer sch\u00f6n warm, im Winter sch\u00f6n kalt. In jedem Fall ist es an der Ostsee besonders erholsam! Die salzhaltige Ostseeluft ist au\u00dferdem gut f\u00fcr K\u00f6rper und Geist. Ostseeimpressionen Steilk\u00fcste Das Besondere im Ostseebad Boltenhagen ist die im Westen gelegene Steilk\u00fcste, die sich bis auf ca. 35 Meter erhebt. Lust auf eine","og:url":"https:\/\/www.hubertus-boltenhagen.de\/en\/strand-meer\/","og:image":"https:\/\/www.hubertus-boltenhagen.de\/app\/uploads\/2022\/06\/IMG-20220220-WA0000.jpg","og:image:secure_url":"https:\/\/www.hubertus-boltenhagen.de\/app\/uploads\/2022\/06\/IMG-20220220-WA0000.jpg","og:image:width":1440,"og:image:height":1080,"article:published_time":"2022-04-21T16:01:33+00:00","article:modified_time":"2022-08-09T21:22:56+00:00","twitter:card":"summary_large_image","twitter:title":"Strand &amp; Meer \u2013 Hubertus Boltenhagen","twitter:description":"Sommer &amp; Winter Im Sommer sch\u00f6n warm, im Winter sch\u00f6n kalt. In jedem Fall ist es an der Ostsee besonders erholsam! Die salzhaltige Ostseeluft ist au\u00dferdem gut f\u00fcr K\u00f6rper und Geist. Ostseeimpressionen Steilk\u00fcste Das Besondere im Ostseebad Boltenhagen ist die im Westen gelegene Steilk\u00fcste, die sich bis auf ca. 35 Meter erhebt. Lust auf eine","twitter:image":"https:\/\/www.hubertus-boltenhagen.de\/app\/uploads\/2022\/06\/IMG-20220220-WA0000.jpg"},"aioseo_meta_data":{"post_id":"149","title":null,"description":null,"keywords":[],"keyphrases":{"focus":{"keyphrase":"","score":0,"analysis":{"keyphraseInTitle":{"score":0,"maxScore":9,"error":1}}},"additional":[]},"primary_term":null,"canonical_url":null,"og_title":null,"og_description":null,"og_object_type":"default","og_image_type":"default","og_image_url":null,"og_image_width":null,"og_image_height":null,"og_image_custom_url":null,"og_image_custom_fields":null,"og_video":"","og_custom_url":null,"og_article_section":null,"og_article_tags":[],"twitter_use_og":false,"twitter_card":"default","twitter_image_type":"default","twitter_image_url":null,"twitter_image_custom_url":null,"twitter_image_custom_fields":null,"twitter_title":null,"twitter_description":null,"schema":{"blockGraphs":[],"customGraphs":[],"default":{"data":{"Article":[],"Course":[],"Dataset":[],"FAQPage":[],"Movie":[],"Person":[],"Product":[],"ProductReview":[],"Car":[],"Recipe":[],"Service":[],"SoftwareApplication":[],"WebPage":[]},"graphName":"","isEnabled":true},"graphs":[],"defaultGraph":"WebPage","defaultPostTypeGraph":""},"schema_type":"default","schema_type_options":"{\"article\":{\"articleType\":\"BlogPosting\"},\"course\":{\"name\":\"\",\"description\":\"\",\"provider\":\"\"},\"faq\":{\"pages\":[]},\"product\":{\"reviews\":[]},\"recipe\":{\"ingredients\":[],\"instructions\":[],\"keywords\":[]},\"software\":{\"reviews\":[],\"operatingSystems\":[]},\"webPage\":{\"webPageType\":\"WebPage\"},\"blockGraphs\":[]}","pillar_content":false,"robots_default":true,"robots_noindex":false,"robots_noarchive":false,"robots_nosnippet":false,"robots_nofollow":false,"robots_noimageindex":false,"robots_noodp":false,"robots_notranslate":false,"robots_max_snippet":"-1","robots_max_videopreview":"-1","robots_max_imagepreview":"large","priority":null,"frequency":"default","local_seo":null,"seo_analyzer_scan_date":"2025-08-19 14:03:08","breadcrumb_settings":null,"limit_modified_date":false,"open_ai":null,"ai":null,"created":"2022-04-21 16:01:33","updated":"2025-10-25 08:20:04"},"aioseo_breadcrumb":"<div class=\"aioseo-breadcrumbs\"><span class=\"aioseo-breadcrumb\">\n\t<a href=\"https:\/\/www.hubertus-boltenhagen.de\/en\" title=\"Home\">Home<\/a>\n<\/span><span class=\"aioseo-breadcrumb-separator\">\u203a<\/span><span class=\"aioseo-breadcrumb\">\n\tStrand &amp; Meer\n<\/span><\/div>","aioseo_breadcrumb_json":[{"label":"Home","link":"https:\/\/www.hubertus-boltenhagen.de\/en"},{"label":"Strand &#038; Meer","link":"https:\/\/www.hubertus-boltenhagen.de\/en\/strand-meer\/"}],"_links":{"self":[{"href":"https:\/\/www.hubertus-boltenhagen.de\/en\/wp-json\/wp\/v2\/pages\/149","targetHints":{"allow":["GET"]}}],"collection":[{"href":"https:\/\/www.hubertus-boltenhagen.de\/en\/wp-json\/wp\/v2\/pages"}],"about":[{"href":"https:\/\/www.hubertus-boltenhagen.de\/en\/wp-json\/wp\/v2\/types\/page"}],"author":[{"embeddable":true,"href":"https:\/\/www.hubertus-boltenhagen.de\/en\/wp-json\/wp\/v2\/users\/1"}],"replies":[{"embeddable":true,"href":"https:\/\/www.hubertus-boltenhagen.de\/en\/wp-json\/wp\/v2\/comments?post=149"}],"version-history":[{"count":21,"href":"https:\/\/www.hubertus-boltenhagen.de\/en\/wp-json\/wp\/v2\/pages\/149\/revisions"}],"predecessor-version":[{"id":974,"href":"https:\/\/www.hubertus-boltenhagen.de\/en\/wp-json\/wp\/v2\/pages\/149\/revisions\/974"}],"wp:featuredmedia":[{"embeddable":true,"href":"https:\/\/www.hubertus-boltenhagen.de\/en\/wp-json\/wp\/v2\/media\/685"}],"wp:attachment":[{"href":"https:\/\/www.hubertus-boltenhagen.de\/en\/wp-json\/wp\/v2\/media?parent=149"}],"curies":[{"name":"wp","href":"https:\/\/api.w.org\/{rel}","templated":true}]}}