{"id":152,"date":"2022-04-21T16:01:39","date_gmt":"2022-04-21T16:01:39","guid":{"rendered":"https:\/\/hubertus-boltenhagen.simonmista.de\/?page_id=152"},"modified":"2022-07-25T19:50:00","modified_gmt":"2022-07-25T17:50:00","slug":"green-oasis","status":"publish","type":"page","link":"https:\/\/www.hubertus-boltenhagen.de\/en\/gruene-oase\/","title":{"rendered":"Green oasis"},"content":{"rendered":"<div class=\"wpb-content-wrapper\"><div class=\"vc_row wpb_row vc_row-fluid vc_row-o-equal-height vc_row-o-content-bottom vc_row-flex\"><div class=\"wpb_column vc_column_container vc_col-sm-4\"><div class=\"vc_column-inner\"><div class=\"wpb_wrapper\">\n\t<div  class=\"wpb_single_image wpb_content_element vc_align_left wpb_content_element  preview-image\">\n\t\t\n\t\t<figure class=\"wpb_wrapper vc_figure\">\n\t\t\t<div class=\"vc_single_image-wrapper   vc_box_border_grey\"><img decoding=\"async\" width=\"2048\" height=\"1366\" src=\"https:\/\/www.hubertus-boltenhagen.de\/app\/uploads\/2022\/07\/IMG_5351-scaled.jpg\" class=\"vc_single_image-img attachment-full\" alt=\"Rhododendron blossoms in purple and white in front of a white garden shed.\" title=\"IMG_5351\" srcset=\"https:\/\/www.hubertus-boltenhagen.de\/app\/uploads\/2022\/07\/IMG_5351-scaled.jpg 2048w, https:\/\/www.hubertus-boltenhagen.de\/app\/uploads\/2022\/07\/IMG_5351-450x300.jpg 450w, https:\/\/www.hubertus-boltenhagen.de\/app\/uploads\/2022\/07\/IMG_5351-1024x683.jpg 1024w, https:\/\/www.hubertus-boltenhagen.de\/app\/uploads\/2022\/07\/IMG_5351-768x512.jpg 768w, https:\/\/www.hubertus-boltenhagen.de\/app\/uploads\/2022\/07\/IMG_5351-1536x1024.jpg 1536w, https:\/\/www.hubertus-boltenhagen.de\/app\/uploads\/2022\/07\/IMG_5351-600x400.jpg 600w\" sizes=\"(max-width: 2048px) 100vw, 2048px\" \/><\/div>\n\t\t<\/figure>\n\t<\/div>\n<h2 style=\"text-align: left\" class=\"vc_custom_heading vc_do_custom_heading headline-style-2\" ><a href=\"https:\/\/www.hubertus-boltenhagen.de\/gruene-oase\/rhododendren\/\">Rhododendrons<\/a><\/h2>\n\t<div class=\"wpb_text_column wpb_content_element\" >\n\t\t<div class=\"wpb_wrapper\">\n\t\t\t<p>A plant that shapes the character of the park-like Hubertusgarten.<\/p>\n<p>Why this particular plant?<\/p>\n\n\t\t<\/div>\n\t<\/div>\n<div class=\"vc_btn3-container  btn-style-1 vc_btn3-inline vc_do_btn\" ><a class=\"vc_general vc_btn3 vc_btn3-size-md vc_btn3-shape-rounded vc_btn3-style-modern vc_btn3-color-grey\" href=\"https:\/\/www.hubertus-boltenhagen.de\/gruene-oase\/rhododendren\/\" title=\"Beach Sea\">she blooms so beautifully<\/a><\/div><div class=\"vc_empty_space  space-md\"   style=\"height: 32px\"><span class=\"vc_empty_space_inner\"><\/span><\/div><\/div><\/div><\/div><div class=\"wpb_column vc_column_container vc_col-sm-4\"><div class=\"vc_column-inner\"><div class=\"wpb_wrapper\">\n\t<div  class=\"wpb_single_image wpb_content_element vc_align_left wpb_content_element  preview-image\">\n\t\t\n\t\t<figure class=\"wpb_wrapper vc_figure\">\n\t\t\t<div class=\"vc_single_image-wrapper   vc_box_border_grey\"><img decoding=\"async\" width=\"2048\" height=\"1366\" src=\"https:\/\/www.hubertus-boltenhagen.de\/app\/uploads\/2022\/07\/IMG_6363-scaled.jpg\" class=\"vc_single_image-img attachment-full\" alt=\"View from below of tall trees and blue sky.\" title=\"IMG_6363\" srcset=\"https:\/\/www.hubertus-boltenhagen.de\/app\/uploads\/2022\/07\/IMG_6363-scaled.jpg 2048w, https:\/\/www.hubertus-boltenhagen.de\/app\/uploads\/2022\/07\/IMG_6363-450x300.jpg 450w, https:\/\/www.hubertus-boltenhagen.de\/app\/uploads\/2022\/07\/IMG_6363-1024x683.jpg 1024w, https:\/\/www.hubertus-boltenhagen.de\/app\/uploads\/2022\/07\/IMG_6363-768x512.jpg 768w, https:\/\/www.hubertus-boltenhagen.de\/app\/uploads\/2022\/07\/IMG_6363-1536x1024.jpg 1536w, https:\/\/www.hubertus-boltenhagen.de\/app\/uploads\/2022\/07\/IMG_6363-600x400.jpg 600w\" sizes=\"(max-width: 2048px) 100vw, 2048px\" \/><\/div>\n\t\t<\/figure>\n\t<\/div>\n<h2 style=\"text-align: left\" class=\"vc_custom_heading vc_do_custom_heading headline-style-2\" >Trees<\/h2>\n\t<div class=\"wpb_text_column wpb_content_element\" >\n\t\t<div class=\"wpb_wrapper\">\n\t\t\t<p>Many trees on the Hubertus property invite you to go forest bathing.<\/p>\n<p>What species can you find here?<\/p>\n\n\t\t<\/div>\n\t<\/div>\n<div class=\"vc_btn3-container  btn-style-1 vc_btn3-inline vc_do_btn\" ><a class=\"vc_general vc_btn3 vc_btn3-size-md vc_btn3-shape-rounded vc_btn3-style-modern vc_btn3-color-grey\" href=\"https:\/\/www.hubertus-boltenhagen.de\/gruene-oase\/baeume\/\" title=\"Beach Sea\">It couldn&#039;t be greener<\/a><\/div><div class=\"vc_empty_space  space-md\"   style=\"height: 32px\"><span class=\"vc_empty_space_inner\"><\/span><\/div><\/div><\/div><\/div><div class=\"wpb_column vc_column_container vc_col-sm-4\"><div class=\"vc_column-inner\"><div class=\"wpb_wrapper\">\n\t<div  class=\"wpb_single_image wpb_content_element vc_align_left wpb_content_element  preview-image\">\n\t\t\n\t\t<figure class=\"wpb_wrapper vc_figure\">\n\t\t\t<div class=\"vc_single_image-wrapper   vc_box_border_grey\"><img decoding=\"async\" width=\"2048\" height=\"1366\" src=\"https:\/\/www.hubertus-boltenhagen.de\/app\/uploads\/2022\/05\/IMG_2799-scaled.jpg\" class=\"vc_single_image-img attachment-full\" alt=\"Intertwined branches of a large tree, surrounded by dense green foliage.\" title=\"IMG_2799\" srcset=\"https:\/\/www.hubertus-boltenhagen.de\/app\/uploads\/2022\/05\/IMG_2799-scaled.jpg 2048w, https:\/\/www.hubertus-boltenhagen.de\/app\/uploads\/2022\/05\/IMG_2799-scaled-450x300.jpg 450w, https:\/\/www.hubertus-boltenhagen.de\/app\/uploads\/2022\/05\/IMG_2799-scaled-1024x683.jpg 1024w, https:\/\/www.hubertus-boltenhagen.de\/app\/uploads\/2022\/05\/IMG_2799-scaled-768x512.jpg 768w, https:\/\/www.hubertus-boltenhagen.de\/app\/uploads\/2022\/05\/IMG_2799-scaled-1536x1024.jpg 1536w, https:\/\/www.hubertus-boltenhagen.de\/app\/uploads\/2022\/05\/IMG_2799-scaled-600x400.jpg 600w\" sizes=\"(max-width: 2048px) 100vw, 2048px\" \/><\/div>\n\t\t<\/figure>\n\t<\/div>\n<h2 style=\"text-align: left\" class=\"vc_custom_heading vc_do_custom_heading headline-style-2\" >Coastal protection forest<\/h2>\n\t<div class=\"wpb_text_column wpb_content_element\" >\n\t\t<div class=\"wpb_wrapper\">\n\t\t\t<p>A special feature of the Baltic Sea coast is the coastal protection forest.<\/p>\n<p>What&#039;s special?<\/p>\n\n\t\t<\/div>\n\t<\/div>\n<div class=\"vc_btn3-container  btn-style-1 vc_btn3-inline vc_do_btn\" ><a class=\"vc_general vc_btn3 vc_btn3-size-md vc_btn3-shape-rounded vc_btn3-style-modern vc_btn3-color-grey\" href=\"https:\/\/www.hubertus-boltenhagen.de\/gruene-oase\/kuestenschutzwald\/\" title=\"Beach Sea\">beautifully protected<\/a><\/div><div class=\"vc_empty_space  space-md\"   style=\"height: 32px\"><span class=\"vc_empty_space_inner\"><\/span><\/div><\/div><\/div><\/div><\/div>\n<\/div>","protected":false},"excerpt":{"rendered":"Rhododendrons A plant that shapes the character of the park-like Hubertus Garden. Why this plant of all things? It blooms so beautifully Trees Many trees on the Hubertus grounds invite you to bathe in the forest. What species can be found here? It couldn't be greener Coastal protection forest The coastal protection forest is a special feature on the Baltic coast. What is special about it? beautifully protected","protected":false},"author":1,"featured_media":489,"parent":0,"menu_order":0,"comment_status":"closed","ping_status":"closed","template":"","meta":{"_acf_changed":false,"footnotes":""},"class_list":["post-152","page","type-page","status-publish","has-post-thumbnail","hentry"],"acf":[],"aioseo_notices":[],"aioseo_head":"\n\t\t<!-- All in One SEO Pro 4.9.6.2 - aioseo.com -->\n\t<meta name=\"description\" content=\"In dieser gr\u00fcnen Oase, nicht weit vom Strand entfernt, kann man sich hervorragend erholen. Eine im Baum befestigte Schaukel l\u00e4dt Jung und Alt zum Waldbaden ein.\" \/>\n\t<meta name=\"robots\" content=\"max-image-preview:large\" \/>\n\t<link rel=\"canonical\" href=\"https:\/\/www.hubertus-boltenhagen.de\/en\/gruene-oase\/\" \/>\n\t<meta name=\"generator\" content=\"All in One SEO Pro (AIOSEO) 4.9.6.2\" \/>\n\t\t<meta property=\"og:locale\" content=\"en_US\" \/>\n\t\t<meta property=\"og:site_name\" content=\"Hubertus Boltenhagen \u2013 die Strandvilla\" \/>\n\t\t<meta property=\"og:type\" content=\"article\" \/>\n\t\t<meta property=\"og:title\" content=\"Gr\u00fcne Oase \u2013 Hubertus Boltenhagen\" \/>\n\t\t<meta property=\"og:description\" content=\"In dieser gr\u00fcnen Oase, nicht weit vom Strand entfernt, kann man sich hervorragend erholen. Eine im Baum befestigte Schaukel l\u00e4dt Jung und Alt zum Waldbaden ein.\" \/>\n\t\t<meta property=\"og:url\" content=\"https:\/\/www.hubertus-boltenhagen.de\/en\/gruene-oase\/\" \/>\n\t\t<meta property=\"og:image\" content=\"https:\/\/www.hubertus-boltenhagen.de\/app\/uploads\/2022\/05\/IMG_5359-scaled.jpg\" \/>\n\t\t<meta property=\"og:image:secure_url\" content=\"https:\/\/www.hubertus-boltenhagen.de\/app\/uploads\/2022\/05\/IMG_5359-scaled.jpg\" \/>\n\t\t<meta property=\"og:image:width\" content=\"2048\" \/>\n\t\t<meta property=\"og:image:height\" content=\"1366\" \/>\n\t\t<meta property=\"article:published_time\" content=\"2022-04-21T16:01:39+00:00\" \/>\n\t\t<meta property=\"article:modified_time\" content=\"2022-07-25T17:50:00+00:00\" \/>\n\t\t<meta name=\"twitter:card\" content=\"summary_large_image\" \/>\n\t\t<meta name=\"twitter:title\" content=\"Gr\u00fcne Oase \u2013 Hubertus Boltenhagen\" \/>\n\t\t<meta name=\"twitter:description\" content=\"In dieser gr\u00fcnen Oase, nicht weit vom Strand entfernt, kann man sich hervorragend erholen. Eine im Baum befestigte Schaukel l\u00e4dt Jung und Alt zum Waldbaden ein.\" \/>\n\t\t<meta name=\"twitter:image\" content=\"https:\/\/www.hubertus-boltenhagen.de\/app\/uploads\/2022\/05\/IMG_5359-scaled.jpg\" \/>\n\t\t<script type=\"application\/ld+json\" class=\"aioseo-schema\">\n\t\t\t{\"@context\":\"https:\\\/\\\/schema.org\",\"@graph\":[{\"@type\":\"BreadcrumbList\",\"@id\":\"https:\\\/\\\/www.hubertus-boltenhagen.de\\\/en\\\/gruene-oase\\\/#breadcrumblist\",\"itemListElement\":[{\"@type\":\"ListItem\",\"@id\":\"https:\\\/\\\/www.hubertus-boltenhagen.de\\\/en#listItem\",\"position\":1,\"name\":\"Home\",\"item\":\"https:\\\/\\\/www.hubertus-boltenhagen.de\\\/en\",\"nextItem\":{\"@type\":\"ListItem\",\"@id\":\"https:\\\/\\\/www.hubertus-boltenhagen.de\\\/en\\\/gruene-oase\\\/#listItem\",\"name\":\"Gr\\u00fcne Oase\"}},{\"@type\":\"ListItem\",\"@id\":\"https:\\\/\\\/www.hubertus-boltenhagen.de\\\/en\\\/gruene-oase\\\/#listItem\",\"position\":2,\"name\":\"Gr\\u00fcne Oase\",\"previousItem\":{\"@type\":\"ListItem\",\"@id\":\"https:\\\/\\\/www.hubertus-boltenhagen.de\\\/en#listItem\",\"name\":\"Home\"}}]},{\"@type\":\"Organization\",\"@id\":\"https:\\\/\\\/www.hubertus-boltenhagen.de\\\/en\\\/#organization\",\"name\":\"Hubertus Boltenhagen\",\"description\":\"die Strandvilla\",\"url\":\"https:\\\/\\\/www.hubertus-boltenhagen.de\\\/en\\\/\",\"telephone\":\"+49388259300\",\"logo\":{\"@type\":\"ImageObject\",\"url\":\"https:\\\/\\\/www.hubertus-boltenhagen.de\\\/app\\\/themes\\\/subtheme-simonmista\\\/assets\\\/img\\\/logo.svg\",\"@id\":\"https:\\\/\\\/www.hubertus-boltenhagen.de\\\/en\\\/gruene-oase\\\/#organizationLogo\"},\"image\":{\"@id\":\"https:\\\/\\\/www.hubertus-boltenhagen.de\\\/en\\\/gruene-oase\\\/#organizationLogo\"}},{\"@type\":\"WebPage\",\"@id\":\"https:\\\/\\\/www.hubertus-boltenhagen.de\\\/en\\\/gruene-oase\\\/#webpage\",\"url\":\"https:\\\/\\\/www.hubertus-boltenhagen.de\\\/en\\\/gruene-oase\\\/\",\"name\":\"Gr\\u00fcne Oase \\u2013 Hubertus Boltenhagen\",\"description\":\"In dieser gr\\u00fcnen Oase, nicht weit vom Strand entfernt, kann man sich hervorragend erholen. Eine im Baum befestigte Schaukel l\\u00e4dt Jung und Alt zum Waldbaden ein.\",\"inLanguage\":\"en-US\",\"isPartOf\":{\"@id\":\"https:\\\/\\\/www.hubertus-boltenhagen.de\\\/en\\\/#website\"},\"breadcrumb\":{\"@id\":\"https:\\\/\\\/www.hubertus-boltenhagen.de\\\/en\\\/gruene-oase\\\/#breadcrumblist\"},\"image\":{\"@type\":\"ImageObject\",\"url\":\"https:\\\/\\\/www.hubertus-boltenhagen.de\\\/app\\\/uploads\\\/2022\\\/05\\\/IMG_5359-scaled.jpg\",\"@id\":\"https:\\\/\\\/www.hubertus-boltenhagen.de\\\/en\\\/gruene-oase\\\/#mainImage\",\"width\":2048,\"height\":1366,\"caption\":\"Gr\\u00fcner Garten mit Pavillon, zwei Liegest\\u00fchlen und \\u00fcppiger Vegetation.\"},\"primaryImageOfPage\":{\"@id\":\"https:\\\/\\\/www.hubertus-boltenhagen.de\\\/en\\\/gruene-oase\\\/#mainImage\"},\"datePublished\":\"2022-04-21T16:01:39+02:00\",\"dateModified\":\"2022-07-25T19:50:00+02:00\"},{\"@type\":\"WebSite\",\"@id\":\"https:\\\/\\\/www.hubertus-boltenhagen.de\\\/en\\\/#website\",\"url\":\"https:\\\/\\\/www.hubertus-boltenhagen.de\\\/en\\\/\",\"name\":\"Hubertus Boltenhagen\",\"description\":\"die Strandvilla\",\"inLanguage\":\"en-US\",\"publisher\":{\"@id\":\"https:\\\/\\\/www.hubertus-boltenhagen.de\\\/en\\\/#organization\"}}]}\n\t\t<\/script>\n\t\t<!-- All in One SEO Pro -->\r\n\t\t<title>Gr\u00fcne Oase \u2013 Hubertus Boltenhagen<\/title>\n\n","aioseo_head_json":{"title":"Green oasis \u2013 Hubertus Boltenhagen","description":"In this green oasis, not far from the beach, you can relax excellently. A swing attached to the tree invites young and old to take a forest bath.","canonical_url":"https:\/\/www.hubertus-boltenhagen.de\/en\/gruene-oase\/","robots":"max-image-preview:large","keywords":"","webmasterTools":{"miscellaneous":""},"schema":{"@context":"https:\/\/schema.org","@graph":[{"@type":"BreadcrumbList","@id":"https:\/\/www.hubertus-boltenhagen.de\/en\/gruene-oase\/#breadcrumblist","itemListElement":[{"@type":"ListItem","@id":"https:\/\/www.hubertus-boltenhagen.de\/en#listItem","position":1,"name":"Home","item":"https:\/\/www.hubertus-boltenhagen.de\/en","nextItem":{"@type":"ListItem","@id":"https:\/\/www.hubertus-boltenhagen.de\/en\/gruene-oase\/#listItem","name":"Gr\u00fcne Oase"}},{"@type":"ListItem","@id":"https:\/\/www.hubertus-boltenhagen.de\/en\/gruene-oase\/#listItem","position":2,"name":"Gr\u00fcne Oase","previousItem":{"@type":"ListItem","@id":"https:\/\/www.hubertus-boltenhagen.de\/en#listItem","name":"Home"}}]},{"@type":"Organization","@id":"https:\/\/www.hubertus-boltenhagen.de\/en\/#organization","name":"Hubertus Boltenhagen","description":"die Strandvilla","url":"https:\/\/www.hubertus-boltenhagen.de\/en\/","telephone":"+49388259300","logo":{"@type":"ImageObject","url":"https:\/\/www.hubertus-boltenhagen.de\/app\/themes\/subtheme-simonmista\/assets\/img\/logo.svg","@id":"https:\/\/www.hubertus-boltenhagen.de\/en\/gruene-oase\/#organizationLogo"},"image":{"@id":"https:\/\/www.hubertus-boltenhagen.de\/en\/gruene-oase\/#organizationLogo"}},{"@type":"WebPage","@id":"https:\/\/www.hubertus-boltenhagen.de\/en\/gruene-oase\/#webpage","url":"https:\/\/www.hubertus-boltenhagen.de\/en\/gruene-oase\/","name":"Gr\u00fcne Oase \u2013 Hubertus Boltenhagen","description":"In dieser gr\u00fcnen Oase, nicht weit vom Strand entfernt, kann man sich hervorragend erholen. Eine im Baum befestigte Schaukel l\u00e4dt Jung und Alt zum Waldbaden ein.","inLanguage":"en-US","isPartOf":{"@id":"https:\/\/www.hubertus-boltenhagen.de\/en\/#website"},"breadcrumb":{"@id":"https:\/\/www.hubertus-boltenhagen.de\/en\/gruene-oase\/#breadcrumblist"},"image":{"@type":"ImageObject","url":"https:\/\/www.hubertus-boltenhagen.de\/app\/uploads\/2022\/05\/IMG_5359-scaled.jpg","@id":"https:\/\/www.hubertus-boltenhagen.de\/en\/gruene-oase\/#mainImage","width":2048,"height":1366,"caption":"Gr\u00fcner Garten mit Pavillon, zwei Liegest\u00fchlen und \u00fcppiger Vegetation."},"primaryImageOfPage":{"@id":"https:\/\/www.hubertus-boltenhagen.de\/en\/gruene-oase\/#mainImage"},"datePublished":"2022-04-21T16:01:39+02:00","dateModified":"2022-07-25T19:50:00+02:00"},{"@type":"WebSite","@id":"https:\/\/www.hubertus-boltenhagen.de\/en\/#website","url":"https:\/\/www.hubertus-boltenhagen.de\/en\/","name":"Hubertus Boltenhagen","description":"die Strandvilla","inLanguage":"en-US","publisher":{"@id":"https:\/\/www.hubertus-boltenhagen.de\/en\/#organization"}}]},"og:locale":"en_US","og:site_name":"Hubertus Boltenhagen \u2013 die Strandvilla","og:type":"article","og:title":"Gr\u00fcne Oase \u2013 Hubertus Boltenhagen","og:description":"In dieser gr\u00fcnen Oase, nicht weit vom Strand entfernt, kann man sich hervorragend erholen. Eine im Baum befestigte Schaukel l\u00e4dt Jung und Alt zum Waldbaden ein.","og:url":"https:\/\/www.hubertus-boltenhagen.de\/en\/gruene-oase\/","og:image":"https:\/\/www.hubertus-boltenhagen.de\/app\/uploads\/2022\/05\/IMG_5359-scaled.jpg","og:image:secure_url":"https:\/\/www.hubertus-boltenhagen.de\/app\/uploads\/2022\/05\/IMG_5359-scaled.jpg","og:image:width":2048,"og:image:height":1366,"article:published_time":"2022-04-21T16:01:39+00:00","article:modified_time":"2022-07-25T17:50:00+00:00","twitter:card":"summary_large_image","twitter:title":"Gr\u00fcne Oase \u2013 Hubertus Boltenhagen","twitter:description":"In dieser gr\u00fcnen Oase, nicht weit vom Strand entfernt, kann man sich hervorragend erholen. Eine im Baum befestigte Schaukel l\u00e4dt Jung und Alt zum Waldbaden ein.","twitter:image":"https:\/\/www.hubertus-boltenhagen.de\/app\/uploads\/2022\/05\/IMG_5359-scaled.jpg"},"aioseo_meta_data":{"post_id":"152","title":null,"description":"In this green oasis, not far from the beach, you can relax excellently. A swing attached to the tree invites young and old to take a forest bath.","keywords":[],"keyphrases":{"focus":{"keyphrase":"","score":0,"analysis":{"keyphraseInTitle":{"score":0,"maxScore":9,"error":1}}},"additional":[]},"primary_term":null,"canonical_url":null,"og_title":null,"og_description":null,"og_object_type":"default","og_image_type":"default","og_image_url":null,"og_image_width":null,"og_image_height":null,"og_image_custom_url":null,"og_image_custom_fields":null,"og_video":"","og_custom_url":null,"og_article_section":null,"og_article_tags":[],"twitter_use_og":false,"twitter_card":"default","twitter_image_type":"default","twitter_image_url":null,"twitter_image_custom_url":null,"twitter_image_custom_fields":null,"twitter_title":null,"twitter_description":null,"schema":{"blockGraphs":[],"customGraphs":[],"default":{"data":{"Article":[],"Course":[],"Dataset":[],"FAQPage":[],"Movie":[],"Person":[],"Product":[],"ProductReview":[],"Car":[],"Recipe":[],"Service":[],"SoftwareApplication":[],"WebPage":[]},"graphName":"","isEnabled":true},"graphs":[],"defaultGraph":"WebPage","defaultPostTypeGraph":""},"schema_type":"default","schema_type_options":"{\"article\":{\"articleType\":\"BlogPosting\"},\"course\":{\"name\":\"\",\"description\":\"\",\"provider\":\"\"},\"faq\":{\"pages\":[]},\"product\":{\"reviews\":[]},\"recipe\":{\"ingredients\":[],\"instructions\":[],\"keywords\":[]},\"software\":{\"reviews\":[],\"operatingSystems\":[]},\"webPage\":{\"webPageType\":\"WebPage\"}}","pillar_content":false,"robots_default":true,"robots_noindex":false,"robots_noarchive":false,"robots_nosnippet":false,"robots_nofollow":false,"robots_noimageindex":false,"robots_noodp":false,"robots_notranslate":false,"robots_max_snippet":"-1","robots_max_videopreview":"-1","robots_max_imagepreview":"large","priority":null,"frequency":"default","local_seo":null,"seo_analyzer_scan_date":"2025-08-19 14:03:08","breadcrumb_settings":null,"limit_modified_date":false,"open_ai":null,"ai":null,"created":"2022-04-21 16:01:39","updated":"2025-10-25 08:20:04"},"aioseo_breadcrumb":"<div class=\"aioseo-breadcrumbs\"><span class=\"aioseo-breadcrumb\">\n\t<a href=\"https:\/\/www.hubertus-boltenhagen.de\/en\" title=\"Home\">Home<\/a>\n<\/span><span class=\"aioseo-breadcrumb-separator\">\u203a<\/span><span class=\"aioseo-breadcrumb\">\n\tGr\u00fcne Oase\n<\/span><\/div>","aioseo_breadcrumb_json":[{"label":"Home","link":"https:\/\/www.hubertus-boltenhagen.de\/en"},{"label":"Gr\u00fcne Oase","link":"https:\/\/www.hubertus-boltenhagen.de\/en\/gruene-oase\/"}],"_links":{"self":[{"href":"https:\/\/www.hubertus-boltenhagen.de\/en\/wp-json\/wp\/v2\/pages\/152","targetHints":{"allow":["GET"]}}],"collection":[{"href":"https:\/\/www.hubertus-boltenhagen.de\/en\/wp-json\/wp\/v2\/pages"}],"about":[{"href":"https:\/\/www.hubertus-boltenhagen.de\/en\/wp-json\/wp\/v2\/types\/page"}],"author":[{"embeddable":true,"href":"https:\/\/www.hubertus-boltenhagen.de\/en\/wp-json\/wp\/v2\/users\/1"}],"replies":[{"embeddable":true,"href":"https:\/\/www.hubertus-boltenhagen.de\/en\/wp-json\/wp\/v2\/comments?post=152"}],"version-history":[{"count":17,"href":"https:\/\/www.hubertus-boltenhagen.de\/en\/wp-json\/wp\/v2\/pages\/152\/revisions"}],"predecessor-version":[{"id":1304,"href":"https:\/\/www.hubertus-boltenhagen.de\/en\/wp-json\/wp\/v2\/pages\/152\/revisions\/1304"}],"wp:featuredmedia":[{"embeddable":true,"href":"https:\/\/www.hubertus-boltenhagen.de\/en\/wp-json\/wp\/v2\/media\/489"}],"wp:attachment":[{"href":"https:\/\/www.hubertus-boltenhagen.de\/en\/wp-json\/wp\/v2\/media?parent=152"}],"curies":[{"name":"wp","href":"https:\/\/api.w.org\/{rel}","templated":true}]}}