{"id":118,"date":"2022-04-21T15:58:38","date_gmt":"2022-04-21T15:58:38","guid":{"rendered":"https:\/\/hubertus-boltenhagen.simonmista.de\/?post_type=product&#038;p=118"},"modified":"2025-02-16T15:28:45","modified_gmt":"2025-02-16T14:28:45","slug":"wassily-kandinsky","status":"publish","type":"product","link":"https:\/\/www.hubertus-boltenhagen.de\/en\/product\/wassily-kandinsky\/","title":{"rendered":"H7 - Wassily Kandinsky"},"content":{"rendered":"<p><b>\u201cAn image must resonate and be imbued with an inner glow.\u201d \u00a0<\/b><i>Wassily Kandinsky<\/i><\/p>\n<p>Colors and shapes determine the abstract works of art by the Russian painter Wassily Kandinsky (1866\u20131944). This was revolutionary for the avant-garde in Europe. Kandinsky saw art as something that did not arise from the surrounding nature but from the artist&#039;s inner feelings and that should generate \u201cvibrations of the soul\u201d when viewed. He sought to convey a profound spirituality and the depth of human emotions through a universal imagery of abstract shapes and colors that transcended cultural and physical boundaries.<\/p>\n<p>The \u201cKandinsky\u201d suite features cheerful, bright colors and modern furnishings. Inspiring works and an impressive, wall-filling landscape image enrich the room with the expressive spirit<span class=\"Apple-converted-space\">\u00a0 <\/span>of the artist. Large windows facing south and west allow lots of light and air in and a view out into the vastness of the colorful rhododendron garden. The bathroom also offers a special artistic delight in the form of exquisitely designed glass objects.<span class=\"Apple-converted-space\">\u00a0<\/span><\/p>\n<p>This makes the holiday a feast for all the senses: a refreshing, vibrant composition of<br \/>\nColors, shapes, art and sea!<\/p>\n<p><b>\u201cEvery work of art is technically created in the same way that the cosmos came into being - through catastrophes<span class=\"Apple-converted-space\">\u00a0<\/span><\/b><b>the chaotic roar of the instruments<span class=\"Apple-converted-space\">\u00a0<\/span><\/b><b>at the end form a symphony,<span class=\"Apple-converted-space\">\u00a0<\/span><\/b><b>the music of the spheres is called.<span class=\"Apple-converted-space\">\u00a0<\/span><\/b><b>Creation of work is creation of the world.\u201d \u00a0<\/b><i>Wassily Kandinsky<\/i><\/p>","protected":false},"author":1,"featured_media":425,"template":"","class_list":["post-118","product","type-product","status-publish","has-post-thumbnail","hentry"],"acf":[],"aioseo_notices":[],"aioseo_head":"\n\t\t<!-- All in One SEO Pro 4.9.5.2 - aioseo.com -->\n\t<meta name=\"description\" content=\"\u201cEin Bild muss klingen und von einem inneren Gl\u00fchen durchtr\u00e4nkt sein.\u201d Wassily Kandinsky Farben und Formen bestimmen die abstrakten Kunstwerke des russischen Malers Wassily Kandinsky (1866\u20131944). F\u00fcr die Avantgarde in Europa war das revolution\u00e4r. Kandinsky sah die Kunst als etwas an, das nicht aus der umgebenden Natur sondern aus dem inneren Gef\u00fchl des K\u00fcnstlers zu\" \/>\n\t<meta name=\"robots\" content=\"max-image-preview:large\" \/>\n\t<meta name=\"author\" content=\"simonmista\"\/>\n\t<link rel=\"canonical\" href=\"https:\/\/www.hubertus-boltenhagen.de\/en\/product\/wassily-kandinsky\/\" \/>\n\t<meta name=\"generator\" content=\"All in One SEO Pro (AIOSEO) 4.9.5.2\" \/>\n\t\t<meta property=\"og:locale\" content=\"en_US\" \/>\n\t\t<meta property=\"og:site_name\" content=\"Hubertus Boltenhagen \u2013 die Strandvilla\" \/>\n\t\t<meta property=\"og:type\" content=\"article\" \/>\n\t\t<meta property=\"og:title\" content=\"H7 \u2013 Wassily Kandinsky \u2013 Hubertus Boltenhagen\" \/>\n\t\t<meta property=\"og:description\" content=\"\u201cEin Bild muss klingen und von einem inneren Gl\u00fchen durchtr\u00e4nkt sein.\u201d Wassily Kandinsky Farben und Formen bestimmen die abstrakten Kunstwerke des russischen Malers Wassily Kandinsky (1866\u20131944). F\u00fcr die Avantgarde in Europa war das revolution\u00e4r. Kandinsky sah die Kunst als etwas an, das nicht aus der umgebenden Natur sondern aus dem inneren Gef\u00fchl des K\u00fcnstlers zu\" \/>\n\t\t<meta property=\"og:url\" content=\"https:\/\/www.hubertus-boltenhagen.de\/en\/product\/wassily-kandinsky\/\" \/>\n\t\t<meta property=\"og:image\" content=\"https:\/\/www.hubertus-boltenhagen.de\/app\/uploads\/2022\/04\/Hubertus7-93-scaled.jpg\" \/>\n\t\t<meta property=\"og:image:secure_url\" content=\"https:\/\/www.hubertus-boltenhagen.de\/app\/uploads\/2022\/04\/Hubertus7-93-scaled.jpg\" \/>\n\t\t<meta property=\"og:image:width\" content=\"2048\" \/>\n\t\t<meta property=\"og:image:height\" content=\"1367\" \/>\n\t\t<meta property=\"article:published_time\" content=\"2022-04-21T15:58:38+00:00\" \/>\n\t\t<meta property=\"article:modified_time\" content=\"2025-02-16T14:28:45+00:00\" \/>\n\t\t<meta name=\"twitter:card\" content=\"summary_large_image\" \/>\n\t\t<meta name=\"twitter:title\" content=\"H7 \u2013 Wassily Kandinsky \u2013 Hubertus Boltenhagen\" \/>\n\t\t<meta name=\"twitter:description\" content=\"\u201cEin Bild muss klingen und von einem inneren Gl\u00fchen durchtr\u00e4nkt sein.\u201d Wassily Kandinsky Farben und Formen bestimmen die abstrakten Kunstwerke des russischen Malers Wassily Kandinsky (1866\u20131944). F\u00fcr die Avantgarde in Europa war das revolution\u00e4r. Kandinsky sah die Kunst als etwas an, das nicht aus der umgebenden Natur sondern aus dem inneren Gef\u00fchl des K\u00fcnstlers zu\" \/>\n\t\t<meta name=\"twitter:image\" content=\"https:\/\/www.hubertus-boltenhagen.de\/app\/uploads\/2022\/04\/Hubertus7-93-scaled.jpg\" \/>\n\t\t<script type=\"application\/ld+json\" class=\"aioseo-schema\">\n\t\t\t{\"@context\":\"https:\\\/\\\/schema.org\",\"@graph\":[{\"@type\":\"BreadcrumbList\",\"@id\":\"https:\\\/\\\/www.hubertus-boltenhagen.de\\\/en\\\/product\\\/wassily-kandinsky\\\/#breadcrumblist\",\"itemListElement\":[{\"@type\":\"ListItem\",\"@id\":\"https:\\\/\\\/www.hubertus-boltenhagen.de\\\/en#listItem\",\"position\":1,\"name\":\"Home\",\"item\":\"https:\\\/\\\/www.hubertus-boltenhagen.de\\\/en\",\"nextItem\":{\"@type\":\"ListItem\",\"@id\":\"https:\\\/\\\/www.hubertus-boltenhagen.de\\\/en\\\/product\\\/wassily-kandinsky\\\/#listItem\",\"name\":\"H7 &#8211; Wassily Kandinsky\"}},{\"@type\":\"ListItem\",\"@id\":\"https:\\\/\\\/www.hubertus-boltenhagen.de\\\/en\\\/product\\\/wassily-kandinsky\\\/#listItem\",\"position\":2,\"name\":\"H7 &#8211; Wassily Kandinsky\",\"previousItem\":{\"@type\":\"ListItem\",\"@id\":\"https:\\\/\\\/www.hubertus-boltenhagen.de\\\/en#listItem\",\"name\":\"Home\"}}]},{\"@type\":\"ItemPage\",\"@id\":\"https:\\\/\\\/www.hubertus-boltenhagen.de\\\/en\\\/product\\\/wassily-kandinsky\\\/#itempage\",\"url\":\"https:\\\/\\\/www.hubertus-boltenhagen.de\\\/en\\\/product\\\/wassily-kandinsky\\\/\",\"name\":\"H7 \\u2013 Wassily Kandinsky \\u2013 Hubertus Boltenhagen\",\"description\":\"\\u201cEin Bild muss klingen und von einem inneren Gl\\u00fchen durchtr\\u00e4nkt sein.\\u201d Wassily Kandinsky Farben und Formen bestimmen die abstrakten Kunstwerke des russischen Malers Wassily Kandinsky (1866\\u20131944). F\\u00fcr die Avantgarde in Europa war das revolution\\u00e4r. Kandinsky sah die Kunst als etwas an, das nicht aus der umgebenden Natur sondern aus dem inneren Gef\\u00fchl des K\\u00fcnstlers zu\",\"inLanguage\":\"en-US\",\"isPartOf\":{\"@id\":\"https:\\\/\\\/www.hubertus-boltenhagen.de\\\/en\\\/#website\"},\"breadcrumb\":{\"@id\":\"https:\\\/\\\/www.hubertus-boltenhagen.de\\\/en\\\/product\\\/wassily-kandinsky\\\/#breadcrumblist\"},\"author\":{\"@id\":\"https:\\\/\\\/www.hubertus-boltenhagen.de\\\/en\\\/author\\\/simonmista\\\/#author\"},\"creator\":{\"@id\":\"https:\\\/\\\/www.hubertus-boltenhagen.de\\\/en\\\/author\\\/simonmista\\\/#author\"},\"image\":{\"@type\":\"ImageObject\",\"url\":\"https:\\\/\\\/www.hubertus-boltenhagen.de\\\/app\\\/uploads\\\/2022\\\/04\\\/Hubertus7-93-scaled.jpg\",\"@id\":\"https:\\\/\\\/www.hubertus-boltenhagen.de\\\/en\\\/product\\\/wassily-kandinsky\\\/#mainImage\",\"width\":2048,\"height\":1367,\"caption\":\"Wohnzimmer mit blauen M\\u00f6beln, rosa Teppich, Blumen auf Glastisch.\"},\"primaryImageOfPage\":{\"@id\":\"https:\\\/\\\/www.hubertus-boltenhagen.de\\\/en\\\/product\\\/wassily-kandinsky\\\/#mainImage\"},\"datePublished\":\"2022-04-21T15:58:38+02:00\",\"dateModified\":\"2025-02-16T15:28:45+01:00\"},{\"@type\":\"Organization\",\"@id\":\"https:\\\/\\\/www.hubertus-boltenhagen.de\\\/en\\\/#organization\",\"name\":\"Hubertus Boltenhagen\",\"description\":\"die Strandvilla\",\"url\":\"https:\\\/\\\/www.hubertus-boltenhagen.de\\\/en\\\/\",\"telephone\":\"+49388259300\",\"logo\":{\"@type\":\"ImageObject\",\"url\":\"https:\\\/\\\/www.hubertus-boltenhagen.de\\\/app\\\/themes\\\/subtheme-simonmista\\\/assets\\\/img\\\/logo.svg\",\"@id\":\"https:\\\/\\\/www.hubertus-boltenhagen.de\\\/en\\\/product\\\/wassily-kandinsky\\\/#organizationLogo\"},\"image\":{\"@id\":\"https:\\\/\\\/www.hubertus-boltenhagen.de\\\/en\\\/product\\\/wassily-kandinsky\\\/#organizationLogo\"}},{\"@type\":\"Person\",\"@id\":\"https:\\\/\\\/www.hubertus-boltenhagen.de\\\/en\\\/author\\\/simonmista\\\/#author\",\"url\":\"https:\\\/\\\/www.hubertus-boltenhagen.de\\\/en\\\/author\\\/simonmista\\\/\",\"name\":\"simonmista\"},{\"@type\":\"WebPage\",\"@id\":\"https:\\\/\\\/www.hubertus-boltenhagen.de\\\/en\\\/product\\\/wassily-kandinsky\\\/#webpage\",\"url\":\"https:\\\/\\\/www.hubertus-boltenhagen.de\\\/en\\\/product\\\/wassily-kandinsky\\\/\",\"name\":\"H7 \\u2013 Wassily Kandinsky \\u2013 Hubertus Boltenhagen\",\"description\":\"\\u201cEin Bild muss klingen und von einem inneren Gl\\u00fchen durchtr\\u00e4nkt sein.\\u201d Wassily Kandinsky Farben und Formen bestimmen die abstrakten Kunstwerke des russischen Malers Wassily Kandinsky (1866\\u20131944). F\\u00fcr die Avantgarde in Europa war das revolution\\u00e4r. Kandinsky sah die Kunst als etwas an, das nicht aus der umgebenden Natur sondern aus dem inneren Gef\\u00fchl des K\\u00fcnstlers zu\",\"inLanguage\":\"en-US\",\"isPartOf\":{\"@id\":\"https:\\\/\\\/www.hubertus-boltenhagen.de\\\/en\\\/#website\"},\"breadcrumb\":{\"@id\":\"https:\\\/\\\/www.hubertus-boltenhagen.de\\\/en\\\/product\\\/wassily-kandinsky\\\/#breadcrumblist\"},\"author\":{\"@id\":\"https:\\\/\\\/www.hubertus-boltenhagen.de\\\/en\\\/author\\\/simonmista\\\/#author\"},\"creator\":{\"@id\":\"https:\\\/\\\/www.hubertus-boltenhagen.de\\\/en\\\/author\\\/simonmista\\\/#author\"},\"image\":{\"@type\":\"ImageObject\",\"url\":\"https:\\\/\\\/www.hubertus-boltenhagen.de\\\/app\\\/uploads\\\/2022\\\/04\\\/Hubertus7-93-scaled.jpg\",\"@id\":\"https:\\\/\\\/www.hubertus-boltenhagen.de\\\/en\\\/product\\\/wassily-kandinsky\\\/#mainImage\",\"width\":2048,\"height\":1367,\"caption\":\"Wohnzimmer mit blauen M\\u00f6beln, rosa Teppich, Blumen auf Glastisch.\"},\"primaryImageOfPage\":{\"@id\":\"https:\\\/\\\/www.hubertus-boltenhagen.de\\\/en\\\/product\\\/wassily-kandinsky\\\/#mainImage\"},\"datePublished\":\"2022-04-21T15:58:38+02:00\",\"dateModified\":\"2025-02-16T15:28:45+01:00\"},{\"@type\":\"WebSite\",\"@id\":\"https:\\\/\\\/www.hubertus-boltenhagen.de\\\/en\\\/#website\",\"url\":\"https:\\\/\\\/www.hubertus-boltenhagen.de\\\/en\\\/\",\"name\":\"Hubertus Boltenhagen\",\"description\":\"die Strandvilla\",\"inLanguage\":\"en-US\",\"publisher\":{\"@id\":\"https:\\\/\\\/www.hubertus-boltenhagen.de\\\/en\\\/#organization\"}}]}\n\t\t<\/script>\n\t\t<!-- All in One SEO Pro -->\r\n\t\t<title>H7 \u2013 Wassily Kandinsky \u2013 Hubertus Boltenhagen<\/title>\n\n","aioseo_head_json":{"title":"H7 - Wassily Kandinsky - Hubertus Boltenhagen","description":"\u201cAn image must resonate and be imbued with an inner glow.\u201d Wassily Kandinsky Colors and shapes determine the abstract works of art by the Russian painter Wassily Kandinsky (1866\u20131944). This was revolutionary for the avant-garde in Europe. Kandinsky saw art as something that comes not from the surrounding nature but from the artist&#039;s inner feeling","canonical_url":"https:\/\/www.hubertus-boltenhagen.de\/en\/product\/wassily-kandinsky\/","robots":"max-image-preview:large","keywords":"","webmasterTools":{"miscellaneous":""},"schema":{"@context":"https:\/\/schema.org","@graph":[{"@type":"BreadcrumbList","@id":"https:\/\/www.hubertus-boltenhagen.de\/en\/product\/wassily-kandinsky\/#breadcrumblist","itemListElement":[{"@type":"ListItem","@id":"https:\/\/www.hubertus-boltenhagen.de\/en#listItem","position":1,"name":"Home","item":"https:\/\/www.hubertus-boltenhagen.de\/en","nextItem":{"@type":"ListItem","@id":"https:\/\/www.hubertus-boltenhagen.de\/en\/product\/wassily-kandinsky\/#listItem","name":"H7 &#8211; Wassily Kandinsky"}},{"@type":"ListItem","@id":"https:\/\/www.hubertus-boltenhagen.de\/en\/product\/wassily-kandinsky\/#listItem","position":2,"name":"H7 &#8211; Wassily Kandinsky","previousItem":{"@type":"ListItem","@id":"https:\/\/www.hubertus-boltenhagen.de\/en#listItem","name":"Home"}}]},{"@type":"ItemPage","@id":"https:\/\/www.hubertus-boltenhagen.de\/en\/product\/wassily-kandinsky\/#itempage","url":"https:\/\/www.hubertus-boltenhagen.de\/en\/product\/wassily-kandinsky\/","name":"H7 \u2013 Wassily Kandinsky \u2013 Hubertus Boltenhagen","description":"\u201cEin Bild muss klingen und von einem inneren Gl\u00fchen durchtr\u00e4nkt sein.\u201d Wassily Kandinsky Farben und Formen bestimmen die abstrakten Kunstwerke des russischen Malers Wassily Kandinsky (1866\u20131944). F\u00fcr die Avantgarde in Europa war das revolution\u00e4r. Kandinsky sah die Kunst als etwas an, das nicht aus der umgebenden Natur sondern aus dem inneren Gef\u00fchl des K\u00fcnstlers zu","inLanguage":"en-US","isPartOf":{"@id":"https:\/\/www.hubertus-boltenhagen.de\/en\/#website"},"breadcrumb":{"@id":"https:\/\/www.hubertus-boltenhagen.de\/en\/product\/wassily-kandinsky\/#breadcrumblist"},"author":{"@id":"https:\/\/www.hubertus-boltenhagen.de\/en\/author\/simonmista\/#author"},"creator":{"@id":"https:\/\/www.hubertus-boltenhagen.de\/en\/author\/simonmista\/#author"},"image":{"@type":"ImageObject","url":"https:\/\/www.hubertus-boltenhagen.de\/app\/uploads\/2022\/04\/Hubertus7-93-scaled.jpg","@id":"https:\/\/www.hubertus-boltenhagen.de\/en\/product\/wassily-kandinsky\/#mainImage","width":2048,"height":1367,"caption":"Wohnzimmer mit blauen M\u00f6beln, rosa Teppich, Blumen auf Glastisch."},"primaryImageOfPage":{"@id":"https:\/\/www.hubertus-boltenhagen.de\/en\/product\/wassily-kandinsky\/#mainImage"},"datePublished":"2022-04-21T15:58:38+02:00","dateModified":"2025-02-16T15:28:45+01:00"},{"@type":"Organization","@id":"https:\/\/www.hubertus-boltenhagen.de\/en\/#organization","name":"Hubertus Boltenhagen","description":"die Strandvilla","url":"https:\/\/www.hubertus-boltenhagen.de\/en\/","telephone":"+49388259300","logo":{"@type":"ImageObject","url":"https:\/\/www.hubertus-boltenhagen.de\/app\/themes\/subtheme-simonmista\/assets\/img\/logo.svg","@id":"https:\/\/www.hubertus-boltenhagen.de\/en\/product\/wassily-kandinsky\/#organizationLogo"},"image":{"@id":"https:\/\/www.hubertus-boltenhagen.de\/en\/product\/wassily-kandinsky\/#organizationLogo"}},{"@type":"Person","@id":"https:\/\/www.hubertus-boltenhagen.de\/en\/author\/simonmista\/#author","url":"https:\/\/www.hubertus-boltenhagen.de\/en\/author\/simonmista\/","name":"simonmista"},{"@type":"WebPage","@id":"https:\/\/www.hubertus-boltenhagen.de\/en\/product\/wassily-kandinsky\/#webpage","url":"https:\/\/www.hubertus-boltenhagen.de\/en\/product\/wassily-kandinsky\/","name":"H7 \u2013 Wassily Kandinsky \u2013 Hubertus Boltenhagen","description":"\u201cEin Bild muss klingen und von einem inneren Gl\u00fchen durchtr\u00e4nkt sein.\u201d Wassily Kandinsky Farben und Formen bestimmen die abstrakten Kunstwerke des russischen Malers Wassily Kandinsky (1866\u20131944). F\u00fcr die Avantgarde in Europa war das revolution\u00e4r. Kandinsky sah die Kunst als etwas an, das nicht aus der umgebenden Natur sondern aus dem inneren Gef\u00fchl des K\u00fcnstlers zu","inLanguage":"en-US","isPartOf":{"@id":"https:\/\/www.hubertus-boltenhagen.de\/en\/#website"},"breadcrumb":{"@id":"https:\/\/www.hubertus-boltenhagen.de\/en\/product\/wassily-kandinsky\/#breadcrumblist"},"author":{"@id":"https:\/\/www.hubertus-boltenhagen.de\/en\/author\/simonmista\/#author"},"creator":{"@id":"https:\/\/www.hubertus-boltenhagen.de\/en\/author\/simonmista\/#author"},"image":{"@type":"ImageObject","url":"https:\/\/www.hubertus-boltenhagen.de\/app\/uploads\/2022\/04\/Hubertus7-93-scaled.jpg","@id":"https:\/\/www.hubertus-boltenhagen.de\/en\/product\/wassily-kandinsky\/#mainImage","width":2048,"height":1367,"caption":"Wohnzimmer mit blauen M\u00f6beln, rosa Teppich, Blumen auf Glastisch."},"primaryImageOfPage":{"@id":"https:\/\/www.hubertus-boltenhagen.de\/en\/product\/wassily-kandinsky\/#mainImage"},"datePublished":"2022-04-21T15:58:38+02:00","dateModified":"2025-02-16T15:28:45+01:00"},{"@type":"WebSite","@id":"https:\/\/www.hubertus-boltenhagen.de\/en\/#website","url":"https:\/\/www.hubertus-boltenhagen.de\/en\/","name":"Hubertus Boltenhagen","description":"die Strandvilla","inLanguage":"en-US","publisher":{"@id":"https:\/\/www.hubertus-boltenhagen.de\/en\/#organization"}}]},"og:locale":"en_US","og:site_name":"Hubertus Boltenhagen \u2013 die Strandvilla","og:type":"article","og:title":"H7 \u2013 Wassily Kandinsky \u2013 Hubertus Boltenhagen","og:description":"\u201cEin Bild muss klingen und von einem inneren Gl\u00fchen durchtr\u00e4nkt sein.\u201d Wassily Kandinsky Farben und Formen bestimmen die abstrakten Kunstwerke des russischen Malers Wassily Kandinsky (1866\u20131944). F\u00fcr die Avantgarde in Europa war das revolution\u00e4r. Kandinsky sah die Kunst als etwas an, das nicht aus der umgebenden Natur sondern aus dem inneren Gef\u00fchl des K\u00fcnstlers zu","og:url":"https:\/\/www.hubertus-boltenhagen.de\/en\/product\/wassily-kandinsky\/","og:image":"https:\/\/www.hubertus-boltenhagen.de\/app\/uploads\/2022\/04\/Hubertus7-93-scaled.jpg","og:image:secure_url":"https:\/\/www.hubertus-boltenhagen.de\/app\/uploads\/2022\/04\/Hubertus7-93-scaled.jpg","og:image:width":2048,"og:image:height":1367,"article:published_time":"2022-04-21T15:58:38+00:00","article:modified_time":"2025-02-16T14:28:45+00:00","twitter:card":"summary_large_image","twitter:title":"H7 \u2013 Wassily Kandinsky \u2013 Hubertus Boltenhagen","twitter:description":"\u201cEin Bild muss klingen und von einem inneren Gl\u00fchen durchtr\u00e4nkt sein.\u201d Wassily Kandinsky Farben und Formen bestimmen die abstrakten Kunstwerke des russischen Malers Wassily Kandinsky (1866\u20131944). F\u00fcr die Avantgarde in Europa war das revolution\u00e4r. Kandinsky sah die Kunst als etwas an, das nicht aus der umgebenden Natur sondern aus dem inneren Gef\u00fchl des K\u00fcnstlers zu","twitter:image":"https:\/\/www.hubertus-boltenhagen.de\/app\/uploads\/2022\/04\/Hubertus7-93-scaled.jpg"},"aioseo_meta_data":{"post_id":"118","title":null,"description":null,"keywords":null,"keyphrases":{"focus":{"keyphrase":"","score":0,"analysis":{"keyphraseInTitle":{"score":0,"maxScore":9,"error":1}}},"additional":[]},"primary_term":null,"canonical_url":null,"og_title":null,"og_description":null,"og_object_type":"default","og_image_type":"default","og_image_url":null,"og_image_width":null,"og_image_height":null,"og_image_custom_url":null,"og_image_custom_fields":null,"og_video":"","og_custom_url":null,"og_article_section":null,"og_article_tags":null,"twitter_use_og":false,"twitter_card":"default","twitter_image_type":"default","twitter_image_url":null,"twitter_image_custom_url":null,"twitter_image_custom_fields":null,"twitter_title":null,"twitter_description":null,"schema":{"blockGraphs":[],"customGraphs":[],"default":{"data":{"Article":[],"Course":[],"Dataset":[],"FAQPage":[],"Movie":[],"Person":[],"Product":[],"ProductReview":[],"Car":[],"Recipe":[],"Service":[],"SoftwareApplication":[],"WebPage":[]},"graphName":"ItemPage","isEnabled":true},"graphs":[],"defaultGraph":null,"defaultPostTypeGraph":"Product"},"schema_type":"default","schema_type_options":"{\"article\":{\"articleType\":\"BlogPosting\"},\"course\":{\"name\":\"\",\"description\":\"\",\"provider\":\"\"},\"faq\":{\"pages\":[]},\"product\":{\"reviews\":[]},\"recipe\":{\"ingredients\":[],\"instructions\":[],\"keywords\":[]},\"software\":{\"reviews\":[],\"operatingSystems\":[]},\"webPage\":{\"webPageType\":\"WebPage\"},\"blockGraphs\":[]}","pillar_content":false,"robots_default":true,"robots_noindex":false,"robots_noarchive":false,"robots_nosnippet":false,"robots_nofollow":false,"robots_noimageindex":false,"robots_noodp":false,"robots_notranslate":false,"robots_max_snippet":"-1","robots_max_videopreview":"-1","robots_max_imagepreview":"large","priority":null,"frequency":"default","local_seo":null,"seo_analyzer_scan_date":"2025-10-10 06:10:03","breadcrumb_settings":null,"limit_modified_date":false,"open_ai":"{\"title\":{\"suggestions\":[],\"usage\":0},\"description\":{\"suggestions\":[],\"usage\":0}}","ai":null,"created":"2022-04-21 15:58:38","updated":"2025-10-25 08:20:04"},"aioseo_breadcrumb":"<div class=\"aioseo-breadcrumbs\"><span class=\"aioseo-breadcrumb\">\n\t<a href=\"https:\/\/www.hubertus-boltenhagen.de\/en\" title=\"Home\">Home<\/a>\n<\/span><span class=\"aioseo-breadcrumb-separator\">\u203a<\/span><span class=\"aioseo-breadcrumb\">\n<a href=\"\/suiten\/\" title=\"Suiten\">Suiten<\/a>\n<\/span>\n<span class=\"aioseo-breadcrumb-separator\">\u203a<\/span> \n<span class=\"aioseo-breadcrumb\">\nH7 \u2013 Wassily Kandinsky\n<\/span><\/div>","aioseo_breadcrumb_json":[{"label":"Home","link":"https:\/\/www.hubertus-boltenhagen.de\/en"},{"label":"H7 &#8211; Wassily Kandinsky","link":"https:\/\/www.hubertus-boltenhagen.de\/en\/product\/wassily-kandinsky\/"}],"_links":{"self":[{"href":"https:\/\/www.hubertus-boltenhagen.de\/en\/wp-json\/wp\/v2\/product\/118","targetHints":{"allow":["GET"]}}],"collection":[{"href":"https:\/\/www.hubertus-boltenhagen.de\/en\/wp-json\/wp\/v2\/product"}],"about":[{"href":"https:\/\/www.hubertus-boltenhagen.de\/en\/wp-json\/wp\/v2\/types\/product"}],"author":[{"embeddable":true,"href":"https:\/\/www.hubertus-boltenhagen.de\/en\/wp-json\/wp\/v2\/users\/1"}],"version-history":[{"count":4,"href":"https:\/\/www.hubertus-boltenhagen.de\/en\/wp-json\/wp\/v2\/product\/118\/revisions"}],"predecessor-version":[{"id":5771,"href":"https:\/\/www.hubertus-boltenhagen.de\/en\/wp-json\/wp\/v2\/product\/118\/revisions\/5771"}],"wp:featuredmedia":[{"embeddable":true,"href":"https:\/\/www.hubertus-boltenhagen.de\/en\/wp-json\/wp\/v2\/media\/425"}],"wp:attachment":[{"href":"https:\/\/www.hubertus-boltenhagen.de\/en\/wp-json\/wp\/v2\/media?parent=118"}],"curies":[{"name":"wp","href":"https:\/\/api.w.org\/{rel}","templated":true}]}}