{"id":128,"date":"2022-04-21T15:59:18","date_gmt":"2022-04-21T15:59:18","guid":{"rendered":"https:\/\/hubertus-boltenhagen.simonmista.de\/?post_type=product&#038;p=128"},"modified":"2025-02-16T15:28:19","modified_gmt":"2025-02-16T14:28:19","slug":"claude-monet","status":"publish","type":"product","link":"https:\/\/www.hubertus-boltenhagen.de\/en\/product\/claude-monet\/","title":{"rendered":"H4 - Claude Monet"},"content":{"rendered":"<p><b>\u201cI want to paint like this<span class=\"Apple-converted-space\">\u00a0<\/span><\/b><b>like a bird sings.\u201d <\/b><i>Claude Monet<\/i><\/p>\n<p>The art of Claude Monet (1840-1926) is the epitome of impressionism. Monet loved nature, the sea and especially his self-designed, flowering garden with Japanese bridges and ponds full of water lilies in Giverny. During his long life as a painter, he tirelessly searched for ways to portray the changeability of light and colors in many atmospheric variations and at different times of the day.<\/p>\n<p>You can also live like Monet, in a lush green garden that blooms colorfully depending on the season, in the beach villa Hubertus. In this fine suite with dining area in the charming bay window, you can watch the sun play through the trees from midday to sunset. Find your favorite spot in the secluded park or surrounded by imaginative floral patterns on comfortable, stylish seating in your temporary suite... or just a few steps on the beach.<\/p>\n<p><b>\u201cThe artist\u2019s task is to represent what is between the object and the artist, namely the beauty of the atmosphere.\u201d \u00a0<\/b><i>Claude Monet<\/i><\/p>\n<p><span class=\"Apple-converted-space\">\u00a0<\/span><\/p>","protected":false},"author":1,"featured_media":263,"template":"","class_list":["post-128","product","type-product","status-publish","has-post-thumbnail","hentry"],"acf":[],"aioseo_notices":[],"aioseo_head":"\n\t\t<!-- All in One SEO Pro 4.9.5.2 - aioseo.com -->\n\t<meta name=\"description\" content=\"\u201eIch m\u00f6chte so malen, wie ein Vogel singt.\u201c Claude Monet Die Kunst von Claude Monet (1840-1926) ist der Inbegriff des Impressionismus. Monet liebte die Natur, das Meer und besonders seinen selbst gestalteten, bl\u00fchenden Garten mit japanischen Br\u00fccken und Teichen voller Seerosen in Giverny. W\u00e4hrend seines langen Malerlebens war er unerm\u00fcdlich auf der Suche nach M\u00f6glichkeiten, die\" \/>\n\t<meta name=\"robots\" content=\"max-image-preview:large\" \/>\n\t<meta name=\"author\" content=\"simonmista\"\/>\n\t<link rel=\"canonical\" href=\"https:\/\/www.hubertus-boltenhagen.de\/en\/product\/claude-monet\/\" \/>\n\t<meta name=\"generator\" content=\"All in One SEO Pro (AIOSEO) 4.9.5.2\" \/>\n\t\t<meta property=\"og:locale\" content=\"en_US\" \/>\n\t\t<meta property=\"og:site_name\" content=\"Hubertus Boltenhagen \u2013 die Strandvilla\" \/>\n\t\t<meta property=\"og:type\" content=\"article\" \/>\n\t\t<meta property=\"og:title\" content=\"H4 \u2013 Claude Monet \u2013 Hubertus Boltenhagen\" \/>\n\t\t<meta property=\"og:description\" content=\"\u201eIch m\u00f6chte so malen, wie ein Vogel singt.\u201c Claude Monet Die Kunst von Claude Monet (1840-1926) ist der Inbegriff des Impressionismus. Monet liebte die Natur, das Meer und besonders seinen selbst gestalteten, bl\u00fchenden Garten mit japanischen Br\u00fccken und Teichen voller Seerosen in Giverny. W\u00e4hrend seines langen Malerlebens war er unerm\u00fcdlich auf der Suche nach M\u00f6glichkeiten, die\" \/>\n\t\t<meta property=\"og:url\" content=\"https:\/\/www.hubertus-boltenhagen.de\/en\/product\/claude-monet\/\" \/>\n\t\t<meta property=\"og:image\" content=\"https:\/\/www.hubertus-boltenhagen.de\/app\/uploads\/2022\/04\/Haus_Hubertus_-302-scaled.jpg\" \/>\n\t\t<meta property=\"og:image:secure_url\" content=\"https:\/\/www.hubertus-boltenhagen.de\/app\/uploads\/2022\/04\/Haus_Hubertus_-302-scaled.jpg\" \/>\n\t\t<meta property=\"og:image:width\" content=\"2048\" \/>\n\t\t<meta property=\"og:image:height\" content=\"1366\" \/>\n\t\t<meta property=\"article:published_time\" content=\"2022-04-21T15:59:18+00:00\" \/>\n\t\t<meta property=\"article:modified_time\" content=\"2025-02-16T14:28:19+00:00\" \/>\n\t\t<meta name=\"twitter:card\" content=\"summary_large_image\" \/>\n\t\t<meta name=\"twitter:title\" content=\"H4 \u2013 Claude Monet \u2013 Hubertus Boltenhagen\" \/>\n\t\t<meta name=\"twitter:description\" content=\"\u201eIch m\u00f6chte so malen, wie ein Vogel singt.\u201c Claude Monet Die Kunst von Claude Monet (1840-1926) ist der Inbegriff des Impressionismus. Monet liebte die Natur, das Meer und besonders seinen selbst gestalteten, bl\u00fchenden Garten mit japanischen Br\u00fccken und Teichen voller Seerosen in Giverny. W\u00e4hrend seines langen Malerlebens war er unerm\u00fcdlich auf der Suche nach M\u00f6glichkeiten, die\" \/>\n\t\t<meta name=\"twitter:image\" content=\"https:\/\/www.hubertus-boltenhagen.de\/app\/uploads\/2022\/04\/Haus_Hubertus_-302-scaled.jpg\" \/>\n\t\t<script type=\"application\/ld+json\" class=\"aioseo-schema\">\n\t\t\t{\"@context\":\"https:\\\/\\\/schema.org\",\"@graph\":[{\"@type\":\"BreadcrumbList\",\"@id\":\"https:\\\/\\\/www.hubertus-boltenhagen.de\\\/en\\\/product\\\/claude-monet\\\/#breadcrumblist\",\"itemListElement\":[{\"@type\":\"ListItem\",\"@id\":\"https:\\\/\\\/www.hubertus-boltenhagen.de\\\/en#listItem\",\"position\":1,\"name\":\"Home\",\"item\":\"https:\\\/\\\/www.hubertus-boltenhagen.de\\\/en\",\"nextItem\":{\"@type\":\"ListItem\",\"@id\":\"https:\\\/\\\/www.hubertus-boltenhagen.de\\\/en\\\/product\\\/claude-monet\\\/#listItem\",\"name\":\"H4 &#8211; Claude Monet\"}},{\"@type\":\"ListItem\",\"@id\":\"https:\\\/\\\/www.hubertus-boltenhagen.de\\\/en\\\/product\\\/claude-monet\\\/#listItem\",\"position\":2,\"name\":\"H4 &#8211; Claude Monet\",\"previousItem\":{\"@type\":\"ListItem\",\"@id\":\"https:\\\/\\\/www.hubertus-boltenhagen.de\\\/en#listItem\",\"name\":\"Home\"}}]},{\"@type\":\"ItemPage\",\"@id\":\"https:\\\/\\\/www.hubertus-boltenhagen.de\\\/en\\\/product\\\/claude-monet\\\/#itempage\",\"url\":\"https:\\\/\\\/www.hubertus-boltenhagen.de\\\/en\\\/product\\\/claude-monet\\\/\",\"name\":\"H4 \\u2013 Claude Monet \\u2013 Hubertus Boltenhagen\",\"description\":\"\\u201eIch m\\u00f6chte so malen, wie ein Vogel singt.\\u201c Claude Monet Die Kunst von Claude Monet (1840-1926) ist der Inbegriff des Impressionismus. Monet liebte die Natur, das Meer und besonders seinen selbst gestalteten, bl\\u00fchenden Garten mit japanischen Br\\u00fccken und Teichen voller Seerosen in Giverny. W\\u00e4hrend seines langen Malerlebens war er unerm\\u00fcdlich auf der Suche nach M\\u00f6glichkeiten, die\",\"inLanguage\":\"en-US\",\"isPartOf\":{\"@id\":\"https:\\\/\\\/www.hubertus-boltenhagen.de\\\/en\\\/#website\"},\"breadcrumb\":{\"@id\":\"https:\\\/\\\/www.hubertus-boltenhagen.de\\\/en\\\/product\\\/claude-monet\\\/#breadcrumblist\"},\"author\":{\"@id\":\"https:\\\/\\\/www.hubertus-boltenhagen.de\\\/en\\\/author\\\/simonmista\\\/#author\"},\"creator\":{\"@id\":\"https:\\\/\\\/www.hubertus-boltenhagen.de\\\/en\\\/author\\\/simonmista\\\/#author\"},\"image\":{\"@type\":\"ImageObject\",\"url\":\"https:\\\/\\\/www.hubertus-boltenhagen.de\\\/app\\\/uploads\\\/2022\\\/04\\\/Haus_Hubertus_-302-scaled.jpg\",\"@id\":\"https:\\\/\\\/www.hubertus-boltenhagen.de\\\/en\\\/product\\\/claude-monet\\\/#mainImage\",\"width\":2048,\"height\":1366,\"caption\":\"Gem\\u00fctliches Schlafzimmer mit Wandbild einer Br\\u00fccke \\u00fcber einem Teich, samt Bett und St\\u00fchlen.\"},\"primaryImageOfPage\":{\"@id\":\"https:\\\/\\\/www.hubertus-boltenhagen.de\\\/en\\\/product\\\/claude-monet\\\/#mainImage\"},\"datePublished\":\"2022-04-21T15:59:18+02:00\",\"dateModified\":\"2025-02-16T15:28:19+01:00\"},{\"@type\":\"Organization\",\"@id\":\"https:\\\/\\\/www.hubertus-boltenhagen.de\\\/en\\\/#organization\",\"name\":\"Hubertus Boltenhagen\",\"description\":\"die Strandvilla\",\"url\":\"https:\\\/\\\/www.hubertus-boltenhagen.de\\\/en\\\/\",\"telephone\":\"+49388259300\",\"logo\":{\"@type\":\"ImageObject\",\"url\":\"https:\\\/\\\/www.hubertus-boltenhagen.de\\\/app\\\/themes\\\/subtheme-simonmista\\\/assets\\\/img\\\/logo.svg\",\"@id\":\"https:\\\/\\\/www.hubertus-boltenhagen.de\\\/en\\\/product\\\/claude-monet\\\/#organizationLogo\"},\"image\":{\"@id\":\"https:\\\/\\\/www.hubertus-boltenhagen.de\\\/en\\\/product\\\/claude-monet\\\/#organizationLogo\"}},{\"@type\":\"Person\",\"@id\":\"https:\\\/\\\/www.hubertus-boltenhagen.de\\\/en\\\/author\\\/simonmista\\\/#author\",\"url\":\"https:\\\/\\\/www.hubertus-boltenhagen.de\\\/en\\\/author\\\/simonmista\\\/\",\"name\":\"simonmista\"},{\"@type\":\"WebPage\",\"@id\":\"https:\\\/\\\/www.hubertus-boltenhagen.de\\\/en\\\/product\\\/claude-monet\\\/#webpage\",\"url\":\"https:\\\/\\\/www.hubertus-boltenhagen.de\\\/en\\\/product\\\/claude-monet\\\/\",\"name\":\"H4 \\u2013 Claude Monet \\u2013 Hubertus Boltenhagen\",\"description\":\"\\u201eIch m\\u00f6chte so malen, wie ein Vogel singt.\\u201c Claude Monet Die Kunst von Claude Monet (1840-1926) ist der Inbegriff des Impressionismus. Monet liebte die Natur, das Meer und besonders seinen selbst gestalteten, bl\\u00fchenden Garten mit japanischen Br\\u00fccken und Teichen voller Seerosen in Giverny. W\\u00e4hrend seines langen Malerlebens war er unerm\\u00fcdlich auf der Suche nach M\\u00f6glichkeiten, die\",\"inLanguage\":\"en-US\",\"isPartOf\":{\"@id\":\"https:\\\/\\\/www.hubertus-boltenhagen.de\\\/en\\\/#website\"},\"breadcrumb\":{\"@id\":\"https:\\\/\\\/www.hubertus-boltenhagen.de\\\/en\\\/product\\\/claude-monet\\\/#breadcrumblist\"},\"author\":{\"@id\":\"https:\\\/\\\/www.hubertus-boltenhagen.de\\\/en\\\/author\\\/simonmista\\\/#author\"},\"creator\":{\"@id\":\"https:\\\/\\\/www.hubertus-boltenhagen.de\\\/en\\\/author\\\/simonmista\\\/#author\"},\"image\":{\"@type\":\"ImageObject\",\"url\":\"https:\\\/\\\/www.hubertus-boltenhagen.de\\\/app\\\/uploads\\\/2022\\\/04\\\/Haus_Hubertus_-302-scaled.jpg\",\"@id\":\"https:\\\/\\\/www.hubertus-boltenhagen.de\\\/en\\\/product\\\/claude-monet\\\/#mainImage\",\"width\":2048,\"height\":1366,\"caption\":\"Gem\\u00fctliches Schlafzimmer mit Wandbild einer Br\\u00fccke \\u00fcber einem Teich, samt Bett und St\\u00fchlen.\"},\"primaryImageOfPage\":{\"@id\":\"https:\\\/\\\/www.hubertus-boltenhagen.de\\\/en\\\/product\\\/claude-monet\\\/#mainImage\"},\"datePublished\":\"2022-04-21T15:59:18+02:00\",\"dateModified\":\"2025-02-16T15:28:19+01:00\"},{\"@type\":\"WebSite\",\"@id\":\"https:\\\/\\\/www.hubertus-boltenhagen.de\\\/en\\\/#website\",\"url\":\"https:\\\/\\\/www.hubertus-boltenhagen.de\\\/en\\\/\",\"name\":\"Hubertus Boltenhagen\",\"description\":\"die Strandvilla\",\"inLanguage\":\"en-US\",\"publisher\":{\"@id\":\"https:\\\/\\\/www.hubertus-boltenhagen.de\\\/en\\\/#organization\"}}]}\n\t\t<\/script>\n\t\t<!-- All in One SEO Pro -->\r\n\t\t<title>H4 \u2013 Claude Monet \u2013 Hubertus Boltenhagen<\/title>\n\n","aioseo_head_json":{"title":"H4 - Claude Monet - Hubertus Boltenhagen","description":"\u201cI want to paint like a bird sings.\u201d Claude Monet The art of Claude Monet (1840-1926) is the epitome of impressionism. Monet loved nature, the sea and especially his self-designed, flowering garden with Japanese bridges and ponds full of water lilies in Giverny. During his long life as a painter, he was tireless in his search for possibilities","canonical_url":"https:\/\/www.hubertus-boltenhagen.de\/en\/product\/claude-monet\/","robots":"max-image-preview:large","keywords":"","webmasterTools":{"miscellaneous":""},"schema":{"@context":"https:\/\/schema.org","@graph":[{"@type":"BreadcrumbList","@id":"https:\/\/www.hubertus-boltenhagen.de\/en\/product\/claude-monet\/#breadcrumblist","itemListElement":[{"@type":"ListItem","@id":"https:\/\/www.hubertus-boltenhagen.de\/en#listItem","position":1,"name":"Home","item":"https:\/\/www.hubertus-boltenhagen.de\/en","nextItem":{"@type":"ListItem","@id":"https:\/\/www.hubertus-boltenhagen.de\/en\/product\/claude-monet\/#listItem","name":"H4 &#8211; Claude Monet"}},{"@type":"ListItem","@id":"https:\/\/www.hubertus-boltenhagen.de\/en\/product\/claude-monet\/#listItem","position":2,"name":"H4 &#8211; Claude Monet","previousItem":{"@type":"ListItem","@id":"https:\/\/www.hubertus-boltenhagen.de\/en#listItem","name":"Home"}}]},{"@type":"ItemPage","@id":"https:\/\/www.hubertus-boltenhagen.de\/en\/product\/claude-monet\/#itempage","url":"https:\/\/www.hubertus-boltenhagen.de\/en\/product\/claude-monet\/","name":"H4 \u2013 Claude Monet \u2013 Hubertus Boltenhagen","description":"\u201eIch m\u00f6chte so malen, wie ein Vogel singt.\u201c Claude Monet Die Kunst von Claude Monet (1840-1926) ist der Inbegriff des Impressionismus. Monet liebte die Natur, das Meer und besonders seinen selbst gestalteten, bl\u00fchenden Garten mit japanischen Br\u00fccken und Teichen voller Seerosen in Giverny. W\u00e4hrend seines langen Malerlebens war er unerm\u00fcdlich auf der Suche nach M\u00f6glichkeiten, die","inLanguage":"en-US","isPartOf":{"@id":"https:\/\/www.hubertus-boltenhagen.de\/en\/#website"},"breadcrumb":{"@id":"https:\/\/www.hubertus-boltenhagen.de\/en\/product\/claude-monet\/#breadcrumblist"},"author":{"@id":"https:\/\/www.hubertus-boltenhagen.de\/en\/author\/simonmista\/#author"},"creator":{"@id":"https:\/\/www.hubertus-boltenhagen.de\/en\/author\/simonmista\/#author"},"image":{"@type":"ImageObject","url":"https:\/\/www.hubertus-boltenhagen.de\/app\/uploads\/2022\/04\/Haus_Hubertus_-302-scaled.jpg","@id":"https:\/\/www.hubertus-boltenhagen.de\/en\/product\/claude-monet\/#mainImage","width":2048,"height":1366,"caption":"Gem\u00fctliches Schlafzimmer mit Wandbild einer Br\u00fccke \u00fcber einem Teich, samt Bett und St\u00fchlen."},"primaryImageOfPage":{"@id":"https:\/\/www.hubertus-boltenhagen.de\/en\/product\/claude-monet\/#mainImage"},"datePublished":"2022-04-21T15:59:18+02:00","dateModified":"2025-02-16T15:28:19+01:00"},{"@type":"Organization","@id":"https:\/\/www.hubertus-boltenhagen.de\/en\/#organization","name":"Hubertus Boltenhagen","description":"die Strandvilla","url":"https:\/\/www.hubertus-boltenhagen.de\/en\/","telephone":"+49388259300","logo":{"@type":"ImageObject","url":"https:\/\/www.hubertus-boltenhagen.de\/app\/themes\/subtheme-simonmista\/assets\/img\/logo.svg","@id":"https:\/\/www.hubertus-boltenhagen.de\/en\/product\/claude-monet\/#organizationLogo"},"image":{"@id":"https:\/\/www.hubertus-boltenhagen.de\/en\/product\/claude-monet\/#organizationLogo"}},{"@type":"Person","@id":"https:\/\/www.hubertus-boltenhagen.de\/en\/author\/simonmista\/#author","url":"https:\/\/www.hubertus-boltenhagen.de\/en\/author\/simonmista\/","name":"simonmista"},{"@type":"WebPage","@id":"https:\/\/www.hubertus-boltenhagen.de\/en\/product\/claude-monet\/#webpage","url":"https:\/\/www.hubertus-boltenhagen.de\/en\/product\/claude-monet\/","name":"H4 \u2013 Claude Monet \u2013 Hubertus Boltenhagen","description":"\u201eIch m\u00f6chte so malen, wie ein Vogel singt.\u201c Claude Monet Die Kunst von Claude Monet (1840-1926) ist der Inbegriff des Impressionismus. Monet liebte die Natur, das Meer und besonders seinen selbst gestalteten, bl\u00fchenden Garten mit japanischen Br\u00fccken und Teichen voller Seerosen in Giverny. W\u00e4hrend seines langen Malerlebens war er unerm\u00fcdlich auf der Suche nach M\u00f6glichkeiten, die","inLanguage":"en-US","isPartOf":{"@id":"https:\/\/www.hubertus-boltenhagen.de\/en\/#website"},"breadcrumb":{"@id":"https:\/\/www.hubertus-boltenhagen.de\/en\/product\/claude-monet\/#breadcrumblist"},"author":{"@id":"https:\/\/www.hubertus-boltenhagen.de\/en\/author\/simonmista\/#author"},"creator":{"@id":"https:\/\/www.hubertus-boltenhagen.de\/en\/author\/simonmista\/#author"},"image":{"@type":"ImageObject","url":"https:\/\/www.hubertus-boltenhagen.de\/app\/uploads\/2022\/04\/Haus_Hubertus_-302-scaled.jpg","@id":"https:\/\/www.hubertus-boltenhagen.de\/en\/product\/claude-monet\/#mainImage","width":2048,"height":1366,"caption":"Gem\u00fctliches Schlafzimmer mit Wandbild einer Br\u00fccke \u00fcber einem Teich, samt Bett und St\u00fchlen."},"primaryImageOfPage":{"@id":"https:\/\/www.hubertus-boltenhagen.de\/en\/product\/claude-monet\/#mainImage"},"datePublished":"2022-04-21T15:59:18+02:00","dateModified":"2025-02-16T15:28:19+01:00"},{"@type":"WebSite","@id":"https:\/\/www.hubertus-boltenhagen.de\/en\/#website","url":"https:\/\/www.hubertus-boltenhagen.de\/en\/","name":"Hubertus Boltenhagen","description":"die Strandvilla","inLanguage":"en-US","publisher":{"@id":"https:\/\/www.hubertus-boltenhagen.de\/en\/#organization"}}]},"og:locale":"en_US","og:site_name":"Hubertus Boltenhagen \u2013 die Strandvilla","og:type":"article","og:title":"H4 \u2013 Claude Monet \u2013 Hubertus Boltenhagen","og:description":"\u201eIch m\u00f6chte so malen, wie ein Vogel singt.\u201c Claude Monet Die Kunst von Claude Monet (1840-1926) ist der Inbegriff des Impressionismus. Monet liebte die Natur, das Meer und besonders seinen selbst gestalteten, bl\u00fchenden Garten mit japanischen Br\u00fccken und Teichen voller Seerosen in Giverny. W\u00e4hrend seines langen Malerlebens war er unerm\u00fcdlich auf der Suche nach M\u00f6glichkeiten, die","og:url":"https:\/\/www.hubertus-boltenhagen.de\/en\/product\/claude-monet\/","og:image":"https:\/\/www.hubertus-boltenhagen.de\/app\/uploads\/2022\/04\/Haus_Hubertus_-302-scaled.jpg","og:image:secure_url":"https:\/\/www.hubertus-boltenhagen.de\/app\/uploads\/2022\/04\/Haus_Hubertus_-302-scaled.jpg","og:image:width":2048,"og:image:height":1366,"article:published_time":"2022-04-21T15:59:18+00:00","article:modified_time":"2025-02-16T14:28:19+00:00","twitter:card":"summary_large_image","twitter:title":"H4 \u2013 Claude Monet \u2013 Hubertus Boltenhagen","twitter:description":"\u201eIch m\u00f6chte so malen, wie ein Vogel singt.\u201c Claude Monet Die Kunst von Claude Monet (1840-1926) ist der Inbegriff des Impressionismus. Monet liebte die Natur, das Meer und besonders seinen selbst gestalteten, bl\u00fchenden Garten mit japanischen Br\u00fccken und Teichen voller Seerosen in Giverny. W\u00e4hrend seines langen Malerlebens war er unerm\u00fcdlich auf der Suche nach M\u00f6glichkeiten, die","twitter:image":"https:\/\/www.hubertus-boltenhagen.de\/app\/uploads\/2022\/04\/Haus_Hubertus_-302-scaled.jpg"},"aioseo_meta_data":{"post_id":"128","title":null,"description":null,"keywords":null,"keyphrases":{"focus":{"keyphrase":"","score":0,"analysis":{"keyphraseInTitle":{"score":0,"maxScore":9,"error":1}}},"additional":[]},"primary_term":null,"canonical_url":null,"og_title":null,"og_description":null,"og_object_type":"default","og_image_type":"default","og_image_url":null,"og_image_width":null,"og_image_height":null,"og_image_custom_url":null,"og_image_custom_fields":null,"og_video":"","og_custom_url":null,"og_article_section":null,"og_article_tags":null,"twitter_use_og":false,"twitter_card":"default","twitter_image_type":"default","twitter_image_url":null,"twitter_image_custom_url":null,"twitter_image_custom_fields":null,"twitter_title":null,"twitter_description":null,"schema":{"blockGraphs":[],"customGraphs":[],"default":{"data":{"Article":[],"Course":[],"Dataset":[],"FAQPage":[],"Movie":[],"Person":[],"Product":[],"ProductReview":[],"Car":[],"Recipe":[],"Service":[],"SoftwareApplication":[],"WebPage":[]},"graphName":"ItemPage","isEnabled":true},"graphs":[],"defaultGraph":null,"defaultPostTypeGraph":"Product"},"schema_type":"default","schema_type_options":"{\"article\":{\"articleType\":\"BlogPosting\"},\"course\":{\"name\":\"\",\"description\":\"\",\"provider\":\"\"},\"faq\":{\"pages\":[]},\"product\":{\"reviews\":[],\"brand\":\"Haus Hubertus\",\"identifierType\":\"none\"},\"recipe\":{\"ingredients\":[],\"instructions\":[],\"keywords\":[]},\"software\":{\"reviews\":[],\"operatingSystems\":[]},\"webPage\":{\"webPageType\":\"WebPage\"},\"blockGraphs\":[]}","pillar_content":false,"robots_default":true,"robots_noindex":false,"robots_noarchive":false,"robots_nosnippet":false,"robots_nofollow":false,"robots_noimageindex":false,"robots_noodp":false,"robots_notranslate":false,"robots_max_snippet":"-1","robots_max_videopreview":"-1","robots_max_imagepreview":"large","priority":null,"frequency":"default","local_seo":null,"seo_analyzer_scan_date":"2025-10-10 06:04:25","breadcrumb_settings":null,"limit_modified_date":false,"open_ai":"{\"title\":{\"suggestions\":[],\"usage\":0},\"description\":{\"suggestions\":[],\"usage\":0}}","ai":null,"created":"2022-04-21 15:59:18","updated":"2025-10-25 08:20:04"},"aioseo_breadcrumb":"<div class=\"aioseo-breadcrumbs\"><span class=\"aioseo-breadcrumb\">\n\t<a href=\"https:\/\/www.hubertus-boltenhagen.de\/en\" title=\"Home\">Home<\/a>\n<\/span><span class=\"aioseo-breadcrumb-separator\">\u203a<\/span><span class=\"aioseo-breadcrumb\">\n<a href=\"\/suiten\/\" title=\"Suiten\">Suiten<\/a>\n<\/span>\n<span class=\"aioseo-breadcrumb-separator\">\u203a<\/span> \n<span class=\"aioseo-breadcrumb\">\nH4 \u2013 Claude Monet\n<\/span><\/div>","aioseo_breadcrumb_json":[{"label":"Home","link":"https:\/\/www.hubertus-boltenhagen.de\/en"},{"label":"H4 &#8211; Claude Monet","link":"https:\/\/www.hubertus-boltenhagen.de\/en\/product\/claude-monet\/"}],"_links":{"self":[{"href":"https:\/\/www.hubertus-boltenhagen.de\/en\/wp-json\/wp\/v2\/product\/128","targetHints":{"allow":["GET"]}}],"collection":[{"href":"https:\/\/www.hubertus-boltenhagen.de\/en\/wp-json\/wp\/v2\/product"}],"about":[{"href":"https:\/\/www.hubertus-boltenhagen.de\/en\/wp-json\/wp\/v2\/types\/product"}],"author":[{"embeddable":true,"href":"https:\/\/www.hubertus-boltenhagen.de\/en\/wp-json\/wp\/v2\/users\/1"}],"version-history":[{"count":3,"href":"https:\/\/www.hubertus-boltenhagen.de\/en\/wp-json\/wp\/v2\/product\/128\/revisions"}],"predecessor-version":[{"id":5768,"href":"https:\/\/www.hubertus-boltenhagen.de\/en\/wp-json\/wp\/v2\/product\/128\/revisions\/5768"}],"wp:featuredmedia":[{"embeddable":true,"href":"https:\/\/www.hubertus-boltenhagen.de\/en\/wp-json\/wp\/v2\/media\/263"}],"wp:attachment":[{"href":"https:\/\/www.hubertus-boltenhagen.de\/en\/wp-json\/wp\/v2\/media?parent=128"}],"curies":[{"name":"wp","href":"https:\/\/api.w.org\/{rel}","templated":true}]}}