{"id":207,"date":"2022-04-21T16:10:00","date_gmt":"2022-04-21T16:10:00","guid":{"rendered":"https:\/\/hubertus-boltenhagen.simonmista.de\/?post_type=product&#038;p=207"},"modified":"2025-02-16T15:27:55","modified_gmt":"2025-02-16T14:27:55","slug":"frida-kahlo","status":"publish","type":"product","link":"https:\/\/www.hubertus-boltenhagen.de\/en\/product\/frida-kahlo\/","title":{"rendered":"H2 - Frida Kahlo"},"content":{"rendered":"<blockquote><p><b>\u201cNothing is absolute. Everything changes, everything moves, everything spins, everything flies and goes away.\u201d\u00a0<\/b><i>Frida Kahlo<\/i><\/p><\/blockquote>\n<p>The impressive life of an unconventional fighter whose life force was always stronger than all obstacles - a free thinker, self-determined and unwavering. An artistic genius, a woman who used her extraordinary talent to give her suffering a form, an image. A woman who could live great feelings and passion and who was very fond of hedonism, the moment and enjoyment to the point of excess.<\/p>\n<p>A woman and artist as powerful and inspiring as the sea and the tide represents the spirit in this suite. Sleep and dream in rich colors like in the \u201cCasa Azul\u201d. Have breakfast with Frida&#039;s juicy, plump melons at the hand-painted flower table, then watch the sea from the living room and the large roof terrace and listen to its rhythm of life...<span class=\"Apple-converted-space\">\u00a0<\/span><\/p>\n<p>Viva la vida!<\/p>\n<p><b>\u201cNothing is worth more than laughter.<span class=\"Apple-converted-space\">\u00a0<\/span><\/b><b>It is the power to laugh and<span class=\"Apple-converted-space\">\u00a0<\/span><\/b><b>to surrender to oneself,<span class=\"Apple-converted-space\">\u00a0<\/span><\/b><b>to be light.\u201d<\/b>\u00a0\u00a0<i>Frida Kahlo<\/i><\/p>","protected":false},"author":1,"featured_media":256,"template":"","class_list":["post-207","product","type-product","status-publish","has-post-thumbnail","hentry"],"acf":[],"aioseo_notices":[],"aioseo_head":"\n\t\t<!-- All in One SEO Pro 4.9.5.2 - aioseo.com -->\n\t<meta name=\"description\" content=\"\u201cNichts ist absolut. Alles \u00e4ndert sich, alles bewegt sich, alles dreht sich, alles fliegt und geht weg.\u201d Frida Kahlo Das beeindruckende Leben einer unkonventionellen K\u00e4mpferin, deren Lebenskraft immer st\u00e4rker war als alle Hindernisse \u2013 eine Freidenkerin, selbstbestimmt und unbeirrbar. Ein k\u00fcnstlerisches Genie, eine Frau, welche ihr au\u00dfergew\u00f6hnliches Talent einsetzte, um ihrem Leid eine Form, ein Bild\" \/>\n\t<meta name=\"robots\" content=\"max-image-preview:large\" \/>\n\t<meta name=\"author\" content=\"simonmista\"\/>\n\t<link rel=\"canonical\" href=\"https:\/\/www.hubertus-boltenhagen.de\/en\/product\/frida-kahlo\/\" \/>\n\t<meta name=\"generator\" content=\"All in One SEO Pro (AIOSEO) 4.9.5.2\" \/>\n\t\t<meta property=\"og:locale\" content=\"en_US\" \/>\n\t\t<meta property=\"og:site_name\" content=\"Hubertus Boltenhagen \u2013 die Strandvilla\" \/>\n\t\t<meta property=\"og:type\" content=\"article\" \/>\n\t\t<meta property=\"og:title\" content=\"H2 \u2013 Frida Kahlo \u2013 Hubertus Boltenhagen\" \/>\n\t\t<meta property=\"og:description\" content=\"\u201cNichts ist absolut. Alles \u00e4ndert sich, alles bewegt sich, alles dreht sich, alles fliegt und geht weg.\u201d Frida Kahlo Das beeindruckende Leben einer unkonventionellen K\u00e4mpferin, deren Lebenskraft immer st\u00e4rker war als alle Hindernisse \u2013 eine Freidenkerin, selbstbestimmt und unbeirrbar. Ein k\u00fcnstlerisches Genie, eine Frau, welche ihr au\u00dfergew\u00f6hnliches Talent einsetzte, um ihrem Leid eine Form, ein Bild\" \/>\n\t\t<meta property=\"og:url\" content=\"https:\/\/www.hubertus-boltenhagen.de\/en\/product\/frida-kahlo\/\" \/>\n\t\t<meta property=\"og:image\" content=\"https:\/\/www.hubertus-boltenhagen.de\/app\/uploads\/2022\/04\/Haus_Hubertus_-32-2-scaled.jpg\" \/>\n\t\t<meta property=\"og:image:secure_url\" content=\"https:\/\/www.hubertus-boltenhagen.de\/app\/uploads\/2022\/04\/Haus_Hubertus_-32-2-scaled.jpg\" \/>\n\t\t<meta property=\"og:image:width\" content=\"2048\" \/>\n\t\t<meta property=\"og:image:height\" content=\"1366\" \/>\n\t\t<meta property=\"article:published_time\" content=\"2022-04-21T16:10:00+00:00\" \/>\n\t\t<meta property=\"article:modified_time\" content=\"2025-02-16T14:27:55+00:00\" \/>\n\t\t<meta name=\"twitter:card\" content=\"summary_large_image\" \/>\n\t\t<meta name=\"twitter:title\" content=\"H2 \u2013 Frida Kahlo \u2013 Hubertus Boltenhagen\" \/>\n\t\t<meta name=\"twitter:description\" content=\"\u201cNichts ist absolut. Alles \u00e4ndert sich, alles bewegt sich, alles dreht sich, alles fliegt und geht weg.\u201d Frida Kahlo Das beeindruckende Leben einer unkonventionellen K\u00e4mpferin, deren Lebenskraft immer st\u00e4rker war als alle Hindernisse \u2013 eine Freidenkerin, selbstbestimmt und unbeirrbar. Ein k\u00fcnstlerisches Genie, eine Frau, welche ihr au\u00dfergew\u00f6hnliches Talent einsetzte, um ihrem Leid eine Form, ein Bild\" \/>\n\t\t<meta name=\"twitter:image\" content=\"https:\/\/www.hubertus-boltenhagen.de\/app\/uploads\/2022\/04\/Haus_Hubertus_-32-2-scaled.jpg\" \/>\n\t\t<script type=\"application\/ld+json\" class=\"aioseo-schema\">\n\t\t\t{\"@context\":\"https:\\\/\\\/schema.org\",\"@graph\":[{\"@type\":\"BreadcrumbList\",\"@id\":\"https:\\\/\\\/www.hubertus-boltenhagen.de\\\/en\\\/product\\\/frida-kahlo\\\/#breadcrumblist\",\"itemListElement\":[{\"@type\":\"ListItem\",\"@id\":\"https:\\\/\\\/www.hubertus-boltenhagen.de\\\/en#listItem\",\"position\":1,\"name\":\"Home\",\"item\":\"https:\\\/\\\/www.hubertus-boltenhagen.de\\\/en\",\"nextItem\":{\"@type\":\"ListItem\",\"@id\":\"https:\\\/\\\/www.hubertus-boltenhagen.de\\\/en\\\/product\\\/frida-kahlo\\\/#listItem\",\"name\":\"H2 &#8211; Frida Kahlo\"}},{\"@type\":\"ListItem\",\"@id\":\"https:\\\/\\\/www.hubertus-boltenhagen.de\\\/en\\\/product\\\/frida-kahlo\\\/#listItem\",\"position\":2,\"name\":\"H2 &#8211; Frida Kahlo\",\"previousItem\":{\"@type\":\"ListItem\",\"@id\":\"https:\\\/\\\/www.hubertus-boltenhagen.de\\\/en#listItem\",\"name\":\"Home\"}}]},{\"@type\":\"ItemPage\",\"@id\":\"https:\\\/\\\/www.hubertus-boltenhagen.de\\\/en\\\/product\\\/frida-kahlo\\\/#itempage\",\"url\":\"https:\\\/\\\/www.hubertus-boltenhagen.de\\\/en\\\/product\\\/frida-kahlo\\\/\",\"name\":\"H2 \\u2013 Frida Kahlo \\u2013 Hubertus Boltenhagen\",\"description\":\"\\u201cNichts ist absolut. Alles \\u00e4ndert sich, alles bewegt sich, alles dreht sich, alles fliegt und geht weg.\\u201d Frida Kahlo Das beeindruckende Leben einer unkonventionellen K\\u00e4mpferin, deren Lebenskraft immer st\\u00e4rker war als alle Hindernisse \\u2013 eine Freidenkerin, selbstbestimmt und unbeirrbar. Ein k\\u00fcnstlerisches Genie, eine Frau, welche ihr au\\u00dfergew\\u00f6hnliches Talent einsetzte, um ihrem Leid eine Form, ein Bild\",\"inLanguage\":\"en-US\",\"isPartOf\":{\"@id\":\"https:\\\/\\\/www.hubertus-boltenhagen.de\\\/en\\\/#website\"},\"breadcrumb\":{\"@id\":\"https:\\\/\\\/www.hubertus-boltenhagen.de\\\/en\\\/product\\\/frida-kahlo\\\/#breadcrumblist\"},\"author\":{\"@id\":\"https:\\\/\\\/www.hubertus-boltenhagen.de\\\/en\\\/author\\\/simonmista\\\/#author\"},\"creator\":{\"@id\":\"https:\\\/\\\/www.hubertus-boltenhagen.de\\\/en\\\/author\\\/simonmista\\\/#author\"},\"image\":{\"@type\":\"ImageObject\",\"url\":\"https:\\\/\\\/www.hubertus-boltenhagen.de\\\/app\\\/uploads\\\/2022\\\/04\\\/Haus_Hubertus_-32-2-scaled.jpg\",\"@id\":\"https:\\\/\\\/www.hubertus-boltenhagen.de\\\/en\\\/product\\\/frida-kahlo\\\/#mainImage\",\"width\":2048,\"height\":1366,\"caption\":\"Gem\\u00fctlicher Essbereich mit kunterbuntem Wandbild und gedecktem Tisch.\"},\"primaryImageOfPage\":{\"@id\":\"https:\\\/\\\/www.hubertus-boltenhagen.de\\\/en\\\/product\\\/frida-kahlo\\\/#mainImage\"},\"datePublished\":\"2022-04-21T16:10:00+02:00\",\"dateModified\":\"2025-02-16T15:27:55+01:00\"},{\"@type\":\"Organization\",\"@id\":\"https:\\\/\\\/www.hubertus-boltenhagen.de\\\/en\\\/#organization\",\"name\":\"Hubertus Boltenhagen\",\"description\":\"die Strandvilla\",\"url\":\"https:\\\/\\\/www.hubertus-boltenhagen.de\\\/en\\\/\",\"telephone\":\"+49388259300\",\"logo\":{\"@type\":\"ImageObject\",\"url\":\"https:\\\/\\\/www.hubertus-boltenhagen.de\\\/app\\\/themes\\\/subtheme-simonmista\\\/assets\\\/img\\\/logo.svg\",\"@id\":\"https:\\\/\\\/www.hubertus-boltenhagen.de\\\/en\\\/product\\\/frida-kahlo\\\/#organizationLogo\"},\"image\":{\"@id\":\"https:\\\/\\\/www.hubertus-boltenhagen.de\\\/en\\\/product\\\/frida-kahlo\\\/#organizationLogo\"}},{\"@type\":\"Person\",\"@id\":\"https:\\\/\\\/www.hubertus-boltenhagen.de\\\/en\\\/author\\\/simonmista\\\/#author\",\"url\":\"https:\\\/\\\/www.hubertus-boltenhagen.de\\\/en\\\/author\\\/simonmista\\\/\",\"name\":\"simonmista\"},{\"@type\":\"WebPage\",\"@id\":\"https:\\\/\\\/www.hubertus-boltenhagen.de\\\/en\\\/product\\\/frida-kahlo\\\/#webpage\",\"url\":\"https:\\\/\\\/www.hubertus-boltenhagen.de\\\/en\\\/product\\\/frida-kahlo\\\/\",\"name\":\"H2 \\u2013 Frida Kahlo \\u2013 Hubertus Boltenhagen\",\"description\":\"\\u201cNichts ist absolut. Alles \\u00e4ndert sich, alles bewegt sich, alles dreht sich, alles fliegt und geht weg.\\u201d Frida Kahlo Das beeindruckende Leben einer unkonventionellen K\\u00e4mpferin, deren Lebenskraft immer st\\u00e4rker war als alle Hindernisse \\u2013 eine Freidenkerin, selbstbestimmt und unbeirrbar. Ein k\\u00fcnstlerisches Genie, eine Frau, welche ihr au\\u00dfergew\\u00f6hnliches Talent einsetzte, um ihrem Leid eine Form, ein Bild\",\"inLanguage\":\"en-US\",\"isPartOf\":{\"@id\":\"https:\\\/\\\/www.hubertus-boltenhagen.de\\\/en\\\/#website\"},\"breadcrumb\":{\"@id\":\"https:\\\/\\\/www.hubertus-boltenhagen.de\\\/en\\\/product\\\/frida-kahlo\\\/#breadcrumblist\"},\"author\":{\"@id\":\"https:\\\/\\\/www.hubertus-boltenhagen.de\\\/en\\\/author\\\/simonmista\\\/#author\"},\"creator\":{\"@id\":\"https:\\\/\\\/www.hubertus-boltenhagen.de\\\/en\\\/author\\\/simonmista\\\/#author\"},\"image\":{\"@type\":\"ImageObject\",\"url\":\"https:\\\/\\\/www.hubertus-boltenhagen.de\\\/app\\\/uploads\\\/2022\\\/04\\\/Haus_Hubertus_-32-2-scaled.jpg\",\"@id\":\"https:\\\/\\\/www.hubertus-boltenhagen.de\\\/en\\\/product\\\/frida-kahlo\\\/#mainImage\",\"width\":2048,\"height\":1366,\"caption\":\"Gem\\u00fctlicher Essbereich mit kunterbuntem Wandbild und gedecktem Tisch.\"},\"primaryImageOfPage\":{\"@id\":\"https:\\\/\\\/www.hubertus-boltenhagen.de\\\/en\\\/product\\\/frida-kahlo\\\/#mainImage\"},\"datePublished\":\"2022-04-21T16:10:00+02:00\",\"dateModified\":\"2025-02-16T15:27:55+01:00\"},{\"@type\":\"WebSite\",\"@id\":\"https:\\\/\\\/www.hubertus-boltenhagen.de\\\/en\\\/#website\",\"url\":\"https:\\\/\\\/www.hubertus-boltenhagen.de\\\/en\\\/\",\"name\":\"Hubertus Boltenhagen\",\"description\":\"die Strandvilla\",\"inLanguage\":\"en-US\",\"publisher\":{\"@id\":\"https:\\\/\\\/www.hubertus-boltenhagen.de\\\/en\\\/#organization\"}}]}\n\t\t<\/script>\n\t\t<!-- All in One SEO Pro -->\r\n\t\t<title>H2 \u2013 Frida Kahlo \u2013 Hubertus Boltenhagen<\/title>\n\n","aioseo_head_json":{"title":"H2 - Frida Kahlo - Hubertus Boltenhagen","description":"\u201cNothing is absolute. Everything changes, everything moves, everything spins, everything flies and goes away.\u201d Frida Kahlo The impressive life of an unconventional fighter whose life force was always stronger than all obstacles - a free thinker, self-determined and unwavering. An artistic genius, a woman who used her extraordinary talent to give her suffering a form, an image","canonical_url":"https:\/\/www.hubertus-boltenhagen.de\/en\/product\/frida-kahlo\/","robots":"max-image-preview:large","keywords":"","webmasterTools":{"miscellaneous":""},"schema":{"@context":"https:\/\/schema.org","@graph":[{"@type":"BreadcrumbList","@id":"https:\/\/www.hubertus-boltenhagen.de\/en\/product\/frida-kahlo\/#breadcrumblist","itemListElement":[{"@type":"ListItem","@id":"https:\/\/www.hubertus-boltenhagen.de\/en#listItem","position":1,"name":"Home","item":"https:\/\/www.hubertus-boltenhagen.de\/en","nextItem":{"@type":"ListItem","@id":"https:\/\/www.hubertus-boltenhagen.de\/en\/product\/frida-kahlo\/#listItem","name":"H2 &#8211; Frida Kahlo"}},{"@type":"ListItem","@id":"https:\/\/www.hubertus-boltenhagen.de\/en\/product\/frida-kahlo\/#listItem","position":2,"name":"H2 &#8211; Frida Kahlo","previousItem":{"@type":"ListItem","@id":"https:\/\/www.hubertus-boltenhagen.de\/en#listItem","name":"Home"}}]},{"@type":"ItemPage","@id":"https:\/\/www.hubertus-boltenhagen.de\/en\/product\/frida-kahlo\/#itempage","url":"https:\/\/www.hubertus-boltenhagen.de\/en\/product\/frida-kahlo\/","name":"H2 \u2013 Frida Kahlo \u2013 Hubertus Boltenhagen","description":"\u201cNichts ist absolut. Alles \u00e4ndert sich, alles bewegt sich, alles dreht sich, alles fliegt und geht weg.\u201d Frida Kahlo Das beeindruckende Leben einer unkonventionellen K\u00e4mpferin, deren Lebenskraft immer st\u00e4rker war als alle Hindernisse \u2013 eine Freidenkerin, selbstbestimmt und unbeirrbar. Ein k\u00fcnstlerisches Genie, eine Frau, welche ihr au\u00dfergew\u00f6hnliches Talent einsetzte, um ihrem Leid eine Form, ein Bild","inLanguage":"en-US","isPartOf":{"@id":"https:\/\/www.hubertus-boltenhagen.de\/en\/#website"},"breadcrumb":{"@id":"https:\/\/www.hubertus-boltenhagen.de\/en\/product\/frida-kahlo\/#breadcrumblist"},"author":{"@id":"https:\/\/www.hubertus-boltenhagen.de\/en\/author\/simonmista\/#author"},"creator":{"@id":"https:\/\/www.hubertus-boltenhagen.de\/en\/author\/simonmista\/#author"},"image":{"@type":"ImageObject","url":"https:\/\/www.hubertus-boltenhagen.de\/app\/uploads\/2022\/04\/Haus_Hubertus_-32-2-scaled.jpg","@id":"https:\/\/www.hubertus-boltenhagen.de\/en\/product\/frida-kahlo\/#mainImage","width":2048,"height":1366,"caption":"Gem\u00fctlicher Essbereich mit kunterbuntem Wandbild und gedecktem Tisch."},"primaryImageOfPage":{"@id":"https:\/\/www.hubertus-boltenhagen.de\/en\/product\/frida-kahlo\/#mainImage"},"datePublished":"2022-04-21T16:10:00+02:00","dateModified":"2025-02-16T15:27:55+01:00"},{"@type":"Organization","@id":"https:\/\/www.hubertus-boltenhagen.de\/en\/#organization","name":"Hubertus Boltenhagen","description":"die Strandvilla","url":"https:\/\/www.hubertus-boltenhagen.de\/en\/","telephone":"+49388259300","logo":{"@type":"ImageObject","url":"https:\/\/www.hubertus-boltenhagen.de\/app\/themes\/subtheme-simonmista\/assets\/img\/logo.svg","@id":"https:\/\/www.hubertus-boltenhagen.de\/en\/product\/frida-kahlo\/#organizationLogo"},"image":{"@id":"https:\/\/www.hubertus-boltenhagen.de\/en\/product\/frida-kahlo\/#organizationLogo"}},{"@type":"Person","@id":"https:\/\/www.hubertus-boltenhagen.de\/en\/author\/simonmista\/#author","url":"https:\/\/www.hubertus-boltenhagen.de\/en\/author\/simonmista\/","name":"simonmista"},{"@type":"WebPage","@id":"https:\/\/www.hubertus-boltenhagen.de\/en\/product\/frida-kahlo\/#webpage","url":"https:\/\/www.hubertus-boltenhagen.de\/en\/product\/frida-kahlo\/","name":"H2 \u2013 Frida Kahlo \u2013 Hubertus Boltenhagen","description":"\u201cNichts ist absolut. Alles \u00e4ndert sich, alles bewegt sich, alles dreht sich, alles fliegt und geht weg.\u201d Frida Kahlo Das beeindruckende Leben einer unkonventionellen K\u00e4mpferin, deren Lebenskraft immer st\u00e4rker war als alle Hindernisse \u2013 eine Freidenkerin, selbstbestimmt und unbeirrbar. Ein k\u00fcnstlerisches Genie, eine Frau, welche ihr au\u00dfergew\u00f6hnliches Talent einsetzte, um ihrem Leid eine Form, ein Bild","inLanguage":"en-US","isPartOf":{"@id":"https:\/\/www.hubertus-boltenhagen.de\/en\/#website"},"breadcrumb":{"@id":"https:\/\/www.hubertus-boltenhagen.de\/en\/product\/frida-kahlo\/#breadcrumblist"},"author":{"@id":"https:\/\/www.hubertus-boltenhagen.de\/en\/author\/simonmista\/#author"},"creator":{"@id":"https:\/\/www.hubertus-boltenhagen.de\/en\/author\/simonmista\/#author"},"image":{"@type":"ImageObject","url":"https:\/\/www.hubertus-boltenhagen.de\/app\/uploads\/2022\/04\/Haus_Hubertus_-32-2-scaled.jpg","@id":"https:\/\/www.hubertus-boltenhagen.de\/en\/product\/frida-kahlo\/#mainImage","width":2048,"height":1366,"caption":"Gem\u00fctlicher Essbereich mit kunterbuntem Wandbild und gedecktem Tisch."},"primaryImageOfPage":{"@id":"https:\/\/www.hubertus-boltenhagen.de\/en\/product\/frida-kahlo\/#mainImage"},"datePublished":"2022-04-21T16:10:00+02:00","dateModified":"2025-02-16T15:27:55+01:00"},{"@type":"WebSite","@id":"https:\/\/www.hubertus-boltenhagen.de\/en\/#website","url":"https:\/\/www.hubertus-boltenhagen.de\/en\/","name":"Hubertus Boltenhagen","description":"die Strandvilla","inLanguage":"en-US","publisher":{"@id":"https:\/\/www.hubertus-boltenhagen.de\/en\/#organization"}}]},"og:locale":"en_US","og:site_name":"Hubertus Boltenhagen \u2013 die Strandvilla","og:type":"article","og:title":"H2 \u2013 Frida Kahlo \u2013 Hubertus Boltenhagen","og:description":"\u201cNichts ist absolut. Alles \u00e4ndert sich, alles bewegt sich, alles dreht sich, alles fliegt und geht weg.\u201d Frida Kahlo Das beeindruckende Leben einer unkonventionellen K\u00e4mpferin, deren Lebenskraft immer st\u00e4rker war als alle Hindernisse \u2013 eine Freidenkerin, selbstbestimmt und unbeirrbar. Ein k\u00fcnstlerisches Genie, eine Frau, welche ihr au\u00dfergew\u00f6hnliches Talent einsetzte, um ihrem Leid eine Form, ein Bild","og:url":"https:\/\/www.hubertus-boltenhagen.de\/en\/product\/frida-kahlo\/","og:image":"https:\/\/www.hubertus-boltenhagen.de\/app\/uploads\/2022\/04\/Haus_Hubertus_-32-2-scaled.jpg","og:image:secure_url":"https:\/\/www.hubertus-boltenhagen.de\/app\/uploads\/2022\/04\/Haus_Hubertus_-32-2-scaled.jpg","og:image:width":2048,"og:image:height":1366,"article:published_time":"2022-04-21T16:10:00+00:00","article:modified_time":"2025-02-16T14:27:55+00:00","twitter:card":"summary_large_image","twitter:title":"H2 \u2013 Frida Kahlo \u2013 Hubertus Boltenhagen","twitter:description":"\u201cNichts ist absolut. Alles \u00e4ndert sich, alles bewegt sich, alles dreht sich, alles fliegt und geht weg.\u201d Frida Kahlo Das beeindruckende Leben einer unkonventionellen K\u00e4mpferin, deren Lebenskraft immer st\u00e4rker war als alle Hindernisse \u2013 eine Freidenkerin, selbstbestimmt und unbeirrbar. Ein k\u00fcnstlerisches Genie, eine Frau, welche ihr au\u00dfergew\u00f6hnliches Talent einsetzte, um ihrem Leid eine Form, ein Bild","twitter:image":"https:\/\/www.hubertus-boltenhagen.de\/app\/uploads\/2022\/04\/Haus_Hubertus_-32-2-scaled.jpg"},"aioseo_meta_data":{"post_id":"207","title":null,"description":null,"keywords":null,"keyphrases":{"focus":{"keyphrase":"","score":0,"analysis":{"keyphraseInTitle":{"score":0,"maxScore":9,"error":1}}},"additional":[]},"primary_term":null,"canonical_url":null,"og_title":null,"og_description":null,"og_object_type":"default","og_image_type":"default","og_image_url":null,"og_image_width":null,"og_image_height":null,"og_image_custom_url":null,"og_image_custom_fields":null,"og_video":"","og_custom_url":null,"og_article_section":null,"og_article_tags":null,"twitter_use_og":false,"twitter_card":"default","twitter_image_type":"default","twitter_image_url":null,"twitter_image_custom_url":null,"twitter_image_custom_fields":null,"twitter_title":null,"twitter_description":null,"schema":{"blockGraphs":[],"customGraphs":[],"default":{"data":{"Article":[],"Course":[],"Dataset":[],"FAQPage":[],"Movie":[],"Person":[],"Product":[],"ProductReview":[],"Car":[],"Recipe":[],"Service":[],"SoftwareApplication":[],"WebPage":[]},"graphName":"ItemPage","isEnabled":true},"graphs":[]},"schema_type":"default","schema_type_options":"{\"article\":{\"articleType\":\"BlogPosting\"},\"course\":{\"name\":\"\",\"description\":\"\",\"provider\":\"\"},\"faq\":{\"pages\":[]},\"product\":{\"reviews\":[],\"brand\":\"Haus Hubertus\",\"identifierType\":\"none\"},\"recipe\":{\"ingredients\":[],\"instructions\":[],\"keywords\":[]},\"software\":{\"reviews\":[],\"operatingSystems\":[]},\"webPage\":{\"webPageType\":\"WebPage\"},\"blockGraphs\":[]}","pillar_content":false,"robots_default":true,"robots_noindex":false,"robots_noarchive":false,"robots_nosnippet":false,"robots_nofollow":false,"robots_noimageindex":false,"robots_noodp":false,"robots_notranslate":false,"robots_max_snippet":"-1","robots_max_videopreview":"-1","robots_max_imagepreview":"large","priority":null,"frequency":"default","local_seo":null,"seo_analyzer_scan_date":"2025-10-10 06:04:21","breadcrumb_settings":null,"limit_modified_date":false,"open_ai":"{\"title\":{\"suggestions\":[],\"usage\":0},\"description\":{\"suggestions\":[],\"usage\":0}}","ai":null,"created":"2022-04-21 16:10:00","updated":"2025-10-25 08:20:04"},"aioseo_breadcrumb":"<div class=\"aioseo-breadcrumbs\"><span class=\"aioseo-breadcrumb\">\n\t<a href=\"https:\/\/www.hubertus-boltenhagen.de\/en\" title=\"Home\">Home<\/a>\n<\/span><span class=\"aioseo-breadcrumb-separator\">\u203a<\/span><span class=\"aioseo-breadcrumb\">\n<a href=\"\/suiten\/\" title=\"Suiten\">Suiten<\/a>\n<\/span>\n<span class=\"aioseo-breadcrumb-separator\">\u203a<\/span> \n<span class=\"aioseo-breadcrumb\">\nH2 \u2013 Frida Kahlo\n<\/span><\/div>","aioseo_breadcrumb_json":[{"label":"Home","link":"https:\/\/www.hubertus-boltenhagen.de\/en"},{"label":"H2 &#8211; Frida Kahlo","link":"https:\/\/www.hubertus-boltenhagen.de\/en\/product\/frida-kahlo\/"}],"_links":{"self":[{"href":"https:\/\/www.hubertus-boltenhagen.de\/en\/wp-json\/wp\/v2\/product\/207","targetHints":{"allow":["GET"]}}],"collection":[{"href":"https:\/\/www.hubertus-boltenhagen.de\/en\/wp-json\/wp\/v2\/product"}],"about":[{"href":"https:\/\/www.hubertus-boltenhagen.de\/en\/wp-json\/wp\/v2\/types\/product"}],"author":[{"embeddable":true,"href":"https:\/\/www.hubertus-boltenhagen.de\/en\/wp-json\/wp\/v2\/users\/1"}],"version-history":[{"count":4,"href":"https:\/\/www.hubertus-boltenhagen.de\/en\/wp-json\/wp\/v2\/product\/207\/revisions"}],"predecessor-version":[{"id":5766,"href":"https:\/\/www.hubertus-boltenhagen.de\/en\/wp-json\/wp\/v2\/product\/207\/revisions\/5766"}],"wp:featuredmedia":[{"embeddable":true,"href":"https:\/\/www.hubertus-boltenhagen.de\/en\/wp-json\/wp\/v2\/media\/256"}],"wp:attachment":[{"href":"https:\/\/www.hubertus-boltenhagen.de\/en\/wp-json\/wp\/v2\/media?parent=207"}],"curies":[{"name":"wp","href":"https:\/\/api.w.org\/{rel}","templated":true}]}}