{"id":211,"date":"2022-04-21T16:10:18","date_gmt":"2022-04-21T16:10:18","guid":{"rendered":"https:\/\/hubertus-boltenhagen.simonmista.de\/?post_type=product&#038;p=211"},"modified":"2025-02-16T15:27:45","modified_gmt":"2025-02-16T14:27:45","slug":"marc-chagall","status":"publish","type":"product","link":"https:\/\/www.hubertus-boltenhagen.de\/en\/product\/marc-chagall\/","title":{"rendered":"H1 - Marc Chagall"},"content":{"rendered":"<blockquote><p><b>\u201cPainting seemed to me like a window through which I could fly into another world.\u201d\u00a0<\/b><i style=\"font-size: 1rem;\">Marc Chagall<\/i><\/p><\/blockquote>\n<p>Marc Chagall - the painter-poet - created an abundance of works with his great, story-telling imagination - pictures like dreams. He made dreamy lovers fly over roofs, circus performers whirl around, melancholic angels float... and played with the poetic beauty of colors. He himself describes his painting as a \u201chappy vision of a desirable world\u201d\u2026<span class=\"Apple-converted-space\">\u00a0<\/span><\/p>\n<p>Allow yourself to be removed from the world for a borrowed time in this small, fine, romantic suite on the 1st floor. Dream your own happy vision of the world in the small bay window on the sunset side or on the large roof terrace with a view directly of the wide sea and during the day into the bright blue sky above the tall pine-scented park trees or at night into the sparkling starry sky in deep, velvety night blue... <span class=\"Apple-converted-space\">\u00a0<\/span><\/p>\n<p><b>How attractive, how captivating the sea is<span class=\"Apple-converted-space\">\u00a0<\/span><\/b><b>and beach! How do you get lost in her?<span class=\"Apple-converted-space\">\u00a0<\/span><\/b><b>Simplicity, yes, in its emptiness! \u00a0<\/b><i>Walt Whitman<\/i><\/p>","protected":false},"author":1,"featured_media":260,"template":"","class_list":["post-211","product","type-product","status-publish","has-post-thumbnail","hentry"],"acf":[],"aioseo_notices":[],"aioseo_head":"\n\t\t<!-- All in One SEO Pro 4.9.5.2 - aioseo.com -->\n\t<meta name=\"description\" content=\"\u201cDie Malerei erschien mir wie ein Fenster, durch das ich in eine andere Welt fliege.\u201d Marc Chagall Marc Chagall - der Malerpoet - schuf mit seiner gro\u00dfen, fabulierfreudigen Phantasie eine \u00fcberreiche F\u00fclle von Werken \u2013 Bilder wie Tr\u00e4ume. Er lie\u00df vertr\u00e4umte Liebespaare \u00fcber D\u00e4cher fliegen, Zirkusartisten herumwirbeln, melancholische Engel schweben ... und spielte mit der poetischen\" \/>\n\t<meta name=\"robots\" content=\"max-image-preview:large\" \/>\n\t<meta name=\"author\" content=\"simonmista\"\/>\n\t<link rel=\"canonical\" href=\"https:\/\/www.hubertus-boltenhagen.de\/en\/product\/marc-chagall\/\" \/>\n\t<meta name=\"generator\" content=\"All in One SEO Pro (AIOSEO) 4.9.5.2\" \/>\n\t\t<meta property=\"og:locale\" content=\"en_US\" \/>\n\t\t<meta property=\"og:site_name\" content=\"Hubertus Boltenhagen \u2013 die Strandvilla\" \/>\n\t\t<meta property=\"og:type\" content=\"article\" \/>\n\t\t<meta property=\"og:title\" content=\"H1 \u2013 Marc Chagall \u2013 Hubertus Boltenhagen\" \/>\n\t\t<meta property=\"og:description\" content=\"\u201cDie Malerei erschien mir wie ein Fenster, durch das ich in eine andere Welt fliege.\u201d Marc Chagall Marc Chagall - der Malerpoet - schuf mit seiner gro\u00dfen, fabulierfreudigen Phantasie eine \u00fcberreiche F\u00fclle von Werken \u2013 Bilder wie Tr\u00e4ume. Er lie\u00df vertr\u00e4umte Liebespaare \u00fcber D\u00e4cher fliegen, Zirkusartisten herumwirbeln, melancholische Engel schweben ... und spielte mit der poetischen\" \/>\n\t\t<meta property=\"og:url\" content=\"https:\/\/www.hubertus-boltenhagen.de\/en\/product\/marc-chagall\/\" \/>\n\t\t<meta property=\"og:image\" content=\"https:\/\/www.hubertus-boltenhagen.de\/app\/uploads\/2022\/04\/Haus_Hubertus_-72-scaled.jpg\" \/>\n\t\t<meta property=\"og:image:secure_url\" content=\"https:\/\/www.hubertus-boltenhagen.de\/app\/uploads\/2022\/04\/Haus_Hubertus_-72-scaled.jpg\" \/>\n\t\t<meta property=\"og:image:width\" content=\"2048\" \/>\n\t\t<meta property=\"og:image:height\" content=\"1366\" \/>\n\t\t<meta property=\"article:published_time\" content=\"2022-04-21T16:10:18+00:00\" \/>\n\t\t<meta property=\"article:modified_time\" content=\"2025-02-16T14:27:45+00:00\" \/>\n\t\t<meta name=\"twitter:card\" content=\"summary_large_image\" \/>\n\t\t<meta name=\"twitter:title\" content=\"H1 \u2013 Marc Chagall \u2013 Hubertus Boltenhagen\" \/>\n\t\t<meta name=\"twitter:description\" content=\"\u201cDie Malerei erschien mir wie ein Fenster, durch das ich in eine andere Welt fliege.\u201d Marc Chagall Marc Chagall - der Malerpoet - schuf mit seiner gro\u00dfen, fabulierfreudigen Phantasie eine \u00fcberreiche F\u00fclle von Werken \u2013 Bilder wie Tr\u00e4ume. Er lie\u00df vertr\u00e4umte Liebespaare \u00fcber D\u00e4cher fliegen, Zirkusartisten herumwirbeln, melancholische Engel schweben ... und spielte mit der poetischen\" \/>\n\t\t<meta name=\"twitter:image\" content=\"https:\/\/www.hubertus-boltenhagen.de\/app\/uploads\/2022\/04\/Haus_Hubertus_-72-scaled.jpg\" \/>\n\t\t<script type=\"application\/ld+json\" class=\"aioseo-schema\">\n\t\t\t{\"@context\":\"https:\\\/\\\/schema.org\",\"@graph\":[{\"@type\":\"BreadcrumbList\",\"@id\":\"https:\\\/\\\/www.hubertus-boltenhagen.de\\\/en\\\/product\\\/marc-chagall\\\/#breadcrumblist\",\"itemListElement\":[{\"@type\":\"ListItem\",\"@id\":\"https:\\\/\\\/www.hubertus-boltenhagen.de\\\/en#listItem\",\"position\":1,\"name\":\"Home\",\"item\":\"https:\\\/\\\/www.hubertus-boltenhagen.de\\\/en\",\"nextItem\":{\"@type\":\"ListItem\",\"@id\":\"https:\\\/\\\/www.hubertus-boltenhagen.de\\\/en\\\/product\\\/marc-chagall\\\/#listItem\",\"name\":\"H1 &#8211; Marc Chagall\"}},{\"@type\":\"ListItem\",\"@id\":\"https:\\\/\\\/www.hubertus-boltenhagen.de\\\/en\\\/product\\\/marc-chagall\\\/#listItem\",\"position\":2,\"name\":\"H1 &#8211; Marc Chagall\",\"previousItem\":{\"@type\":\"ListItem\",\"@id\":\"https:\\\/\\\/www.hubertus-boltenhagen.de\\\/en#listItem\",\"name\":\"Home\"}}]},{\"@type\":\"ItemPage\",\"@id\":\"https:\\\/\\\/www.hubertus-boltenhagen.de\\\/en\\\/product\\\/marc-chagall\\\/#itempage\",\"url\":\"https:\\\/\\\/www.hubertus-boltenhagen.de\\\/en\\\/product\\\/marc-chagall\\\/\",\"name\":\"H1 \\u2013 Marc Chagall \\u2013 Hubertus Boltenhagen\",\"description\":\"\\u201cDie Malerei erschien mir wie ein Fenster, durch das ich in eine andere Welt fliege.\\u201d Marc Chagall Marc Chagall - der Malerpoet - schuf mit seiner gro\\u00dfen, fabulierfreudigen Phantasie eine \\u00fcberreiche F\\u00fclle von Werken \\u2013 Bilder wie Tr\\u00e4ume. Er lie\\u00df vertr\\u00e4umte Liebespaare \\u00fcber D\\u00e4cher fliegen, Zirkusartisten herumwirbeln, melancholische Engel schweben ... und spielte mit der poetischen\",\"inLanguage\":\"en-US\",\"isPartOf\":{\"@id\":\"https:\\\/\\\/www.hubertus-boltenhagen.de\\\/en\\\/#website\"},\"breadcrumb\":{\"@id\":\"https:\\\/\\\/www.hubertus-boltenhagen.de\\\/en\\\/product\\\/marc-chagall\\\/#breadcrumblist\"},\"author\":{\"@id\":\"https:\\\/\\\/www.hubertus-boltenhagen.de\\\/en\\\/author\\\/simonmista\\\/#author\"},\"creator\":{\"@id\":\"https:\\\/\\\/www.hubertus-boltenhagen.de\\\/en\\\/author\\\/simonmista\\\/#author\"},\"image\":{\"@type\":\"ImageObject\",\"url\":\"https:\\\/\\\/www.hubertus-boltenhagen.de\\\/app\\\/uploads\\\/2022\\\/04\\\/Haus_Hubertus_-72-scaled.jpg\",\"@id\":\"https:\\\/\\\/www.hubertus-boltenhagen.de\\\/en\\\/product\\\/marc-chagall\\\/#mainImage\",\"width\":2048,\"height\":1366,\"caption\":\"Gem\\u00fctlicher Essbereich mit rundem Tisch, gedeckt f\\u00fcr Fr\\u00fchst\\u00fcck, Wandkunst und warmem Licht.\"},\"primaryImageOfPage\":{\"@id\":\"https:\\\/\\\/www.hubertus-boltenhagen.de\\\/en\\\/product\\\/marc-chagall\\\/#mainImage\"},\"datePublished\":\"2022-04-21T16:10:18+02:00\",\"dateModified\":\"2025-02-16T15:27:45+01:00\"},{\"@type\":\"Organization\",\"@id\":\"https:\\\/\\\/www.hubertus-boltenhagen.de\\\/en\\\/#organization\",\"name\":\"Hubertus Boltenhagen\",\"description\":\"die Strandvilla\",\"url\":\"https:\\\/\\\/www.hubertus-boltenhagen.de\\\/en\\\/\",\"telephone\":\"+49388259300\",\"logo\":{\"@type\":\"ImageObject\",\"url\":\"https:\\\/\\\/www.hubertus-boltenhagen.de\\\/app\\\/themes\\\/subtheme-simonmista\\\/assets\\\/img\\\/logo.svg\",\"@id\":\"https:\\\/\\\/www.hubertus-boltenhagen.de\\\/en\\\/product\\\/marc-chagall\\\/#organizationLogo\"},\"image\":{\"@id\":\"https:\\\/\\\/www.hubertus-boltenhagen.de\\\/en\\\/product\\\/marc-chagall\\\/#organizationLogo\"}},{\"@type\":\"Person\",\"@id\":\"https:\\\/\\\/www.hubertus-boltenhagen.de\\\/en\\\/author\\\/simonmista\\\/#author\",\"url\":\"https:\\\/\\\/www.hubertus-boltenhagen.de\\\/en\\\/author\\\/simonmista\\\/\",\"name\":\"simonmista\"},{\"@type\":\"WebPage\",\"@id\":\"https:\\\/\\\/www.hubertus-boltenhagen.de\\\/en\\\/product\\\/marc-chagall\\\/#webpage\",\"url\":\"https:\\\/\\\/www.hubertus-boltenhagen.de\\\/en\\\/product\\\/marc-chagall\\\/\",\"name\":\"H1 \\u2013 Marc Chagall \\u2013 Hubertus Boltenhagen\",\"description\":\"\\u201cDie Malerei erschien mir wie ein Fenster, durch das ich in eine andere Welt fliege.\\u201d Marc Chagall Marc Chagall - der Malerpoet - schuf mit seiner gro\\u00dfen, fabulierfreudigen Phantasie eine \\u00fcberreiche F\\u00fclle von Werken \\u2013 Bilder wie Tr\\u00e4ume. Er lie\\u00df vertr\\u00e4umte Liebespaare \\u00fcber D\\u00e4cher fliegen, Zirkusartisten herumwirbeln, melancholische Engel schweben ... und spielte mit der poetischen\",\"inLanguage\":\"en-US\",\"isPartOf\":{\"@id\":\"https:\\\/\\\/www.hubertus-boltenhagen.de\\\/en\\\/#website\"},\"breadcrumb\":{\"@id\":\"https:\\\/\\\/www.hubertus-boltenhagen.de\\\/en\\\/product\\\/marc-chagall\\\/#breadcrumblist\"},\"author\":{\"@id\":\"https:\\\/\\\/www.hubertus-boltenhagen.de\\\/en\\\/author\\\/simonmista\\\/#author\"},\"creator\":{\"@id\":\"https:\\\/\\\/www.hubertus-boltenhagen.de\\\/en\\\/author\\\/simonmista\\\/#author\"},\"image\":{\"@type\":\"ImageObject\",\"url\":\"https:\\\/\\\/www.hubertus-boltenhagen.de\\\/app\\\/uploads\\\/2022\\\/04\\\/Haus_Hubertus_-72-scaled.jpg\",\"@id\":\"https:\\\/\\\/www.hubertus-boltenhagen.de\\\/en\\\/product\\\/marc-chagall\\\/#mainImage\",\"width\":2048,\"height\":1366,\"caption\":\"Gem\\u00fctlicher Essbereich mit rundem Tisch, gedeckt f\\u00fcr Fr\\u00fchst\\u00fcck, Wandkunst und warmem Licht.\"},\"primaryImageOfPage\":{\"@id\":\"https:\\\/\\\/www.hubertus-boltenhagen.de\\\/en\\\/product\\\/marc-chagall\\\/#mainImage\"},\"datePublished\":\"2022-04-21T16:10:18+02:00\",\"dateModified\":\"2025-02-16T15:27:45+01:00\"},{\"@type\":\"WebSite\",\"@id\":\"https:\\\/\\\/www.hubertus-boltenhagen.de\\\/en\\\/#website\",\"url\":\"https:\\\/\\\/www.hubertus-boltenhagen.de\\\/en\\\/\",\"name\":\"Hubertus Boltenhagen\",\"description\":\"die Strandvilla\",\"inLanguage\":\"en-US\",\"publisher\":{\"@id\":\"https:\\\/\\\/www.hubertus-boltenhagen.de\\\/en\\\/#organization\"}}]}\n\t\t<\/script>\n\t\t<!-- All in One SEO Pro -->\r\n\t\t<title>H1 \u2013 Marc Chagall \u2013 Hubertus Boltenhagen<\/title>\n\n","aioseo_head_json":{"title":"H1 - Marc Chagall - Hubertus Boltenhagen","description":"\u201cPainting seemed to me like a window through which I could fly into another world.\u201d Marc Chagall Marc Chagall - the painter-poet - created an abundance of works with his great, story-telling imagination - pictures like dreams. He made dreamy lovers fly over roofs, circus performers whirl around, melancholic angels float... and played with the poetic","canonical_url":"https:\/\/www.hubertus-boltenhagen.de\/en\/product\/marc-chagall\/","robots":"max-image-preview:large","keywords":"","webmasterTools":{"miscellaneous":""},"schema":{"@context":"https:\/\/schema.org","@graph":[{"@type":"BreadcrumbList","@id":"https:\/\/www.hubertus-boltenhagen.de\/en\/product\/marc-chagall\/#breadcrumblist","itemListElement":[{"@type":"ListItem","@id":"https:\/\/www.hubertus-boltenhagen.de\/en#listItem","position":1,"name":"Home","item":"https:\/\/www.hubertus-boltenhagen.de\/en","nextItem":{"@type":"ListItem","@id":"https:\/\/www.hubertus-boltenhagen.de\/en\/product\/marc-chagall\/#listItem","name":"H1 &#8211; Marc Chagall"}},{"@type":"ListItem","@id":"https:\/\/www.hubertus-boltenhagen.de\/en\/product\/marc-chagall\/#listItem","position":2,"name":"H1 &#8211; Marc Chagall","previousItem":{"@type":"ListItem","@id":"https:\/\/www.hubertus-boltenhagen.de\/en#listItem","name":"Home"}}]},{"@type":"ItemPage","@id":"https:\/\/www.hubertus-boltenhagen.de\/en\/product\/marc-chagall\/#itempage","url":"https:\/\/www.hubertus-boltenhagen.de\/en\/product\/marc-chagall\/","name":"H1 \u2013 Marc Chagall \u2013 Hubertus Boltenhagen","description":"\u201cDie Malerei erschien mir wie ein Fenster, durch das ich in eine andere Welt fliege.\u201d Marc Chagall Marc Chagall - der Malerpoet - schuf mit seiner gro\u00dfen, fabulierfreudigen Phantasie eine \u00fcberreiche F\u00fclle von Werken \u2013 Bilder wie Tr\u00e4ume. Er lie\u00df vertr\u00e4umte Liebespaare \u00fcber D\u00e4cher fliegen, Zirkusartisten herumwirbeln, melancholische Engel schweben ... und spielte mit der poetischen","inLanguage":"en-US","isPartOf":{"@id":"https:\/\/www.hubertus-boltenhagen.de\/en\/#website"},"breadcrumb":{"@id":"https:\/\/www.hubertus-boltenhagen.de\/en\/product\/marc-chagall\/#breadcrumblist"},"author":{"@id":"https:\/\/www.hubertus-boltenhagen.de\/en\/author\/simonmista\/#author"},"creator":{"@id":"https:\/\/www.hubertus-boltenhagen.de\/en\/author\/simonmista\/#author"},"image":{"@type":"ImageObject","url":"https:\/\/www.hubertus-boltenhagen.de\/app\/uploads\/2022\/04\/Haus_Hubertus_-72-scaled.jpg","@id":"https:\/\/www.hubertus-boltenhagen.de\/en\/product\/marc-chagall\/#mainImage","width":2048,"height":1366,"caption":"Gem\u00fctlicher Essbereich mit rundem Tisch, gedeckt f\u00fcr Fr\u00fchst\u00fcck, Wandkunst und warmem Licht."},"primaryImageOfPage":{"@id":"https:\/\/www.hubertus-boltenhagen.de\/en\/product\/marc-chagall\/#mainImage"},"datePublished":"2022-04-21T16:10:18+02:00","dateModified":"2025-02-16T15:27:45+01:00"},{"@type":"Organization","@id":"https:\/\/www.hubertus-boltenhagen.de\/en\/#organization","name":"Hubertus Boltenhagen","description":"die Strandvilla","url":"https:\/\/www.hubertus-boltenhagen.de\/en\/","telephone":"+49388259300","logo":{"@type":"ImageObject","url":"https:\/\/www.hubertus-boltenhagen.de\/app\/themes\/subtheme-simonmista\/assets\/img\/logo.svg","@id":"https:\/\/www.hubertus-boltenhagen.de\/en\/product\/marc-chagall\/#organizationLogo"},"image":{"@id":"https:\/\/www.hubertus-boltenhagen.de\/en\/product\/marc-chagall\/#organizationLogo"}},{"@type":"Person","@id":"https:\/\/www.hubertus-boltenhagen.de\/en\/author\/simonmista\/#author","url":"https:\/\/www.hubertus-boltenhagen.de\/en\/author\/simonmista\/","name":"simonmista"},{"@type":"WebPage","@id":"https:\/\/www.hubertus-boltenhagen.de\/en\/product\/marc-chagall\/#webpage","url":"https:\/\/www.hubertus-boltenhagen.de\/en\/product\/marc-chagall\/","name":"H1 \u2013 Marc Chagall \u2013 Hubertus Boltenhagen","description":"\u201cDie Malerei erschien mir wie ein Fenster, durch das ich in eine andere Welt fliege.\u201d Marc Chagall Marc Chagall - der Malerpoet - schuf mit seiner gro\u00dfen, fabulierfreudigen Phantasie eine \u00fcberreiche F\u00fclle von Werken \u2013 Bilder wie Tr\u00e4ume. Er lie\u00df vertr\u00e4umte Liebespaare \u00fcber D\u00e4cher fliegen, Zirkusartisten herumwirbeln, melancholische Engel schweben ... und spielte mit der poetischen","inLanguage":"en-US","isPartOf":{"@id":"https:\/\/www.hubertus-boltenhagen.de\/en\/#website"},"breadcrumb":{"@id":"https:\/\/www.hubertus-boltenhagen.de\/en\/product\/marc-chagall\/#breadcrumblist"},"author":{"@id":"https:\/\/www.hubertus-boltenhagen.de\/en\/author\/simonmista\/#author"},"creator":{"@id":"https:\/\/www.hubertus-boltenhagen.de\/en\/author\/simonmista\/#author"},"image":{"@type":"ImageObject","url":"https:\/\/www.hubertus-boltenhagen.de\/app\/uploads\/2022\/04\/Haus_Hubertus_-72-scaled.jpg","@id":"https:\/\/www.hubertus-boltenhagen.de\/en\/product\/marc-chagall\/#mainImage","width":2048,"height":1366,"caption":"Gem\u00fctlicher Essbereich mit rundem Tisch, gedeckt f\u00fcr Fr\u00fchst\u00fcck, Wandkunst und warmem Licht."},"primaryImageOfPage":{"@id":"https:\/\/www.hubertus-boltenhagen.de\/en\/product\/marc-chagall\/#mainImage"},"datePublished":"2022-04-21T16:10:18+02:00","dateModified":"2025-02-16T15:27:45+01:00"},{"@type":"WebSite","@id":"https:\/\/www.hubertus-boltenhagen.de\/en\/#website","url":"https:\/\/www.hubertus-boltenhagen.de\/en\/","name":"Hubertus Boltenhagen","description":"die Strandvilla","inLanguage":"en-US","publisher":{"@id":"https:\/\/www.hubertus-boltenhagen.de\/en\/#organization"}}]},"og:locale":"en_US","og:site_name":"Hubertus Boltenhagen \u2013 die Strandvilla","og:type":"article","og:title":"H1 \u2013 Marc Chagall \u2013 Hubertus Boltenhagen","og:description":"\u201cDie Malerei erschien mir wie ein Fenster, durch das ich in eine andere Welt fliege.\u201d Marc Chagall Marc Chagall - der Malerpoet - schuf mit seiner gro\u00dfen, fabulierfreudigen Phantasie eine \u00fcberreiche F\u00fclle von Werken \u2013 Bilder wie Tr\u00e4ume. Er lie\u00df vertr\u00e4umte Liebespaare \u00fcber D\u00e4cher fliegen, Zirkusartisten herumwirbeln, melancholische Engel schweben ... und spielte mit der poetischen","og:url":"https:\/\/www.hubertus-boltenhagen.de\/en\/product\/marc-chagall\/","og:image":"https:\/\/www.hubertus-boltenhagen.de\/app\/uploads\/2022\/04\/Haus_Hubertus_-72-scaled.jpg","og:image:secure_url":"https:\/\/www.hubertus-boltenhagen.de\/app\/uploads\/2022\/04\/Haus_Hubertus_-72-scaled.jpg","og:image:width":2048,"og:image:height":1366,"article:published_time":"2022-04-21T16:10:18+00:00","article:modified_time":"2025-02-16T14:27:45+00:00","twitter:card":"summary_large_image","twitter:title":"H1 \u2013 Marc Chagall \u2013 Hubertus Boltenhagen","twitter:description":"\u201cDie Malerei erschien mir wie ein Fenster, durch das ich in eine andere Welt fliege.\u201d Marc Chagall Marc Chagall - der Malerpoet - schuf mit seiner gro\u00dfen, fabulierfreudigen Phantasie eine \u00fcberreiche F\u00fclle von Werken \u2013 Bilder wie Tr\u00e4ume. Er lie\u00df vertr\u00e4umte Liebespaare \u00fcber D\u00e4cher fliegen, Zirkusartisten herumwirbeln, melancholische Engel schweben ... und spielte mit der poetischen","twitter:image":"https:\/\/www.hubertus-boltenhagen.de\/app\/uploads\/2022\/04\/Haus_Hubertus_-72-scaled.jpg"},"aioseo_meta_data":{"post_id":"211","title":null,"description":null,"keywords":null,"keyphrases":{"focus":{"keyphrase":"","score":0,"analysis":{"keyphraseInTitle":{"score":0,"maxScore":9,"error":1}}},"additional":[]},"primary_term":null,"canonical_url":null,"og_title":null,"og_description":null,"og_object_type":"default","og_image_type":"default","og_image_url":null,"og_image_width":null,"og_image_height":null,"og_image_custom_url":null,"og_image_custom_fields":null,"og_video":"","og_custom_url":null,"og_article_section":null,"og_article_tags":null,"twitter_use_og":false,"twitter_card":"default","twitter_image_type":"default","twitter_image_url":null,"twitter_image_custom_url":null,"twitter_image_custom_fields":null,"twitter_title":null,"twitter_description":null,"schema":{"blockGraphs":[],"customGraphs":[],"default":{"data":{"Article":[],"Course":[],"Dataset":[],"FAQPage":[],"Movie":[],"Person":[],"Product":[],"ProductReview":[],"Car":[],"Recipe":[],"Service":[],"SoftwareApplication":[],"WebPage":[]},"graphName":"ItemPage","isEnabled":true},"graphs":[]},"schema_type":"default","schema_type_options":"{\"article\":{\"articleType\":\"BlogPosting\"},\"course\":{\"name\":\"\",\"description\":\"\",\"provider\":\"\"},\"faq\":{\"pages\":[]},\"product\":{\"reviews\":[],\"identifierType\":\"none\",\"brand\":\"Haus Hubertus\"},\"recipe\":{\"ingredients\":[],\"instructions\":[],\"keywords\":[]},\"software\":{\"reviews\":[],\"operatingSystems\":[]},\"webPage\":{\"webPageType\":\"WebPage\"},\"blockGraphs\":[]}","pillar_content":false,"robots_default":true,"robots_noindex":false,"robots_noarchive":false,"robots_nosnippet":false,"robots_nofollow":false,"robots_noimageindex":false,"robots_noodp":false,"robots_notranslate":false,"robots_max_snippet":"-1","robots_max_videopreview":"-1","robots_max_imagepreview":"large","priority":null,"frequency":"default","local_seo":null,"seo_analyzer_scan_date":"2025-10-10 06:10:08","breadcrumb_settings":null,"limit_modified_date":false,"open_ai":"{\"title\":{\"suggestions\":[],\"usage\":0},\"description\":{\"suggestions\":[],\"usage\":0}}","ai":null,"created":"2022-04-21 16:10:18","updated":"2025-10-25 08:20:04"},"aioseo_breadcrumb":"<div class=\"aioseo-breadcrumbs\"><span class=\"aioseo-breadcrumb\">\n\t<a href=\"https:\/\/www.hubertus-boltenhagen.de\/en\" title=\"Home\">Home<\/a>\n<\/span><span class=\"aioseo-breadcrumb-separator\">\u203a<\/span><span class=\"aioseo-breadcrumb\">\n<a href=\"\/suiten\/\" title=\"Suiten\">Suiten<\/a>\n<\/span>\n<span class=\"aioseo-breadcrumb-separator\">\u203a<\/span> \n<span class=\"aioseo-breadcrumb\">\nH1 \u2013 Marc Chagall\n<\/span><\/div>","aioseo_breadcrumb_json":[{"label":"Home","link":"https:\/\/www.hubertus-boltenhagen.de\/en"},{"label":"H1 &#8211; Marc Chagall","link":"https:\/\/www.hubertus-boltenhagen.de\/en\/product\/marc-chagall\/"}],"_links":{"self":[{"href":"https:\/\/www.hubertus-boltenhagen.de\/en\/wp-json\/wp\/v2\/product\/211","targetHints":{"allow":["GET"]}}],"collection":[{"href":"https:\/\/www.hubertus-boltenhagen.de\/en\/wp-json\/wp\/v2\/product"}],"about":[{"href":"https:\/\/www.hubertus-boltenhagen.de\/en\/wp-json\/wp\/v2\/types\/product"}],"author":[{"embeddable":true,"href":"https:\/\/www.hubertus-boltenhagen.de\/en\/wp-json\/wp\/v2\/users\/1"}],"version-history":[{"count":3,"href":"https:\/\/www.hubertus-boltenhagen.de\/en\/wp-json\/wp\/v2\/product\/211\/revisions"}],"predecessor-version":[{"id":5765,"href":"https:\/\/www.hubertus-boltenhagen.de\/en\/wp-json\/wp\/v2\/product\/211\/revisions\/5765"}],"wp:featuredmedia":[{"embeddable":true,"href":"https:\/\/www.hubertus-boltenhagen.de\/en\/wp-json\/wp\/v2\/media\/260"}],"wp:attachment":[{"href":"https:\/\/www.hubertus-boltenhagen.de\/en\/wp-json\/wp\/v2\/media?parent=211"}],"curies":[{"name":"wp","href":"https:\/\/api.w.org\/{rel}","templated":true}]}}