{"id":41,"date":"2022-04-20T13:43:40","date_gmt":"2022-04-20T13:43:40","guid":{"rendered":"https:\/\/hubertus-boltenhagen.simonmista.de\/?post_type=product&#038;p=41"},"modified":"2025-02-16T15:28:55","modified_gmt":"2025-02-16T14:28:55","slug":"henri-de-toulouse-lautrec","status":"publish","type":"product","link":"https:\/\/www.hubertus-boltenhagen.de\/en\/product\/henri-de-toulouse-lautrec\/","title":{"rendered":"H8 - Henri de Toulouse Lautrec"},"content":{"rendered":"<p><b>\u201cHe who despises the pleasures of life has not recognized the meaning of life.\u201d \u00a0<\/b><i>Henry de Toulouse-Lautrec<\/i><\/p>\n<p>Count Henri Marie Raymond de Toulouse-Lautrec-Monfa (1864-1901) came from one of the oldest noble families in France and went down in art history as a pioneer and revolutionary of poster art and master of printmaking, but also as an outsider in society due to his short stature. He was so fascinated by the nighttime goings-on in the bars, cabarets, brothels of Montmartre and the circus that these places became his source of inspiration. His works reflected his dirty, daring life with realistic, unvarnished depictions of reality; He thus represented the bohemians and personalities of the French Belle \u00c9poque.<span class=\"Apple-converted-space\">\u00a0<\/span><\/p>\n<p>In this spacious suite you can live like an artist in a historic aristocratic residence, surrounded by tastefully combined antique and modern furniture, a library and a well-tuned grand piano. You can enjoy a fantastic view through historic arched windows of lush green and bright play of colors when the rhododendrons are in bloom. Through the double doors of the wide window front you can access the lake side directly into the secluded park<span class=\"Apple-converted-space\">\u00a0 <\/span>2000 m2 garden area and private beach access\u2026 and just a few steps further to the sea. A special suite for lovers of music, literature, art and culture! Welcome to the salon by the sea!<\/p>\n<p><b>\u201cHuman hearts are very similar<span class=\"Apple-converted-space\">\u00a0<\/span><\/b><b>like the sea. It has its storms, it has its tides and its depths<span class=\"Apple-converted-space\">\u00a0<\/span><\/b><b>it also has its pearls.\u201d \u00a0<\/b><i>Vincent van Gogh<\/i><\/p>","protected":false},"author":1,"featured_media":2707,"template":"","class_list":["post-41","product","type-product","status-publish","has-post-thumbnail","hentry"],"acf":[],"aioseo_notices":[],"aioseo_head":"\n\t\t<!-- All in One SEO Pro 4.9.5.2 - aioseo.com -->\n\t<meta name=\"description\" content=\"\u201cWer des Lebens Gen\u00fcsse verschm\u00e4ht, hat des Lebens Deutung nicht erkannt.\u201c Henry de Toulouse-Lautrec Graf Henri Marie Raymond de Toulouse-Lautrec-Monfa (1864-1901) entstammte einem der \u00e4ltesten Adelsgeschlechter Frankreichs und ging als Pionier und Revolution\u00e4r der Plakatkunst und Meister der Druckgrafik, aber auch aufgrund seiner Kleinw\u00fcchsigkeit als Au\u00dfenseiter der Gesellschaft, in die Kunstgeschichte ein. Vom n\u00e4chtlichen Treiben\" \/>\n\t<meta name=\"robots\" content=\"max-image-preview:large\" \/>\n\t<meta name=\"author\" content=\"simonmista\"\/>\n\t<link rel=\"canonical\" href=\"https:\/\/www.hubertus-boltenhagen.de\/en\/product\/henri-de-toulouse-lautrec\/\" \/>\n\t<meta name=\"generator\" content=\"All in One SEO Pro (AIOSEO) 4.9.5.2\" \/>\n\t\t<meta property=\"og:locale\" content=\"en_US\" \/>\n\t\t<meta property=\"og:site_name\" content=\"Hubertus Boltenhagen \u2013 die Strandvilla\" \/>\n\t\t<meta property=\"og:type\" content=\"article\" \/>\n\t\t<meta property=\"og:title\" content=\"H8 \u2013 Henri de Toulouse Lautrec \u2013 Hubertus Boltenhagen\" \/>\n\t\t<meta property=\"og:description\" content=\"\u201cWer des Lebens Gen\u00fcsse verschm\u00e4ht, hat des Lebens Deutung nicht erkannt.\u201c Henry de Toulouse-Lautrec Graf Henri Marie Raymond de Toulouse-Lautrec-Monfa (1864-1901) entstammte einem der \u00e4ltesten Adelsgeschlechter Frankreichs und ging als Pionier und Revolution\u00e4r der Plakatkunst und Meister der Druckgrafik, aber auch aufgrund seiner Kleinw\u00fcchsigkeit als Au\u00dfenseiter der Gesellschaft, in die Kunstgeschichte ein. Vom n\u00e4chtlichen Treiben\" \/>\n\t\t<meta property=\"og:url\" content=\"https:\/\/www.hubertus-boltenhagen.de\/en\/product\/henri-de-toulouse-lautrec\/\" \/>\n\t\t<meta property=\"og:image\" content=\"https:\/\/www.hubertus-boltenhagen.de\/app\/uploads\/2022\/04\/173A6498-HDR-1-scaled.jpg\" \/>\n\t\t<meta property=\"og:image:secure_url\" content=\"https:\/\/www.hubertus-boltenhagen.de\/app\/uploads\/2022\/04\/173A6498-HDR-1-scaled.jpg\" \/>\n\t\t<meta property=\"og:image:width\" content=\"2048\" \/>\n\t\t<meta property=\"og:image:height\" content=\"1365\" \/>\n\t\t<meta property=\"article:published_time\" content=\"2022-04-20T13:43:40+00:00\" \/>\n\t\t<meta property=\"article:modified_time\" content=\"2025-02-16T14:28:55+00:00\" \/>\n\t\t<meta name=\"twitter:card\" content=\"summary_large_image\" \/>\n\t\t<meta name=\"twitter:title\" content=\"H8 \u2013 Henri de Toulouse Lautrec \u2013 Hubertus Boltenhagen\" \/>\n\t\t<meta name=\"twitter:description\" content=\"\u201cWer des Lebens Gen\u00fcsse verschm\u00e4ht, hat des Lebens Deutung nicht erkannt.\u201c Henry de Toulouse-Lautrec Graf Henri Marie Raymond de Toulouse-Lautrec-Monfa (1864-1901) entstammte einem der \u00e4ltesten Adelsgeschlechter Frankreichs und ging als Pionier und Revolution\u00e4r der Plakatkunst und Meister der Druckgrafik, aber auch aufgrund seiner Kleinw\u00fcchsigkeit als Au\u00dfenseiter der Gesellschaft, in die Kunstgeschichte ein. Vom n\u00e4chtlichen Treiben\" \/>\n\t\t<meta name=\"twitter:image\" content=\"https:\/\/www.hubertus-boltenhagen.de\/app\/uploads\/2022\/04\/173A6498-HDR-1-scaled.jpg\" \/>\n\t\t<script type=\"application\/ld+json\" class=\"aioseo-schema\">\n\t\t\t{\"@context\":\"https:\\\/\\\/schema.org\",\"@graph\":[{\"@type\":\"BreadcrumbList\",\"@id\":\"https:\\\/\\\/www.hubertus-boltenhagen.de\\\/en\\\/product\\\/henri-de-toulouse-lautrec\\\/#breadcrumblist\",\"itemListElement\":[{\"@type\":\"ListItem\",\"@id\":\"https:\\\/\\\/www.hubertus-boltenhagen.de\\\/en#listItem\",\"position\":1,\"name\":\"Home\",\"item\":\"https:\\\/\\\/www.hubertus-boltenhagen.de\\\/en\",\"nextItem\":{\"@type\":\"ListItem\",\"@id\":\"https:\\\/\\\/www.hubertus-boltenhagen.de\\\/en\\\/product\\\/henri-de-toulouse-lautrec\\\/#listItem\",\"name\":\"H8 &#8211; Henri de Toulouse Lautrec\"}},{\"@type\":\"ListItem\",\"@id\":\"https:\\\/\\\/www.hubertus-boltenhagen.de\\\/en\\\/product\\\/henri-de-toulouse-lautrec\\\/#listItem\",\"position\":2,\"name\":\"H8 &#8211; Henri de Toulouse Lautrec\",\"previousItem\":{\"@type\":\"ListItem\",\"@id\":\"https:\\\/\\\/www.hubertus-boltenhagen.de\\\/en#listItem\",\"name\":\"Home\"}}]},{\"@type\":\"ItemPage\",\"@id\":\"https:\\\/\\\/www.hubertus-boltenhagen.de\\\/en\\\/product\\\/henri-de-toulouse-lautrec\\\/#itempage\",\"url\":\"https:\\\/\\\/www.hubertus-boltenhagen.de\\\/en\\\/product\\\/henri-de-toulouse-lautrec\\\/\",\"name\":\"H8 \\u2013 Henri de Toulouse Lautrec \\u2013 Hubertus Boltenhagen\",\"description\":\"\\u201cWer des Lebens Gen\\u00fcsse verschm\\u00e4ht, hat des Lebens Deutung nicht erkannt.\\u201c Henry de Toulouse-Lautrec Graf Henri Marie Raymond de Toulouse-Lautrec-Monfa (1864-1901) entstammte einem der \\u00e4ltesten Adelsgeschlechter Frankreichs und ging als Pionier und Revolution\\u00e4r der Plakatkunst und Meister der Druckgrafik, aber auch aufgrund seiner Kleinw\\u00fcchsigkeit als Au\\u00dfenseiter der Gesellschaft, in die Kunstgeschichte ein. Vom n\\u00e4chtlichen Treiben\",\"inLanguage\":\"en-US\",\"isPartOf\":{\"@id\":\"https:\\\/\\\/www.hubertus-boltenhagen.de\\\/en\\\/#website\"},\"breadcrumb\":{\"@id\":\"https:\\\/\\\/www.hubertus-boltenhagen.de\\\/en\\\/product\\\/henri-de-toulouse-lautrec\\\/#breadcrumblist\"},\"author\":{\"@id\":\"https:\\\/\\\/www.hubertus-boltenhagen.de\\\/en\\\/author\\\/simonmista\\\/#author\"},\"creator\":{\"@id\":\"https:\\\/\\\/www.hubertus-boltenhagen.de\\\/en\\\/author\\\/simonmista\\\/#author\"},\"image\":{\"@type\":\"ImageObject\",\"url\":\"https:\\\/\\\/www.hubertus-boltenhagen.de\\\/app\\\/uploads\\\/2022\\\/04\\\/173A6498-HDR-1-scaled.jpg\",\"@id\":\"https:\\\/\\\/www.hubertus-boltenhagen.de\\\/en\\\/product\\\/henri-de-toulouse-lautrec\\\/#mainImage\",\"width\":2048,\"height\":1365,\"caption\":\"Gem\\u00fctliches Wohnzimmer mit Fl\\u00fcgel, B\\u00fccherregal und Teppichen.\"},\"primaryImageOfPage\":{\"@id\":\"https:\\\/\\\/www.hubertus-boltenhagen.de\\\/en\\\/product\\\/henri-de-toulouse-lautrec\\\/#mainImage\"},\"datePublished\":\"2022-04-20T13:43:40+02:00\",\"dateModified\":\"2025-02-16T15:28:55+01:00\"},{\"@type\":\"Organization\",\"@id\":\"https:\\\/\\\/www.hubertus-boltenhagen.de\\\/en\\\/#organization\",\"name\":\"Hubertus Boltenhagen\",\"description\":\"die Strandvilla\",\"url\":\"https:\\\/\\\/www.hubertus-boltenhagen.de\\\/en\\\/\",\"telephone\":\"+49388259300\",\"logo\":{\"@type\":\"ImageObject\",\"url\":\"https:\\\/\\\/www.hubertus-boltenhagen.de\\\/app\\\/themes\\\/subtheme-simonmista\\\/assets\\\/img\\\/logo.svg\",\"@id\":\"https:\\\/\\\/www.hubertus-boltenhagen.de\\\/en\\\/product\\\/henri-de-toulouse-lautrec\\\/#organizationLogo\"},\"image\":{\"@id\":\"https:\\\/\\\/www.hubertus-boltenhagen.de\\\/en\\\/product\\\/henri-de-toulouse-lautrec\\\/#organizationLogo\"}},{\"@type\":\"Person\",\"@id\":\"https:\\\/\\\/www.hubertus-boltenhagen.de\\\/en\\\/author\\\/simonmista\\\/#author\",\"url\":\"https:\\\/\\\/www.hubertus-boltenhagen.de\\\/en\\\/author\\\/simonmista\\\/\",\"name\":\"simonmista\"},{\"@type\":\"WebPage\",\"@id\":\"https:\\\/\\\/www.hubertus-boltenhagen.de\\\/en\\\/product\\\/henri-de-toulouse-lautrec\\\/#webpage\",\"url\":\"https:\\\/\\\/www.hubertus-boltenhagen.de\\\/en\\\/product\\\/henri-de-toulouse-lautrec\\\/\",\"name\":\"H8 \\u2013 Henri de Toulouse Lautrec \\u2013 Hubertus Boltenhagen\",\"description\":\"\\u201cWer des Lebens Gen\\u00fcsse verschm\\u00e4ht, hat des Lebens Deutung nicht erkannt.\\u201c Henry de Toulouse-Lautrec Graf Henri Marie Raymond de Toulouse-Lautrec-Monfa (1864-1901) entstammte einem der \\u00e4ltesten Adelsgeschlechter Frankreichs und ging als Pionier und Revolution\\u00e4r der Plakatkunst und Meister der Druckgrafik, aber auch aufgrund seiner Kleinw\\u00fcchsigkeit als Au\\u00dfenseiter der Gesellschaft, in die Kunstgeschichte ein. Vom n\\u00e4chtlichen Treiben\",\"inLanguage\":\"en-US\",\"isPartOf\":{\"@id\":\"https:\\\/\\\/www.hubertus-boltenhagen.de\\\/en\\\/#website\"},\"breadcrumb\":{\"@id\":\"https:\\\/\\\/www.hubertus-boltenhagen.de\\\/en\\\/product\\\/henri-de-toulouse-lautrec\\\/#breadcrumblist\"},\"author\":{\"@id\":\"https:\\\/\\\/www.hubertus-boltenhagen.de\\\/en\\\/author\\\/simonmista\\\/#author\"},\"creator\":{\"@id\":\"https:\\\/\\\/www.hubertus-boltenhagen.de\\\/en\\\/author\\\/simonmista\\\/#author\"},\"image\":{\"@type\":\"ImageObject\",\"url\":\"https:\\\/\\\/www.hubertus-boltenhagen.de\\\/app\\\/uploads\\\/2022\\\/04\\\/173A6498-HDR-1-scaled.jpg\",\"@id\":\"https:\\\/\\\/www.hubertus-boltenhagen.de\\\/en\\\/product\\\/henri-de-toulouse-lautrec\\\/#mainImage\",\"width\":2048,\"height\":1365,\"caption\":\"Gem\\u00fctliches Wohnzimmer mit Fl\\u00fcgel, B\\u00fccherregal und Teppichen.\"},\"primaryImageOfPage\":{\"@id\":\"https:\\\/\\\/www.hubertus-boltenhagen.de\\\/en\\\/product\\\/henri-de-toulouse-lautrec\\\/#mainImage\"},\"datePublished\":\"2022-04-20T13:43:40+02:00\",\"dateModified\":\"2025-02-16T15:28:55+01:00\"},{\"@type\":\"WebSite\",\"@id\":\"https:\\\/\\\/www.hubertus-boltenhagen.de\\\/en\\\/#website\",\"url\":\"https:\\\/\\\/www.hubertus-boltenhagen.de\\\/en\\\/\",\"name\":\"Hubertus Boltenhagen\",\"description\":\"die Strandvilla\",\"inLanguage\":\"en-US\",\"publisher\":{\"@id\":\"https:\\\/\\\/www.hubertus-boltenhagen.de\\\/en\\\/#organization\"}}]}\n\t\t<\/script>\n\t\t<!-- All in One SEO Pro -->\r\n\t\t<title>H8 \u2013 Henri de Toulouse Lautrec \u2013 Hubertus Boltenhagen<\/title>\n\n","aioseo_head_json":{"title":"H8 - Henri de Toulouse Lautrec - Hubertus Boltenhagen","description":"\u201cHe who despises the pleasures of life has not recognized the interpretation of life.\u201d Henry de Toulouse-Lautrec Count Henri Marie Raymond de Toulouse-Lautrec-Monfa (1864-1901) came from one of the oldest noble families in France and was a pioneer and revolutionary of poster art Master of printmaking, but also as an outsider in society because of his short stature, he entered art history. From the hustle and bustle of the night","canonical_url":"https:\/\/www.hubertus-boltenhagen.de\/en\/product\/henri-de-toulouse-lautrec\/","robots":"max-image-preview:large","keywords":"","webmasterTools":{"miscellaneous":""},"schema":{"@context":"https:\/\/schema.org","@graph":[{"@type":"BreadcrumbList","@id":"https:\/\/www.hubertus-boltenhagen.de\/en\/product\/henri-de-toulouse-lautrec\/#breadcrumblist","itemListElement":[{"@type":"ListItem","@id":"https:\/\/www.hubertus-boltenhagen.de\/en#listItem","position":1,"name":"Home","item":"https:\/\/www.hubertus-boltenhagen.de\/en","nextItem":{"@type":"ListItem","@id":"https:\/\/www.hubertus-boltenhagen.de\/en\/product\/henri-de-toulouse-lautrec\/#listItem","name":"H8 &#8211; Henri de Toulouse Lautrec"}},{"@type":"ListItem","@id":"https:\/\/www.hubertus-boltenhagen.de\/en\/product\/henri-de-toulouse-lautrec\/#listItem","position":2,"name":"H8 &#8211; Henri de Toulouse Lautrec","previousItem":{"@type":"ListItem","@id":"https:\/\/www.hubertus-boltenhagen.de\/en#listItem","name":"Home"}}]},{"@type":"ItemPage","@id":"https:\/\/www.hubertus-boltenhagen.de\/en\/product\/henri-de-toulouse-lautrec\/#itempage","url":"https:\/\/www.hubertus-boltenhagen.de\/en\/product\/henri-de-toulouse-lautrec\/","name":"H8 \u2013 Henri de Toulouse Lautrec \u2013 Hubertus Boltenhagen","description":"\u201cWer des Lebens Gen\u00fcsse verschm\u00e4ht, hat des Lebens Deutung nicht erkannt.\u201c Henry de Toulouse-Lautrec Graf Henri Marie Raymond de Toulouse-Lautrec-Monfa (1864-1901) entstammte einem der \u00e4ltesten Adelsgeschlechter Frankreichs und ging als Pionier und Revolution\u00e4r der Plakatkunst und Meister der Druckgrafik, aber auch aufgrund seiner Kleinw\u00fcchsigkeit als Au\u00dfenseiter der Gesellschaft, in die Kunstgeschichte ein. Vom n\u00e4chtlichen Treiben","inLanguage":"en-US","isPartOf":{"@id":"https:\/\/www.hubertus-boltenhagen.de\/en\/#website"},"breadcrumb":{"@id":"https:\/\/www.hubertus-boltenhagen.de\/en\/product\/henri-de-toulouse-lautrec\/#breadcrumblist"},"author":{"@id":"https:\/\/www.hubertus-boltenhagen.de\/en\/author\/simonmista\/#author"},"creator":{"@id":"https:\/\/www.hubertus-boltenhagen.de\/en\/author\/simonmista\/#author"},"image":{"@type":"ImageObject","url":"https:\/\/www.hubertus-boltenhagen.de\/app\/uploads\/2022\/04\/173A6498-HDR-1-scaled.jpg","@id":"https:\/\/www.hubertus-boltenhagen.de\/en\/product\/henri-de-toulouse-lautrec\/#mainImage","width":2048,"height":1365,"caption":"Gem\u00fctliches Wohnzimmer mit Fl\u00fcgel, B\u00fccherregal und Teppichen."},"primaryImageOfPage":{"@id":"https:\/\/www.hubertus-boltenhagen.de\/en\/product\/henri-de-toulouse-lautrec\/#mainImage"},"datePublished":"2022-04-20T13:43:40+02:00","dateModified":"2025-02-16T15:28:55+01:00"},{"@type":"Organization","@id":"https:\/\/www.hubertus-boltenhagen.de\/en\/#organization","name":"Hubertus Boltenhagen","description":"die Strandvilla","url":"https:\/\/www.hubertus-boltenhagen.de\/en\/","telephone":"+49388259300","logo":{"@type":"ImageObject","url":"https:\/\/www.hubertus-boltenhagen.de\/app\/themes\/subtheme-simonmista\/assets\/img\/logo.svg","@id":"https:\/\/www.hubertus-boltenhagen.de\/en\/product\/henri-de-toulouse-lautrec\/#organizationLogo"},"image":{"@id":"https:\/\/www.hubertus-boltenhagen.de\/en\/product\/henri-de-toulouse-lautrec\/#organizationLogo"}},{"@type":"Person","@id":"https:\/\/www.hubertus-boltenhagen.de\/en\/author\/simonmista\/#author","url":"https:\/\/www.hubertus-boltenhagen.de\/en\/author\/simonmista\/","name":"simonmista"},{"@type":"WebPage","@id":"https:\/\/www.hubertus-boltenhagen.de\/en\/product\/henri-de-toulouse-lautrec\/#webpage","url":"https:\/\/www.hubertus-boltenhagen.de\/en\/product\/henri-de-toulouse-lautrec\/","name":"H8 \u2013 Henri de Toulouse Lautrec \u2013 Hubertus Boltenhagen","description":"\u201cWer des Lebens Gen\u00fcsse verschm\u00e4ht, hat des Lebens Deutung nicht erkannt.\u201c Henry de Toulouse-Lautrec Graf Henri Marie Raymond de Toulouse-Lautrec-Monfa (1864-1901) entstammte einem der \u00e4ltesten Adelsgeschlechter Frankreichs und ging als Pionier und Revolution\u00e4r der Plakatkunst und Meister der Druckgrafik, aber auch aufgrund seiner Kleinw\u00fcchsigkeit als Au\u00dfenseiter der Gesellschaft, in die Kunstgeschichte ein. Vom n\u00e4chtlichen Treiben","inLanguage":"en-US","isPartOf":{"@id":"https:\/\/www.hubertus-boltenhagen.de\/en\/#website"},"breadcrumb":{"@id":"https:\/\/www.hubertus-boltenhagen.de\/en\/product\/henri-de-toulouse-lautrec\/#breadcrumblist"},"author":{"@id":"https:\/\/www.hubertus-boltenhagen.de\/en\/author\/simonmista\/#author"},"creator":{"@id":"https:\/\/www.hubertus-boltenhagen.de\/en\/author\/simonmista\/#author"},"image":{"@type":"ImageObject","url":"https:\/\/www.hubertus-boltenhagen.de\/app\/uploads\/2022\/04\/173A6498-HDR-1-scaled.jpg","@id":"https:\/\/www.hubertus-boltenhagen.de\/en\/product\/henri-de-toulouse-lautrec\/#mainImage","width":2048,"height":1365,"caption":"Gem\u00fctliches Wohnzimmer mit Fl\u00fcgel, B\u00fccherregal und Teppichen."},"primaryImageOfPage":{"@id":"https:\/\/www.hubertus-boltenhagen.de\/en\/product\/henri-de-toulouse-lautrec\/#mainImage"},"datePublished":"2022-04-20T13:43:40+02:00","dateModified":"2025-02-16T15:28:55+01:00"},{"@type":"WebSite","@id":"https:\/\/www.hubertus-boltenhagen.de\/en\/#website","url":"https:\/\/www.hubertus-boltenhagen.de\/en\/","name":"Hubertus Boltenhagen","description":"die Strandvilla","inLanguage":"en-US","publisher":{"@id":"https:\/\/www.hubertus-boltenhagen.de\/en\/#organization"}}]},"og:locale":"en_US","og:site_name":"Hubertus Boltenhagen \u2013 die Strandvilla","og:type":"article","og:title":"H8 \u2013 Henri de Toulouse Lautrec \u2013 Hubertus Boltenhagen","og:description":"\u201cWer des Lebens Gen\u00fcsse verschm\u00e4ht, hat des Lebens Deutung nicht erkannt.\u201c Henry de Toulouse-Lautrec Graf Henri Marie Raymond de Toulouse-Lautrec-Monfa (1864-1901) entstammte einem der \u00e4ltesten Adelsgeschlechter Frankreichs und ging als Pionier und Revolution\u00e4r der Plakatkunst und Meister der Druckgrafik, aber auch aufgrund seiner Kleinw\u00fcchsigkeit als Au\u00dfenseiter der Gesellschaft, in die Kunstgeschichte ein. Vom n\u00e4chtlichen Treiben","og:url":"https:\/\/www.hubertus-boltenhagen.de\/en\/product\/henri-de-toulouse-lautrec\/","og:image":"https:\/\/www.hubertus-boltenhagen.de\/app\/uploads\/2022\/04\/173A6498-HDR-1-scaled.jpg","og:image:secure_url":"https:\/\/www.hubertus-boltenhagen.de\/app\/uploads\/2022\/04\/173A6498-HDR-1-scaled.jpg","og:image:width":2048,"og:image:height":1365,"article:published_time":"2022-04-20T13:43:40+00:00","article:modified_time":"2025-02-16T14:28:55+00:00","twitter:card":"summary_large_image","twitter:title":"H8 \u2013 Henri de Toulouse Lautrec \u2013 Hubertus Boltenhagen","twitter:description":"\u201cWer des Lebens Gen\u00fcsse verschm\u00e4ht, hat des Lebens Deutung nicht erkannt.\u201c Henry de Toulouse-Lautrec Graf Henri Marie Raymond de Toulouse-Lautrec-Monfa (1864-1901) entstammte einem der \u00e4ltesten Adelsgeschlechter Frankreichs und ging als Pionier und Revolution\u00e4r der Plakatkunst und Meister der Druckgrafik, aber auch aufgrund seiner Kleinw\u00fcchsigkeit als Au\u00dfenseiter der Gesellschaft, in die Kunstgeschichte ein. Vom n\u00e4chtlichen Treiben","twitter:image":"https:\/\/www.hubertus-boltenhagen.de\/app\/uploads\/2022\/04\/173A6498-HDR-1-scaled.jpg"},"aioseo_meta_data":{"post_id":"41","title":null,"description":null,"keywords":null,"keyphrases":{"focus":{"keyphrase":"","score":0,"analysis":{"keyphraseInTitle":{"score":0,"maxScore":9,"error":1}}},"additional":[]},"primary_term":null,"canonical_url":null,"og_title":null,"og_description":null,"og_object_type":"default","og_image_type":"default","og_image_url":null,"og_image_width":null,"og_image_height":null,"og_image_custom_url":null,"og_image_custom_fields":null,"og_video":"","og_custom_url":null,"og_article_section":null,"og_article_tags":null,"twitter_use_og":false,"twitter_card":"default","twitter_image_type":"default","twitter_image_url":null,"twitter_image_custom_url":null,"twitter_image_custom_fields":null,"twitter_title":null,"twitter_description":null,"schema":{"blockGraphs":[],"customGraphs":[],"default":{"data":{"Article":[],"Course":[],"Dataset":[],"FAQPage":[],"Movie":[],"Person":[],"Product":[],"ProductReview":[],"Car":[],"Recipe":[],"Service":[],"SoftwareApplication":[],"WebPage":[]},"graphName":"ItemPage","isEnabled":true},"graphs":[],"defaultGraph":null,"defaultPostTypeGraph":"Product"},"schema_type":"default","schema_type_options":"{\"article\":{\"articleType\":\"BlogPosting\"},\"course\":{\"name\":\"\",\"description\":\"\",\"provider\":\"\"},\"faq\":{\"pages\":[]},\"product\":{\"reviews\":[],\"brand\":\"Haus Hubertus\",\"identifierType\":\"none\"},\"recipe\":{\"ingredients\":[],\"instructions\":[],\"keywords\":[]},\"software\":{\"reviews\":[],\"operatingSystems\":[]},\"webPage\":{\"webPageType\":\"WebPage\"},\"blockGraphs\":[]}","pillar_content":false,"robots_default":true,"robots_noindex":false,"robots_noarchive":false,"robots_nosnippet":false,"robots_nofollow":false,"robots_noimageindex":false,"robots_noodp":false,"robots_notranslate":false,"robots_max_snippet":"-1","robots_max_videopreview":"-1","robots_max_imagepreview":"large","priority":null,"frequency":"default","local_seo":null,"seo_analyzer_scan_date":"2025-10-10 06:10:06","breadcrumb_settings":null,"limit_modified_date":false,"open_ai":"{\"title\":{\"suggestions\":[],\"usage\":0},\"description\":{\"suggestions\":[],\"usage\":0}}","ai":null,"created":"2022-04-20 13:43:40","updated":"2025-10-25 08:20:04"},"aioseo_breadcrumb":"<div class=\"aioseo-breadcrumbs\"><span class=\"aioseo-breadcrumb\">\n\t<a href=\"https:\/\/www.hubertus-boltenhagen.de\/en\" title=\"Home\">Home<\/a>\n<\/span><span class=\"aioseo-breadcrumb-separator\">\u203a<\/span><span class=\"aioseo-breadcrumb\">\n<a href=\"\/suiten\/\" title=\"Suiten\">Suiten<\/a>\n<\/span>\n<span class=\"aioseo-breadcrumb-separator\">\u203a<\/span> \n<span class=\"aioseo-breadcrumb\">\nH8 \u2013 Henri de Toulouse Lautrec\n<\/span><\/div>","aioseo_breadcrumb_json":[{"label":"Home","link":"https:\/\/www.hubertus-boltenhagen.de\/en"},{"label":"H8 &#8211; Henri de Toulouse Lautrec","link":"https:\/\/www.hubertus-boltenhagen.de\/en\/product\/henri-de-toulouse-lautrec\/"}],"_links":{"self":[{"href":"https:\/\/www.hubertus-boltenhagen.de\/en\/wp-json\/wp\/v2\/product\/41","targetHints":{"allow":["GET"]}}],"collection":[{"href":"https:\/\/www.hubertus-boltenhagen.de\/en\/wp-json\/wp\/v2\/product"}],"about":[{"href":"https:\/\/www.hubertus-boltenhagen.de\/en\/wp-json\/wp\/v2\/types\/product"}],"author":[{"embeddable":true,"href":"https:\/\/www.hubertus-boltenhagen.de\/en\/wp-json\/wp\/v2\/users\/1"}],"version-history":[{"count":3,"href":"https:\/\/www.hubertus-boltenhagen.de\/en\/wp-json\/wp\/v2\/product\/41\/revisions"}],"predecessor-version":[{"id":5772,"href":"https:\/\/www.hubertus-boltenhagen.de\/en\/wp-json\/wp\/v2\/product\/41\/revisions\/5772"}],"wp:featuredmedia":[{"embeddable":true,"href":"https:\/\/www.hubertus-boltenhagen.de\/en\/wp-json\/wp\/v2\/media\/2707"}],"wp:attachment":[{"href":"https:\/\/www.hubertus-boltenhagen.de\/en\/wp-json\/wp\/v2\/media?parent=41"}],"curies":[{"name":"wp","href":"https:\/\/api.w.org\/{rel}","templated":true}]}}